{"id":8079,"date":"2022-08-07T11:04:41","date_gmt":"2022-08-07T09:04:41","guid":{"rendered":"https:\/\/www.blogseite.com\/geschenke\/?post_type=product&#038;p=8079"},"modified":"2022-08-07T11:07:28","modified_gmt":"2022-08-07T09:07:28","slug":"body-earth-lavendel-geschenkbox-kaufen-%e2%ad%90%ef%b8%8f%f0%9f%98%8d","status":"publish","type":"product","link":"https:\/\/www.blogseite.com\/geschenke\/s\/body-earth-lavendel-geschenkbox-kaufen-%e2%ad%90%ef%b8%8f%f0%9f%98%8d\/","title":{"rendered":"BODY &#038; EARTH Lavendel Geschenkbox kaufen \u2b50\ufe0f\ud83d\ude0d"},"content":{"rendered":"<ul class=\"a-unordered-list a-vertical a-spacing-mini\">\n<li><span class=\"a-list-item\">\ud83d\udec0 \u3010Mit wichtigen N\u00e4hrstoffen\u3011enth\u00e4lt die perfekte Kombination aus wichtigen N\u00e4hrstoffen, die der Haut Feuchtigkeit spendet. Sie pflegen auch die Haut streichelzart.So kommen Ihr Geist, Ihre Seele und Ihr K\u00f6rper wieder ins Gleichgewicht und Sie k\u00f6nnen sich f\u00fcr kurze Zeit eine Auszeit aus dem stressigen Alltag g\u00f6nnen.<\/span><\/li>\n<li><span class=\"a-list-item\">\ud83d\udec0 \u3010\u00c4therische \u00d6l\u3011Angereichert mit \u00e4therischen Lavendel\u00f6l, die K\u00f6rper und Geist auf nat\u00fcrliche Weise beruhigen. Das Set liefert einen dezenten Duft, der ein frisches und reines Gef\u00fchl hinterl\u00e4sst.Die der Haut Feuchtigkeit spendet. Sie pflegen auch die Haut streichelzart. Mit einem Duft, der an frisch Lavendel erinnert, der gleichzeitig Feuchtigkeit spendet und r\u00fcckfettet. Dieses Luxus-Set ist das perfekte Geschenk f\u00fcr Frauen.<\/span><\/li>\n<li><span class=\"a-list-item\">\ud83d\udec0 \u3010Praktischer Lieferumfang\u3011Die dekorative Schachtel mit einem lila Band, ideales Geschenkset f\u00fcr Ihren Liebsten. Spa Geschenk-Set \u2013 Das Bad Set beinhaltet185ml bubble bath,185ml shower gel,55ml hand cream,55ml body lotion,60ml face cream. Praktische anwendungen f\u00fcr verschiedene Badeanl\u00e4sse.<\/span><\/li>\n<li><span class=\"a-list-item\">\ud83d\udec0 \u3010K\u00f6rperpflege Damen\u3011Hilft bei Muskelkater, lockert; Egal, ob Sie sich selbst oder jemand anderen mit einem Geschenk verw\u00f6hnen m\u00f6chten, unsere Kollektion luxuri\u00f6ser Produkte f\u00fcr K\u00f6rper und Geist sowie f\u00fcr das Zuhause machen die Auswahl des perfekten Geschenks zum Kinderspiel. Dieses Luxus Lavendel Set ist das perfekte Geschenk f\u00fcr alle.<\/span><\/li>\n<li><span class=\"a-list-item\">\ud83d\udec0 \u3010PERFEKTES GESCHENK\u3011 Ein beliebter Urlaub, Geburtstag, Jubil\u00e4um, Weihnachten, Dankesch\u00f6n f\u00fcr sich selbst oder Ihren Liebsten zu jeder Jahreszeit! Ein Geschenk f\u00fcr alle<\/span><\/li>\n<\/ul>\n","protected":false},"excerpt":{"rendered":"<p>\ud83d\udec0 \u3010Mit wichtigen N\u00e4hrstoffen\u3011enth\u00e4lt die perfekte Kombination aus wichtigen N\u00e4hrstoffen, die der Haut Feuchtigkeit spendet. Sie pflegen auch die Haut streichelzart.So kommen Ihr Geist, Ihre Seele und Ihr K\u00f6rper wieder ins Gleichgewicht und Sie k\u00f6nnen sich f\u00fcr kurze Zeit eine Auszeit aus dem stressigen Alltag g\u00f6nnen. \ud83d\udec0 \u3010\u00c4therische \u00d6l\u3011Angereichert mit \u00e4therischen Lavendel\u00f6l, die K\u00f6rper und [&hellip;]<\/p>\n","protected":false},"featured_media":8080,"comment_status":"open","ping_status":"closed","template":"","meta":[],"product_cat":[746,103,74,110,54,116,63,45,108,73,1118,280,426,431,293,292,300,302,70,297,299,295,294,64],"product_tag":[507,875,1612],"class_list":{"0":"post-8079","1":"product","2":"type-product","3":"status-publish","4":"has-post-thumbnail","6":"product_cat--fit-fuer-den-fruehling","7":"product_cat-studenten","8":"product_cat-bester-freund","9":"product_cat-freund","10":"product_cat-vatertag","11":"product_cat-frauen","12":"product_cat-mutter","13":"product_cat-freundin","14":"product_cat-maenner","15":"product_cat-beste-freundin","16":"product_cat--freundin","17":"product_cat-geburtstagsgeschenke","18":"product_cat-nach-preis","19":"product_cat-unter-50-euro","20":"product_cat-geschenk-fuer-bruder","21":"product_cat-sohn","22":"product_cat--kollege","23":"product_cat--jungen","24":"product_cat-geschenke-fuer-jeden-anlass","25":"product_cat--maedchen","26":"product_cat--chef","27":"product_cat--tochter","28":"product_cat--schwester","29":"product_cat-vater","30":"product_tag-geschenkset","31":"product_tag-geschenkset-frauen","32":"product_tag-wellness","34":"first","35":"instock","36":"shipping-taxable","37":"product-type-external"},"_links":{"self":[{"href":"https:\/\/www.blogseite.com\/geschenke\/wp-json\/wp\/v2\/product\/8079"}],"collection":[{"href":"https:\/\/www.blogseite.com\/geschenke\/wp-json\/wp\/v2\/product"}],"about":[{"href":"https:\/\/www.blogseite.com\/geschenke\/wp-json\/wp\/v2\/types\/product"}],"replies":[{"embeddable":true,"href":"https:\/\/www.blogseite.com\/geschenke\/wp-json\/wp\/v2\/comments?post=8079"}],"wp:featuredmedia":[{"embeddable":true,"href":"https:\/\/www.blogseite.com\/geschenke\/wp-json\/wp\/v2\/media\/8080"}],"wp:attachment":[{"href":"https:\/\/www.blogseite.com\/geschenke\/wp-json\/wp\/v2\/media?parent=8079"}],"wp:term":[{"taxonomy":"product_cat","embeddable":true,"href":"https:\/\/www.blogseite.com\/geschenke\/wp-json\/wp\/v2\/product_cat?post=8079"},{"taxonomy":"product_tag","embeddable":true,"href":"https:\/\/www.blogseite.com\/geschenke\/wp-json\/wp\/v2\/product_tag?post=8079"}],"curies":[{"name":"wp","href":"https:\/\/api.w.org\/{rel}","templated":true}]}}