{"id":8069,"date":"2022-08-07T10:46:46","date_gmt":"2022-08-07T08:46:46","guid":{"rendered":"https:\/\/www.blogseite.com\/geschenke\/?post_type=product&#038;p=8069"},"modified":"2022-08-07T10:47:50","modified_gmt":"2022-08-07T08:47:50","slug":"body-earth-love-handcreme-geschenkset-kaufen-%f0%9f%98%8d","status":"publish","type":"product","link":"https:\/\/www.blogseite.com\/geschenke\/s\/body-earth-love-handcreme-geschenkset-kaufen-%f0%9f%98%8d\/","title":{"rendered":"Body &#038; Earth Love Handcreme Geschenkset kaufen \ud83d\ude0d"},"content":{"rendered":"<div id=\"featurebullets_feature_div\" class=\"celwidget\" data-feature-name=\"featurebullets\" data-csa-c-id=\"p5jmeh-4j3tdp-xyusu-2hc91k\" data-cel-widget=\"featurebullets_feature_div\">\n<div id=\"feature-bullets\" class=\"a-section a-spacing-medium a-spacing-top-small\">\n<ul class=\"a-unordered-list a-vertical a-spacing-mini\">\n<li><span class=\"a-list-item\">Angereichert mit nat\u00fcrlichen Inhaltsstoffen: Nat\u00fcrliches Glycerin, Sheabutter und Vitamin E machen trockene, raue H\u00e4nde weich und geschmeidig. Diese nat\u00fcrlichen Feuchtigkeitsspender sch\u00fctzen Ihre Haut vor oxidativem Stress und sorgen f\u00fcr j\u00fcnger aussehende H\u00e4nde.<\/span><\/li>\n<li><span class=\"a-list-item\">Seidenglattes Finish: Dieses Anti-Aging-Handpflegeset ist alles, was Sie sich f\u00fcr Ihre Hand- und Nagelpflege w\u00fcnschen. Diese nicht fettende Creme sch\u00fctzt Ihre Haut vor oxidativem Stress, der durch UV-Strahlung verursacht wird, und erh\u00f6ht gleichzeitig die Kollagenqualit\u00e4t und die Feuchtigkeitsbindung, so dass Ihre H\u00e4nde stets jugendlich und seidig aussehen.<\/span><\/li>\n<li><span class=\"a-list-item\">Nat\u00fcrliche Blumend\u00fcfte: Ihr Lieblings-Handpflegeset jetzt in einer Verpackung. Mit diesem Dreier-Set erhalten Sie eine weiche, strahlende und jugendliche Haut: Handcremes mit Lavendel- und Rosenduft sowie ein Peeling mit Jasmin-Duft. Das ist ein dreifaches Vergn\u00fcgen!<\/span><\/li>\n<li><span class=\"a-list-item\">Ideal f\u00fcr alle Hauttypen: Hergestellt aus nat\u00fcrlichen Inhaltsstoffen. Grausamkeitsfrei und nicht an Tieren getestet. Verstopft die Poren nicht. Nicht fettend und schnell einziehend &#8211; sie dringt in die Haut ein, um sie zu heilen und zu sch\u00fctzen, nicht nur auf ihr.<\/span><\/li>\n<li><span class=\"a-list-item\">F\u00fcr alle: Sorgf\u00e4ltig formuliert und mit essentiellen Pflegeelementen angereichert, schenken Ihnen diese Cremes und Peelingcremes eine lang anhaltende Hautverj\u00fcngung.Dieses Handcreme-Set ist ein tolles Geschenk f\u00fcr Frauen zu Weihnachten, zum<\/span><\/li>\n<\/ul>\n<\/div>\n<\/div>\n<div id=\"provenanceCertifications_feature_div\" class=\"celwidget\" data-feature-name=\"provenanceCertifications\" data-csa-c-id=\"7qeoyn-oxaqol-4csof1-rv6eu5\" data-cel-widget=\"provenanceCertifications_feature_div\"><\/div>\n<div id=\"legalEUAtf_feature_div\" class=\"celwidget\" data-feature-name=\"legalEUAtf\" data-csa-c-id=\"rs61b3-6gvsur-c55vf4-dnitcr\" data-cel-widget=\"legalEUAtf_feature_div\"><\/div>\n<div id=\"globalStoreInfoBullets_feature_div\" class=\"celwidget\" data-feature-name=\"globalStoreInfoBullets\" data-csa-c-id=\"daruzb-2a3lxw-mc2ygf-pj337b\" data-cel-widget=\"globalStoreInfoBullets_feature_div\"><\/div>\n<div id=\"addOnItem_feature_div\" class=\"celwidget\" data-feature-name=\"addOnItem\" data-csa-c-id=\"6q5vsa-xtf05h-fsceya-br4unf\" data-cel-widget=\"addOnItem_feature_div\"><\/div>\n<div id=\"andonCord_feature_div\" class=\"celwidget\" data-feature-name=\"andonCord\" data-csa-c-id=\"5976kh-m9mqj7-y7hcvp-9zvt3x\" data-cel-widget=\"andonCord_feature_div\"><\/div>\n<div id=\"newerVersion_feature_div\" class=\"celwidget\" data-feature-name=\"newerVersion\" data-csa-c-id=\"ufp0gr-xbujku-1ieash-840gg1\" data-cel-widget=\"newerVersion_feature_div\"><\/div>\n<div id=\"whiteGloveMessage_feature_div\" class=\"celwidget\" data-feature-name=\"whiteGloveMessage\" data-csa-c-id=\"f2uilf-slhqw8-o99hwz-hbjffp\" data-cel-widget=\"whiteGloveMessage_feature_div\"><\/div>\n<div id=\"productAlert_feature_div\" class=\"celwidget\" data-feature-name=\"productAlert\" data-csa-c-id=\"v7evv2-xx3f55-5gv96d-hny84u\" data-cel-widget=\"productAlert_feature_div\"><\/div>\n<div id=\"vendorPoweredCoupon_feature_div\" class=\"celwidget\" data-feature-name=\"vendorPoweredCoupon\" data-csa-c-id=\"iplq72-cugti4-98ja09-haxh0k\" data-cel-widget=\"vendorPoweredCoupon_feature_div\"><\/div>\n<div id=\"edpIngress_feature_div\" class=\"celwidget\" data-feature-name=\"edpIngress\" data-csa-c-id=\"wuzq38-xshb39-ot4zal-q461vm\" data-cel-widget=\"edpIngress_feature_div\"><\/div>\n","protected":false},"excerpt":{"rendered":"<p>Angereichert mit nat\u00fcrlichen Inhaltsstoffen: Nat\u00fcrliches Glycerin, Sheabutter und Vitamin E machen trockene, raue H\u00e4nde weich und geschmeidig. Diese nat\u00fcrlichen Feuchtigkeitsspender sch\u00fctzen Ihre Haut vor oxidativem Stress und sorgen f\u00fcr j\u00fcnger aussehende H\u00e4nde. Seidenglattes Finish: Dieses Anti-Aging-Handpflegeset ist alles, was Sie sich f\u00fcr Ihre Hand- und Nagelpflege w\u00fcnschen. Diese nicht fettende Creme sch\u00fctzt Ihre Haut vor [&hellip;]<\/p>\n","protected":false},"featured_media":8070,"comment_status":"open","ping_status":"closed","template":"","meta":[],"product_cat":[746,103,74,110,54,116,63,45,108,73,1118,280,426,431,293,292,300,302,70,297,299,295,294,64],"product_tag":[507,875,1612],"class_list":{"0":"post-8069","1":"product","2":"type-product","3":"status-publish","4":"has-post-thumbnail","6":"product_cat--fit-fuer-den-fruehling","7":"product_cat-studenten","8":"product_cat-bester-freund","9":"product_cat-freund","10":"product_cat-vatertag","11":"product_cat-frauen","12":"product_cat-mutter","13":"product_cat-freundin","14":"product_cat-maenner","15":"product_cat-beste-freundin","16":"product_cat--freundin","17":"product_cat-geburtstagsgeschenke","18":"product_cat-nach-preis","19":"product_cat-unter-50-euro","20":"product_cat-geschenk-fuer-bruder","21":"product_cat-sohn","22":"product_cat--kollege","23":"product_cat--jungen","24":"product_cat-geschenke-fuer-jeden-anlass","25":"product_cat--maedchen","26":"product_cat--chef","27":"product_cat--tochter","28":"product_cat--schwester","29":"product_cat-vater","30":"product_tag-geschenkset","31":"product_tag-geschenkset-frauen","32":"product_tag-wellness","34":"first","35":"instock","36":"shipping-taxable","37":"product-type-external"},"_links":{"self":[{"href":"https:\/\/www.blogseite.com\/geschenke\/wp-json\/wp\/v2\/product\/8069"}],"collection":[{"href":"https:\/\/www.blogseite.com\/geschenke\/wp-json\/wp\/v2\/product"}],"about":[{"href":"https:\/\/www.blogseite.com\/geschenke\/wp-json\/wp\/v2\/types\/product"}],"replies":[{"embeddable":true,"href":"https:\/\/www.blogseite.com\/geschenke\/wp-json\/wp\/v2\/comments?post=8069"}],"wp:featuredmedia":[{"embeddable":true,"href":"https:\/\/www.blogseite.com\/geschenke\/wp-json\/wp\/v2\/media\/8070"}],"wp:attachment":[{"href":"https:\/\/www.blogseite.com\/geschenke\/wp-json\/wp\/v2\/media?parent=8069"}],"wp:term":[{"taxonomy":"product_cat","embeddable":true,"href":"https:\/\/www.blogseite.com\/geschenke\/wp-json\/wp\/v2\/product_cat?post=8069"},{"taxonomy":"product_tag","embeddable":true,"href":"https:\/\/www.blogseite.com\/geschenke\/wp-json\/wp\/v2\/product_tag?post=8069"}],"curies":[{"name":"wp","href":"https:\/\/api.w.org\/{rel}","templated":true}]}}