{"id":8061,"date":"2022-08-07T10:32:16","date_gmt":"2022-08-07T08:32:16","guid":{"rendered":"https:\/\/www.blogseite.com\/geschenke\/?post_type=product&#038;p=8061"},"modified":"2022-08-07T10:35:41","modified_gmt":"2022-08-07T08:35:41","slug":"relax-calm-verwoehn-geschenkset-fuer-frauen-kaufen","status":"publish","type":"product","link":"https:\/\/www.blogseite.com\/geschenke\/s\/relax-calm-verwoehn-geschenkset-fuer-frauen-kaufen\/","title":{"rendered":"RELAX &#038; CALM Verw\u00f6hn Geschenkset f\u00fcr Frauen kaufen"},"content":{"rendered":"<ul class=\"a-unordered-list a-vertical a-spacing-mini\">\n<li><span class=\"a-list-item\">\ud83c\udf1fVOLLST\u00c4NDIGE ENTSPANNUNG mit der Geschenkbox \u201eTime to Relax\u201c von Nurture by Nature. Die perfekte Geschenkbox f\u00fcr die Frau in Ihrem Leben, die Ruhe, Entspannung und RUHE braucht. Verw\u00f6hnen Sie sie mit nat\u00fcrlichen, auf \u00e4therischen \u00d6len basierenden Produkten mit beruhigenden D\u00fcften wie Lavendel, Hafer und Honig und Sheabutter.<\/span><\/li>\n<li><span class=\"a-list-item\">\ud83d\udec16 hochwertige Premium-Produkte in einem Verw\u00f6hnkorb: \u00e4therisches Orangen- und Bergamotte\u00f6l Sojawachs-Duftkerze, Lavendel- und Sheabutter-K\u00f6rperpeeling, Lavendel-Badesalz, Lavendel-Kamillen-Kissenspray, Lavendel-Badebombe und Hafer-Honig-Seife. Der perfekte Geschenkkorb zur Selbstpflege f\u00fcr eine Frau, die sich entspannen und gut schlafen m\u00f6chte. Alle unsere Produkte sind in voller Gr\u00f6\u00dfe, also ist es das Geschenk, das Sie weitergeben werden.<\/span><\/li>\n<li><span class=\"a-list-item\">\ud83d\udca7LUXURI\u00d6SE INHALTSSTOFFE f\u00fcr die perfekte Spa-Verw\u00f6hnsitzung zu Hause mit einem ultimativen Preis-Leistungs-Verh\u00e4ltnis &#8211; alle unsere Produkte wurden mit nat\u00fcrlichen und biologischen Wirkstoffen und heilenden \u00e4therischen \u00d6len entwickelt, um Entspannung und Ruhe f\u00fcr das beste AROMATHERAPI-Erlebnis zu bieten.<\/span><\/li>\n<li><span class=\"a-list-item\">\ud83d\ude4cDieser Entspannungskorb f\u00fcr Damen ist das perfekte \u201eNur f\u00fcr dich\u201c- oder \u201eDenk an dich\u201c-Geschenk zum Muttertag, Valentinstag, Weihnachten oder einfach nur f\u00fcr die eigene Selfcare-Nacht. Es ist Entspannung in einer Box und kann direkt an die T\u00fcr Ihres Liebsten geliefert werden, um ein L\u00e4cheln auf sein Gesicht zu zaubern. VERPACKT mit sch\u00f6nen D\u00fcften und einer sch\u00f6nen Botschaft von unserem kleinen Unternehmen.<\/span><\/li>\n<li><span class=\"a-list-item\">\ud83c\udf81LUXUSVERPACKUNG alles in einer Premium-Geschenkbox der Marke Nurture by Nature, die mit Amazon Prime bereits am n\u00e4chsten Tag zu Ihnen nach Hause geliefert wird. Das perfekte Geschenk f\u00fcr Frauen. Dich zu pflegen liegt in unserer Natur.<\/span><\/li>\n<\/ul>\n","protected":false},"excerpt":{"rendered":"<p>\ud83c\udf1fVOLLST\u00c4NDIGE ENTSPANNUNG mit der Geschenkbox \u201eTime to Relax\u201c von Nurture by Nature. Die perfekte Geschenkbox f\u00fcr die Frau in Ihrem Leben, die Ruhe, Entspannung und RUHE braucht. Verw\u00f6hnen Sie sie mit nat\u00fcrlichen, auf \u00e4therischen \u00d6len basierenden Produkten mit beruhigenden D\u00fcften wie Lavendel, Hafer und Honig und Sheabutter. \ud83d\udec16 hochwertige Premium-Produkte in einem Verw\u00f6hnkorb: \u00e4therisches Orangen- [&hellip;]<\/p>\n","protected":false},"featured_media":8062,"comment_status":"open","ping_status":"closed","template":"","meta":[],"product_cat":[746,103,74,110,54,116,63,45,108,73,1118,280,426,431,293,292,300,302,70,297,299,295,294,64],"product_tag":[507],"class_list":{"0":"post-8061","1":"product","2":"type-product","3":"status-publish","4":"has-post-thumbnail","6":"product_cat--fit-fuer-den-fruehling","7":"product_cat-studenten","8":"product_cat-bester-freund","9":"product_cat-freund","10":"product_cat-vatertag","11":"product_cat-frauen","12":"product_cat-mutter","13":"product_cat-freundin","14":"product_cat-maenner","15":"product_cat-beste-freundin","16":"product_cat--freundin","17":"product_cat-geburtstagsgeschenke","18":"product_cat-nach-preis","19":"product_cat-unter-50-euro","20":"product_cat-geschenk-fuer-bruder","21":"product_cat-sohn","22":"product_cat--kollege","23":"product_cat--jungen","24":"product_cat-geschenke-fuer-jeden-anlass","25":"product_cat--maedchen","26":"product_cat--chef","27":"product_cat--tochter","28":"product_cat--schwester","29":"product_cat-vater","30":"product_tag-geschenkset","32":"first","33":"instock","34":"shipping-taxable","35":"product-type-external"},"_links":{"self":[{"href":"https:\/\/www.blogseite.com\/geschenke\/wp-json\/wp\/v2\/product\/8061"}],"collection":[{"href":"https:\/\/www.blogseite.com\/geschenke\/wp-json\/wp\/v2\/product"}],"about":[{"href":"https:\/\/www.blogseite.com\/geschenke\/wp-json\/wp\/v2\/types\/product"}],"replies":[{"embeddable":true,"href":"https:\/\/www.blogseite.com\/geschenke\/wp-json\/wp\/v2\/comments?post=8061"}],"wp:featuredmedia":[{"embeddable":true,"href":"https:\/\/www.blogseite.com\/geschenke\/wp-json\/wp\/v2\/media\/8062"}],"wp:attachment":[{"href":"https:\/\/www.blogseite.com\/geschenke\/wp-json\/wp\/v2\/media?parent=8061"}],"wp:term":[{"taxonomy":"product_cat","embeddable":true,"href":"https:\/\/www.blogseite.com\/geschenke\/wp-json\/wp\/v2\/product_cat?post=8061"},{"taxonomy":"product_tag","embeddable":true,"href":"https:\/\/www.blogseite.com\/geschenke\/wp-json\/wp\/v2\/product_tag?post=8061"}],"curies":[{"name":"wp","href":"https:\/\/api.w.org\/{rel}","templated":true}]}}