{"id":8059,"date":"2022-08-07T10:29:09","date_gmt":"2022-08-07T08:29:09","guid":{"rendered":"https:\/\/www.blogseite.com\/geschenke\/?post_type=product&#038;p=8059"},"modified":"2022-08-07T10:31:05","modified_gmt":"2022-08-07T08:31:05","slug":"thoughtfully-bbq-gewuerze-geschenkset-kaufen","status":"publish","type":"product","link":"https:\/\/www.blogseite.com\/geschenke\/s\/thoughtfully-bbq-gewuerze-geschenkset-kaufen\/","title":{"rendered":"Thoughtfully &#8211; BBQ Gew\u00fcrze Geschenkset kaufen"},"content":{"rendered":"<ul class=\"a-unordered-list a-vertical a-spacing-mini\">\n<li><span class=\"a-list-item\">EINZIGARTIGES GESCHENK &#8211; Enth\u00e4lt 20 einzigartige BBQ-Trockenmarinaden und Gew\u00fcrze, um Speisen fachm\u00e4nnisch zu w\u00fcrzen. Ideal als kleine Aufmerksamkeit f\u00fcr Freunde und Familie beim n\u00e4chsten Grillabend<\/span><\/li>\n<li><span class=\"a-list-item\">ABENTEUER &#8211; Probiere unsere au\u00dfergew\u00f6hnlichen Gew\u00fcrze Limonenchipotle, Chili-Rosmarin, Jalapeno, Black Cajun und Chili-Petersilie oder bleibe bei den Klassikern Cayenne, Knoblauchsalz und Thymiansalz<\/span><\/li>\n<li><span class=\"a-list-item\">REISEN &#8211; Lasse deine Geschmacksnerven nach Jamaika, Mexiko, Montreal oder in die Karibik aufbrechen und entdecke leckere Gew\u00fcrzkreationen aus aller Welt<\/span><\/li>\n<li><span class=\"a-list-item\">VIELSEITIG &#8211; Das BBQ Gew\u00fcrz-Set vereint internationale Grillaromen und eignet sich als Geschenk f\u00fcr jeden Anlass: Als Geburtstagsgeschenk, Weihnachtsgeschenk, zum Vatertag oder Muttertag oder als Mitbringsel f\u00fcr Zwischendurch<\/span><\/li>\n<li><span class=\"a-list-item\">HOCHWERTIG &#8211; Modern Gourmet Foods \u00fcberzeugt mit qualitativ hochwertigen Produkten, die Freude bereiten. Die ansprechende Geschenkbox ist bereit verschenkt zu werden &#8211; Schleife drum, fertig!<\/span><\/li>\n<\/ul>\n","protected":false},"excerpt":{"rendered":"<p>EINZIGARTIGES GESCHENK &#8211; Enth\u00e4lt 20 einzigartige BBQ-Trockenmarinaden und Gew\u00fcrze, um Speisen fachm\u00e4nnisch zu w\u00fcrzen. Ideal als kleine Aufmerksamkeit f\u00fcr Freunde und Familie beim n\u00e4chsten Grillabend ABENTEUER &#8211; Probiere unsere au\u00dfergew\u00f6hnlichen Gew\u00fcrze Limonenchipotle, Chili-Rosmarin, Jalapeno, Black Cajun und Chili-Petersilie oder bleibe bei den Klassikern Cayenne, Knoblauchsalz und Thymiansalz REISEN &#8211; Lasse deine Geschmacksnerven nach Jamaika, Mexiko, [&hellip;]<\/p>\n","protected":false},"featured_media":8060,"comment_status":"open","ping_status":"closed","template":"","meta":[],"product_cat":[746,103,74,110,54,116,63,45,108,73,1118,280,426,431,293,292,300,302,70,297,299,295,294,64],"product_tag":[507,1611],"class_list":{"0":"post-8059","1":"product","2":"type-product","3":"status-publish","4":"has-post-thumbnail","6":"product_cat--fit-fuer-den-fruehling","7":"product_cat-studenten","8":"product_cat-bester-freund","9":"product_cat-freund","10":"product_cat-vatertag","11":"product_cat-frauen","12":"product_cat-mutter","13":"product_cat-freundin","14":"product_cat-maenner","15":"product_cat-beste-freundin","16":"product_cat--freundin","17":"product_cat-geburtstagsgeschenke","18":"product_cat-nach-preis","19":"product_cat-unter-50-euro","20":"product_cat-geschenk-fuer-bruder","21":"product_cat-sohn","22":"product_cat--kollege","23":"product_cat--jungen","24":"product_cat-geschenke-fuer-jeden-anlass","25":"product_cat--maedchen","26":"product_cat--chef","27":"product_cat--tochter","28":"product_cat--schwester","29":"product_cat-vater","30":"product_tag-geschenkset","31":"product_tag-grill","33":"first","34":"instock","35":"shipping-taxable","36":"product-type-external"},"_links":{"self":[{"href":"https:\/\/www.blogseite.com\/geschenke\/wp-json\/wp\/v2\/product\/8059"}],"collection":[{"href":"https:\/\/www.blogseite.com\/geschenke\/wp-json\/wp\/v2\/product"}],"about":[{"href":"https:\/\/www.blogseite.com\/geschenke\/wp-json\/wp\/v2\/types\/product"}],"replies":[{"embeddable":true,"href":"https:\/\/www.blogseite.com\/geschenke\/wp-json\/wp\/v2\/comments?post=8059"}],"wp:featuredmedia":[{"embeddable":true,"href":"https:\/\/www.blogseite.com\/geschenke\/wp-json\/wp\/v2\/media\/8060"}],"wp:attachment":[{"href":"https:\/\/www.blogseite.com\/geschenke\/wp-json\/wp\/v2\/media?parent=8059"}],"wp:term":[{"taxonomy":"product_cat","embeddable":true,"href":"https:\/\/www.blogseite.com\/geschenke\/wp-json\/wp\/v2\/product_cat?post=8059"},{"taxonomy":"product_tag","embeddable":true,"href":"https:\/\/www.blogseite.com\/geschenke\/wp-json\/wp\/v2\/product_tag?post=8059"}],"curies":[{"name":"wp","href":"https:\/\/api.w.org\/{rel}","templated":true}]}}