{"id":8057,"date":"2022-08-07T10:26:48","date_gmt":"2022-08-07T08:26:48","guid":{"rendered":"https:\/\/www.blogseite.com\/geschenke\/?post_type=product&#038;p=8057"},"modified":"2022-08-07T10:28:22","modified_gmt":"2022-08-07T08:28:22","slug":"burts-bees-burts-balsame-im-honigtoepfchen-kaufen-%f0%9f%98%98","status":"publish","type":"product","link":"https:\/\/www.blogseite.com\/geschenke\/s\/burts-bees-burts-balsame-im-honigtoepfchen-kaufen-%f0%9f%98%98\/","title":{"rendered":"Burt&#8217;s Bees Burt&#8217;s Balsame im Honigt\u00f6pfchen kaufen \ud83d\ude18"},"content":{"rendered":"<div id=\"featurebullets_feature_div\" class=\"celwidget\" data-feature-name=\"featurebullets\" data-csa-c-id=\"woccql-vot3wu-ek0x9k-db6dyk\" data-cel-widget=\"featurebullets_feature_div\">\n<div id=\"feature-bullets\" class=\"a-section a-spacing-medium a-spacing-top-small\">\n<ul class=\"a-unordered-list a-vertical a-spacing-mini\">\n<li><span class=\"a-list-item\">Burt&#8217;s Balsame im Honigt\u00f6pfchen beinhalten einen Bienenwachs Lippenbalsame mit Vitamin E und Pfefferminze (4,25 g)<\/span><\/li>\n<li><span class=\"a-list-item\">Burt&#8217;s Bees Bienenwachs Lippenbalsam ist die originale, 100% nat\u00fcrliche Lippenpfege, die trockene Lippen seit 1991 samtweich pflegt<\/span><\/li>\n<li><span class=\"a-list-item\">Hergestellt aus nat\u00fcrlichen Inhaltsstoffen<\/span><\/li>\n<li><span class=\"a-list-item\">Mit den Burt&#8217;s Bees Geschenksets wird Schenken zum Kinderspiel<\/span><\/li>\n<li><span class=\"a-list-item\">Enth\u00e4lt keine Phthalate, Parabene, Petrolatum oder SLS<\/span><\/li>\n<\/ul>\n<\/div>\n<\/div>\n<div id=\"provenanceCertifications_feature_div\" class=\"celwidget\" data-feature-name=\"provenanceCertifications\" data-csa-c-id=\"qmaj5i-4qxqel-4tyqfc-y940zb\" data-cel-widget=\"provenanceCertifications_feature_div\"><\/div>\n<div id=\"legalEUAtf_feature_div\" class=\"celwidget\" data-feature-name=\"legalEUAtf\" data-csa-c-id=\"fwgspl-dgfp5n-zhx0q7-inn27a\" data-cel-widget=\"legalEUAtf_feature_div\"><\/div>\n<div id=\"globalStoreInfoBullets_feature_div\" class=\"celwidget\" data-feature-name=\"globalStoreInfoBullets\" data-csa-c-id=\"nxhrmz-g2shif-ds414s-3qsool\" data-cel-widget=\"globalStoreInfoBullets_feature_div\"><\/div>\n<div id=\"addOnItem_feature_div\" class=\"celwidget\" data-feature-name=\"addOnItem\" data-csa-c-id=\"agzodu-1b9yl4-j8tl8o-z396kg\" data-cel-widget=\"addOnItem_feature_div\"><\/div>\n<div id=\"andonCord_feature_div\" class=\"celwidget\" data-feature-name=\"andonCord\" data-csa-c-id=\"ti02n2-2eodvf-74y0hk-gdgsb9\" data-cel-widget=\"andonCord_feature_div\"><\/div>\n<div id=\"newerVersion_feature_div\" class=\"celwidget\" data-feature-name=\"newerVersion\" data-csa-c-id=\"tpsnf8-mqg4qt-7x5170-7lhff9\" data-cel-widget=\"newerVersion_feature_div\"><\/div>\n<div id=\"whiteGloveMessage_feature_div\" class=\"celwidget\" data-feature-name=\"whiteGloveMessage\" data-csa-c-id=\"xdu6tc-8udm2w-9jmnhw-2stfv6\" data-cel-widget=\"whiteGloveMessage_feature_div\"><\/div>\n<div id=\"productAlert_feature_div\" class=\"celwidget\" data-feature-name=\"productAlert\" data-csa-c-id=\"ent1vs-efd6n-5swz3x-y4g8v4\" data-cel-widget=\"productAlert_feature_div\"><\/div>\n<div id=\"vendorPoweredCoupon_feature_div\" class=\"celwidget\" data-feature-name=\"vendorPoweredCoupon\" data-csa-c-id=\"jfyto1-wz3a1g-igi2vx-sfpvml\" data-cel-widget=\"vendorPoweredCoupon_feature_div\"><\/div>\n<div id=\"edpIngress_feature_div\" class=\"celwidget\" data-feature-name=\"edpIngress\" data-csa-c-id=\"ohqsc9-u4kuvu-eiodfk-epcgd4\" data-cel-widget=\"edpIngress_feature_div\"><\/div>\n","protected":false},"excerpt":{"rendered":"<p>Burt&#8217;s Balsame im Honigt\u00f6pfchen beinhalten einen Bienenwachs Lippenbalsame mit Vitamin E und Pfefferminze (4,25 g) Burt&#8217;s Bees Bienenwachs Lippenbalsam ist die originale, 100% nat\u00fcrliche Lippenpfege, die trockene Lippen seit 1991 samtweich pflegt Hergestellt aus nat\u00fcrlichen Inhaltsstoffen Mit den Burt&#8217;s Bees Geschenksets wird Schenken zum Kinderspiel Enth\u00e4lt keine Phthalate, Parabene, Petrolatum oder SLS<\/p>\n","protected":false},"featured_media":8058,"comment_status":"open","ping_status":"closed","template":"","meta":[],"product_cat":[746,103,74,110,54,116,63,45,108,73,1118,280,426,431,293,292,300,302,70,297,299,295,64],"product_tag":[507],"class_list":{"0":"post-8057","1":"product","2":"type-product","3":"status-publish","4":"has-post-thumbnail","6":"product_cat--fit-fuer-den-fruehling","7":"product_cat-studenten","8":"product_cat-bester-freund","9":"product_cat-freund","10":"product_cat-vatertag","11":"product_cat-frauen","12":"product_cat-mutter","13":"product_cat-freundin","14":"product_cat-maenner","15":"product_cat-beste-freundin","16":"product_cat--freundin","17":"product_cat-geburtstagsgeschenke","18":"product_cat-nach-preis","19":"product_cat-unter-50-euro","20":"product_cat-geschenk-fuer-bruder","21":"product_cat-sohn","22":"product_cat--kollege","23":"product_cat--jungen","24":"product_cat-geschenke-fuer-jeden-anlass","25":"product_cat--maedchen","26":"product_cat--chef","27":"product_cat--tochter","28":"product_cat-vater","29":"product_tag-geschenkset","31":"first","32":"instock","33":"shipping-taxable","34":"product-type-external"},"_links":{"self":[{"href":"https:\/\/www.blogseite.com\/geschenke\/wp-json\/wp\/v2\/product\/8057"}],"collection":[{"href":"https:\/\/www.blogseite.com\/geschenke\/wp-json\/wp\/v2\/product"}],"about":[{"href":"https:\/\/www.blogseite.com\/geschenke\/wp-json\/wp\/v2\/types\/product"}],"replies":[{"embeddable":true,"href":"https:\/\/www.blogseite.com\/geschenke\/wp-json\/wp\/v2\/comments?post=8057"}],"wp:featuredmedia":[{"embeddable":true,"href":"https:\/\/www.blogseite.com\/geschenke\/wp-json\/wp\/v2\/media\/8058"}],"wp:attachment":[{"href":"https:\/\/www.blogseite.com\/geschenke\/wp-json\/wp\/v2\/media?parent=8057"}],"wp:term":[{"taxonomy":"product_cat","embeddable":true,"href":"https:\/\/www.blogseite.com\/geschenke\/wp-json\/wp\/v2\/product_cat?post=8057"},{"taxonomy":"product_tag","embeddable":true,"href":"https:\/\/www.blogseite.com\/geschenke\/wp-json\/wp\/v2\/product_tag?post=8057"}],"curies":[{"name":"wp","href":"https:\/\/api.w.org\/{rel}","templated":true}]}}