{"id":8055,"date":"2022-08-05T12:39:48","date_gmt":"2022-08-05T10:39:48","guid":{"rendered":"https:\/\/www.blogseite.com\/geschenke\/?post_type=product&#038;p=8055"},"modified":"2022-08-05T12:41:22","modified_gmt":"2022-08-05T10:41:22","slug":"franzoesisches-geschenkset-fuer-frauen-kaufen-%f0%9f%92%81%f0%9f%8f%bc%e2%99%80%ef%b8%8f","status":"publish","type":"product","link":"https:\/\/www.blogseite.com\/geschenke\/s\/franzoesisches-geschenkset-fuer-frauen-kaufen-%f0%9f%92%81%f0%9f%8f%bc%e2%99%80%ef%b8%8f\/","title":{"rendered":"Franz\u00f6sisches Geschenkset F\u00fcr Frauen kaufen \ud83d\udc81\ud83c\udffc\u200d\u2640\ufe0f"},"content":{"rendered":"<ul class=\"a-unordered-list a-vertical a-spacing-mini\">\n<li><span class=\"a-list-item\">1 Duschgel 250ml: St\u00e4rkende, erfrischende und pflegende Formel. Hergestellt in Frankreich mit viel Amour<\/span><\/li>\n<li><span class=\"a-list-item\">1 Handcreme 25 ml (Ideale Handtaschengr\u00f6\u00dfe): Feuchtigkeitsspendende Formel mit Shea butter und Aloe Vera<\/span><\/li>\n<li><span class=\"a-list-item\">1 Bodylotion 200 ml: eine sanfte Kombination aus Argan\u00f6l und Shea butter. F\u00fcr trockene bis normal haut<\/span><\/li>\n<li><span class=\"a-list-item\">Un Air d\u2019Antan Produkte : Geschenkideen f\u00fcr geburtstag, jahrestag, weihnachten, vatertag, Valentinstag, Weihnacht oder ein Geschenk f\u00fcr Frauen, freund, beste freundin, ihn, bff, lehrer, m\u00e4dchen, damen, mama, oma, papa, m\u00e4nner, herren, lieblingsmensch partner, p\u00e4rchen oder um eine personalisierte besondere kleine Geschenkset anzubieten<\/span><\/li>\n<li><span class=\"a-list-item\">Erfreuliche Duftnoten aus Orangenbl\u00fcte, Maigl\u00f6ckchen und Rosen Parf\u00fcm &#8211; Kosmetik mit PH neutral f\u00fcr Ihre Haut, frei von Parabenen und Sulfaten, vegan, dermatologisch getestet<\/span><\/li>\n<\/ul>\n","protected":false},"excerpt":{"rendered":"<p>1 Duschgel 250ml: St\u00e4rkende, erfrischende und pflegende Formel. Hergestellt in Frankreich mit viel Amour 1 Handcreme 25 ml (Ideale Handtaschengr\u00f6\u00dfe): Feuchtigkeitsspendende Formel mit Shea butter und Aloe Vera 1 Bodylotion 200 ml: eine sanfte Kombination aus Argan\u00f6l und Shea butter. F\u00fcr trockene bis normal haut Un Air d\u2019Antan Produkte : Geschenkideen f\u00fcr geburtstag, jahrestag, weihnachten, [&hellip;]<\/p>\n","protected":false},"featured_media":8056,"comment_status":"open","ping_status":"closed","template":"","meta":[],"product_cat":[746,103,74,110,54,116,63,45,108,73,1118,280,426,431,293,292,300,302,70,297,299,295,64],"product_tag":[507],"class_list":{"0":"post-8055","1":"product","2":"type-product","3":"status-publish","4":"has-post-thumbnail","6":"product_cat--fit-fuer-den-fruehling","7":"product_cat-studenten","8":"product_cat-bester-freund","9":"product_cat-freund","10":"product_cat-vatertag","11":"product_cat-frauen","12":"product_cat-mutter","13":"product_cat-freundin","14":"product_cat-maenner","15":"product_cat-beste-freundin","16":"product_cat--freundin","17":"product_cat-geburtstagsgeschenke","18":"product_cat-nach-preis","19":"product_cat-unter-50-euro","20":"product_cat-geschenk-fuer-bruder","21":"product_cat-sohn","22":"product_cat--kollege","23":"product_cat--jungen","24":"product_cat-geschenke-fuer-jeden-anlass","25":"product_cat--maedchen","26":"product_cat--chef","27":"product_cat--tochter","28":"product_cat-vater","29":"product_tag-geschenkset","31":"first","32":"instock","33":"shipping-taxable","34":"product-type-external"},"_links":{"self":[{"href":"https:\/\/www.blogseite.com\/geschenke\/wp-json\/wp\/v2\/product\/8055"}],"collection":[{"href":"https:\/\/www.blogseite.com\/geschenke\/wp-json\/wp\/v2\/product"}],"about":[{"href":"https:\/\/www.blogseite.com\/geschenke\/wp-json\/wp\/v2\/types\/product"}],"replies":[{"embeddable":true,"href":"https:\/\/www.blogseite.com\/geschenke\/wp-json\/wp\/v2\/comments?post=8055"}],"wp:featuredmedia":[{"embeddable":true,"href":"https:\/\/www.blogseite.com\/geschenke\/wp-json\/wp\/v2\/media\/8056"}],"wp:attachment":[{"href":"https:\/\/www.blogseite.com\/geschenke\/wp-json\/wp\/v2\/media?parent=8055"}],"wp:term":[{"taxonomy":"product_cat","embeddable":true,"href":"https:\/\/www.blogseite.com\/geschenke\/wp-json\/wp\/v2\/product_cat?post=8055"},{"taxonomy":"product_tag","embeddable":true,"href":"https:\/\/www.blogseite.com\/geschenke\/wp-json\/wp\/v2\/product_tag?post=8055"}],"curies":[{"name":"wp","href":"https:\/\/api.w.org\/{rel}","templated":true}]}}