{"id":8052,"date":"2022-08-05T12:37:34","date_gmt":"2022-08-05T10:37:34","guid":{"rendered":"https:\/\/www.blogseite.com\/geschenke\/?post_type=product&#038;p=8052"},"modified":"2022-08-05T12:38:49","modified_gmt":"2022-08-05T10:38:49","slug":"wow-bartpflege-set-fuer-maenner-guenstig-kaufen-%f0%9f%98%8d","status":"publish","type":"product","link":"https:\/\/www.blogseite.com\/geschenke\/s\/wow-bartpflege-set-fuer-maenner-guenstig-kaufen-%f0%9f%98%8d\/","title":{"rendered":"WOW : Bartpflege Set f\u00fcr M\u00e4nner g\u00fcnstig kaufen \ud83d\ude0d"},"content":{"rendered":"<ul class=\"a-unordered-list a-vertical a-spacing-mini\">\n<li><span class=\"a-list-item\">\u3010Gro\u00dfartiges Preis-Leistungs-Verh\u00e4ltnis mit Extra Bonus\u3011:Dieses Bartpflege Set ist in einer Luxus-Geschenkbox mit Bart Conditioner,Bartshampoo,Bart\u00f6l,Bart Balsam,Bartb\u00fcrste,Bartkamm Bartschere,Aufbewahrungstasche,Bart E-Book verpackt,w\u00e4hrend andere Marken dies nicht haben Bart Conditioner! Best Value Geschenke als valentinstag geschenke f\u00fcr m\u00e4nner, geschenke zum vatertag,wir empfehlen Ihnen zu vergleichen!<\/span><\/li>\n<li><span class=\"a-list-item\">\u3010Das beste Top-Angebot\u3011: Dies ist Ihre beste Wahl, da dies das bisher beste Kit mit dem niedrigsten Preis bei Amazon mit Bart Conditioner und so vielen Bartprodukten ist, w\u00e4hrend andere Marken weniger Produkte zu einem h\u00f6heren Preis anbieten ermutige dich zu vergleichen!<\/span><\/li>\n<li><span class=\"a-list-item\">\u3010Bartshampoo &amp; Bart Conditioner\u3011: 100% nat\u00fcrlich und biologisch formuliert, um gesund zu werden Bart Wachstum,hydratisiert,reinigt, pflegt,gl\u00e4ttet und erweicht Ihren Bart,sch\u00fctzt Sie vor juckender,gereizter Haut und entfernt Bartschuppen,verabschieden Sie sich von Juckreiz oder Reizung.<\/span><\/li>\n<li><span class=\"a-list-item\">\u3010Bart\u00f6l und Bart Balsam\u3011: Entwickelt,um den Bart zu erweichen und die Haut zu pflegen,die Weichheit und den Glanz Ihres Bartes wiederherzustellen,Feuchtigkeit und wichtige Vitamine und Mineralien in das Gesichtshaar zu speichern, um es langfristig zu n\u00e4hren,damit Ihr Bart schneller w\u00e4chst und dicker aussieht.<\/span><\/li>\n<li><span class=\"a-list-item\">\u3010Bartb\u00fcrste,Bart kamm,Bartschere,E-BOOK\u3011: Wildschweinborstenb\u00fcrste und Holzkamm massieren das Gesichtshaar, stimulieren die \u00d6lproduktion und entfernen Schmutz, scharfe Scheren bieten pr\u00e4zises Trimmen. E-Book erkl\u00e4rt, wie man Bart schnell pflegt und wachsen l\u00e4sst. Eine gro\u00dfe m\u00e4nner geschenke weihnachten geschenk f\u00fcr m\u00e4nner v\u00e4ter papa bruder.<\/span><\/li>\n<\/ul>\n","protected":false},"excerpt":{"rendered":"<p>\u3010Gro\u00dfartiges Preis-Leistungs-Verh\u00e4ltnis mit Extra Bonus\u3011:Dieses Bartpflege Set ist in einer Luxus-Geschenkbox mit Bart Conditioner,Bartshampoo,Bart\u00f6l,Bart Balsam,Bartb\u00fcrste,Bartkamm Bartschere,Aufbewahrungstasche,Bart E-Book verpackt,w\u00e4hrend andere Marken dies nicht haben Bart Conditioner! Best Value Geschenke als valentinstag geschenke f\u00fcr m\u00e4nner, geschenke zum vatertag,wir empfehlen Ihnen zu vergleichen! \u3010Das beste Top-Angebot\u3011: Dies ist Ihre beste Wahl, da dies das bisher beste Kit mit [&hellip;]<\/p>\n","protected":false},"featured_media":8054,"comment_status":"open","ping_status":"closed","template":"","meta":[],"product_cat":[746,103,74,110,54,116,63,45,108,73,1118,280,426,431,293,292,300,302,70,297,299,295,64],"product_tag":[1610,507],"class_list":{"0":"post-8052","1":"product","2":"type-product","3":"status-publish","4":"has-post-thumbnail","6":"product_cat--fit-fuer-den-fruehling","7":"product_cat-studenten","8":"product_cat-bester-freund","9":"product_cat-freund","10":"product_cat-vatertag","11":"product_cat-frauen","12":"product_cat-mutter","13":"product_cat-freundin","14":"product_cat-maenner","15":"product_cat-beste-freundin","16":"product_cat--freundin","17":"product_cat-geburtstagsgeschenke","18":"product_cat-nach-preis","19":"product_cat-unter-50-euro","20":"product_cat-geschenk-fuer-bruder","21":"product_cat-sohn","22":"product_cat--kollege","23":"product_cat--jungen","24":"product_cat-geschenke-fuer-jeden-anlass","25":"product_cat--maedchen","26":"product_cat--chef","27":"product_cat--tochter","28":"product_cat-vater","29":"product_tag-bartpflege","30":"product_tag-geschenkset","32":"first","33":"instock","34":"shipping-taxable","35":"product-type-external"},"_links":{"self":[{"href":"https:\/\/www.blogseite.com\/geschenke\/wp-json\/wp\/v2\/product\/8052"}],"collection":[{"href":"https:\/\/www.blogseite.com\/geschenke\/wp-json\/wp\/v2\/product"}],"about":[{"href":"https:\/\/www.blogseite.com\/geschenke\/wp-json\/wp\/v2\/types\/product"}],"replies":[{"embeddable":true,"href":"https:\/\/www.blogseite.com\/geschenke\/wp-json\/wp\/v2\/comments?post=8052"}],"wp:featuredmedia":[{"embeddable":true,"href":"https:\/\/www.blogseite.com\/geschenke\/wp-json\/wp\/v2\/media\/8054"}],"wp:attachment":[{"href":"https:\/\/www.blogseite.com\/geschenke\/wp-json\/wp\/v2\/media?parent=8052"}],"wp:term":[{"taxonomy":"product_cat","embeddable":true,"href":"https:\/\/www.blogseite.com\/geschenke\/wp-json\/wp\/v2\/product_cat?post=8052"},{"taxonomy":"product_tag","embeddable":true,"href":"https:\/\/www.blogseite.com\/geschenke\/wp-json\/wp\/v2\/product_tag?post=8052"}],"curies":[{"name":"wp","href":"https:\/\/api.w.org\/{rel}","templated":true}]}}