{"id":8046,"date":"2022-08-05T12:30:04","date_gmt":"2022-08-05T10:30:04","guid":{"rendered":"https:\/\/www.blogseite.com\/geschenke\/?post_type=product&#038;p=8046"},"modified":"2022-08-05T12:32:09","modified_gmt":"2022-08-05T10:32:09","slug":"bartpflege-set-fuer-maenner-oukzon-kaufen-%f0%9f%a5%b0","status":"publish","type":"product","link":"https:\/\/www.blogseite.com\/geschenke\/s\/bartpflege-set-fuer-maenner-oukzon-kaufen-%f0%9f%a5%b0\/","title":{"rendered":"Bartpflege Set f\u00fcr M\u00e4nner, Oukzon kaufen \ud83e\udd70"},"content":{"rendered":"<ul class=\"a-unordered-list a-vertical a-spacing-mini\">\n<li><span class=\"a-list-item\">\u3010Bestes Bartpflege Set f\u00fcr M\u00e4nner \u3011- Oukzon Hochwertige 10 in 1 Bartpflegeset mit Geschenkpaket enth\u00e4lt neu Bart Conditioner(60ml), Bartshampoo(60ml), nat\u00fcrliches Bart\u00f6l, Bartbalsam, Bartkamm, Bartschere, Bartb\u00fcrste, Bartschablonen, Reisetasche und Handbuch. Das Bartpflege Set h\u00e4lt den Bart frisch und gesund, ist ein perfekt geschenk f\u00fcr M\u00e4nner zum Vatertag, Valentinstag, Geburtstag, Weihnachten usw.<\/span><\/li>\n<li><span class=\"a-list-item\">\u3010Bartshampoo &amp; Bart Conditioner\u3011- Enth\u00e4lt nat\u00fcrliche \u00e4therische \u00d6le. Der verbesserte BartConditioner (60 ml) wird die Rauheit und den Abrieb Ihres Bartes nach dem Waschen. Behandeln Sie Spliss mit glattem Bart. Das Bartshampoo (60 ml) reinigt sanft Ihren Bart und Ihr Gesicht, ohne die Haut zu strapazieren. Kein Juckreiz oder Irritation, lassen Sie Ihren Schnurrbart mit einem gesunden Glanz gl\u00e4nzender<\/span><\/li>\n<li><span class=\"a-list-item\">\u3010Bart\u00f6l &amp; Bartbalsam\u3011- Mit 100% nat\u00fcrlichen Inhaltsstoffen wie Aloe\u00f6l, Ringelblumen\u00f6l, Traubenkern\u00f6l, Jojoba\u00f6l und Teebaum\u00f6l aufgetragen, um Mehr N\u00e4hrstoffe f\u00fcr die Bartpflege, ohne Zusatzstoffe oder reizende Chemikalien. Das Bart\u00f6l und Bartalsam beschleunigen das Bartwachstum und Kontrolle Schuppen &amp; Spliss, das Bartpflegeset l\u00e4sst Ihren Schnurrbart ordentlich und in gutem Aussehen<\/span><\/li>\n<li><span class=\"a-list-item\">\u3010Bart Rasierset\u3011- Das Bartpflegeset f\u00fcr den Mann ist ebenfalls ausgestattet mit einem Stylingkamm, einem veredelten Holzkamm mit 2 unterschiedlich breiten Seiten, einer Bartschere aus Edelstahl und einer 100%igen Borstenb\u00fcrste, die allen t\u00e4glichen \u00c4nderungen und allen Arten von langen, kurzen, dicken und d\u00fcnnen B\u00e4rten gerecht wird. Das Barttrimm Set kann Ihren Bart formen und anregen bartwuchs<\/span><\/li>\n<li><span class=\"a-list-item\">\u3010Perfektes Geschenk f\u00fcr M\u00e4nner\u3011- Dieses hochwertige Bartpflegeset ist gut verpackt in einem Geschenk karton. Es ist ein herren perfektes Geschenk f\u00fcr Ihren Ehemann, Freund, Vater, Gro\u00dfvater zu Weihnachten, zum Vatertag, zum Valentinstag, zum Geburtstag, zum Jubil\u00e4um oder zu jedem anderen besonderen Anlass. Halten Sie seinen Bart in Form und schenken Sie ihm eine m\u00e4nnlichere Mischung von Herrend\u00fcften.<\/span><\/li>\n<\/ul>\n","protected":false},"excerpt":{"rendered":"<p>\u3010Bestes Bartpflege Set f\u00fcr M\u00e4nner \u3011- Oukzon Hochwertige 10 in 1 Bartpflegeset mit Geschenkpaket enth\u00e4lt neu Bart Conditioner(60ml), Bartshampoo(60ml), nat\u00fcrliches Bart\u00f6l, Bartbalsam, Bartkamm, Bartschere, Bartb\u00fcrste, Bartschablonen, Reisetasche und Handbuch. Das Bartpflege Set h\u00e4lt den Bart frisch und gesund, ist ein perfekt geschenk f\u00fcr M\u00e4nner zum Vatertag, Valentinstag, Geburtstag, Weihnachten usw. \u3010Bartshampoo &amp; Bart Conditioner\u3011- Enth\u00e4lt [&hellip;]<\/p>\n","protected":false},"featured_media":8047,"comment_status":"open","ping_status":"closed","template":"","meta":[],"product_cat":[746,103,74,110,54,116,63,45,108,73,1118,280,426,431,293,292,300,302,70,297,299,295,64],"product_tag":[1610,507],"class_list":{"0":"post-8046","1":"product","2":"type-product","3":"status-publish","4":"has-post-thumbnail","6":"product_cat--fit-fuer-den-fruehling","7":"product_cat-studenten","8":"product_cat-bester-freund","9":"product_cat-freund","10":"product_cat-vatertag","11":"product_cat-frauen","12":"product_cat-mutter","13":"product_cat-freundin","14":"product_cat-maenner","15":"product_cat-beste-freundin","16":"product_cat--freundin","17":"product_cat-geburtstagsgeschenke","18":"product_cat-nach-preis","19":"product_cat-unter-50-euro","20":"product_cat-geschenk-fuer-bruder","21":"product_cat-sohn","22":"product_cat--kollege","23":"product_cat--jungen","24":"product_cat-geschenke-fuer-jeden-anlass","25":"product_cat--maedchen","26":"product_cat--chef","27":"product_cat--tochter","28":"product_cat-vater","29":"product_tag-bartpflege","30":"product_tag-geschenkset","32":"first","33":"instock","34":"shipping-taxable","35":"product-type-external"},"_links":{"self":[{"href":"https:\/\/www.blogseite.com\/geschenke\/wp-json\/wp\/v2\/product\/8046"}],"collection":[{"href":"https:\/\/www.blogseite.com\/geschenke\/wp-json\/wp\/v2\/product"}],"about":[{"href":"https:\/\/www.blogseite.com\/geschenke\/wp-json\/wp\/v2\/types\/product"}],"replies":[{"embeddable":true,"href":"https:\/\/www.blogseite.com\/geschenke\/wp-json\/wp\/v2\/comments?post=8046"}],"wp:featuredmedia":[{"embeddable":true,"href":"https:\/\/www.blogseite.com\/geschenke\/wp-json\/wp\/v2\/media\/8047"}],"wp:attachment":[{"href":"https:\/\/www.blogseite.com\/geschenke\/wp-json\/wp\/v2\/media?parent=8046"}],"wp:term":[{"taxonomy":"product_cat","embeddable":true,"href":"https:\/\/www.blogseite.com\/geschenke\/wp-json\/wp\/v2\/product_cat?post=8046"},{"taxonomy":"product_tag","embeddable":true,"href":"https:\/\/www.blogseite.com\/geschenke\/wp-json\/wp\/v2\/product_tag?post=8046"}],"curies":[{"name":"wp","href":"https:\/\/api.w.org\/{rel}","templated":true}]}}