{"id":8038,"date":"2022-08-05T11:45:50","date_gmt":"2022-08-05T09:45:50","guid":{"rendered":"https:\/\/www.blogseite.com\/geschenke\/?post_type=product&#038;p=8038"},"modified":"2022-08-05T11:46:57","modified_gmt":"2022-08-05T09:46:57","slug":"nivea-men-performance-set-geschenkset-kaufen-%f0%9f%a5%b3","status":"publish","type":"product","link":"https:\/\/www.blogseite.com\/geschenke\/s\/nivea-men-performance-set-geschenkset-kaufen-%f0%9f%a5%b3\/","title":{"rendered":"NIVEA MEN Performance Set, Geschenkset kaufen \ud83e\udd73"},"content":{"rendered":"<ul class=\"a-unordered-list a-vertical a-spacing-mini\">\n<li><span class=\"a-list-item\">Praktisches Set \u2013 Das NIVEA MEN Performance Set \u00fcberzeugt mit energiespendenden Pflegeprodukten f\u00fcr den Mann: f\u00fcr einzigartige Performances den ganzen Tag!<\/span><\/li>\n<li><span class=\"a-list-item\">Reinigend und vitalisierend \u2013 Die Pflegedusche Power Fresh erfrischt mit ihrem belebenden Duft nach Menthol und macht Duschen zu einem Erlebnis<\/span><\/li>\n<li><span class=\"a-list-item\">Regenerierender Balsam \u2013 Der Anti-Age Hyaluron After Shave Balsam beruhigt die Haut nach der Rasur, spendet Feuchtigkeit und mildert Hautirritationen<\/span><\/li>\n<li><span class=\"a-list-item\">Tiefenwirksame Pflege \u2013 Die Anti-Age Hyaluron Feuchtigkeitscreme mildert sichtbar tiefe Falten und beugt mit LSF 15 der sonnenbedingten Hautalterung vor<\/span><\/li>\n<li><span class=\"a-list-item\">Lieferumfang &amp; Details \u2013 NIVEA MEN Performance Set, Pflegedusche Power Fresh (250 ml), Anti-Age Hyaluron After Shave Balsam (100 ml), Anti-Age Hyaluron Feuchtigkeitscreme (50 ml), Fresh Active Deo Spray (150 ml), Artikelnr. 93283<\/span><\/li>\n<\/ul>\n","protected":false},"excerpt":{"rendered":"<p>Praktisches Set \u2013 Das NIVEA MEN Performance Set \u00fcberzeugt mit energiespendenden Pflegeprodukten f\u00fcr den Mann: f\u00fcr einzigartige Performances den ganzen Tag! Reinigend und vitalisierend \u2013 Die Pflegedusche Power Fresh erfrischt mit ihrem belebenden Duft nach Menthol und macht Duschen zu einem Erlebnis Regenerierender Balsam \u2013 Der Anti-Age Hyaluron After Shave Balsam beruhigt die Haut nach [&hellip;]<\/p>\n","protected":false},"featured_media":8039,"comment_status":"open","ping_status":"closed","template":"","meta":[],"product_cat":[746,103,74,110,54,116,63,45,108,73,1118,280,426,431,293,292,300,302,70,297,299,295,64],"product_tag":[507,1609],"class_list":{"0":"post-8038","1":"product","2":"type-product","3":"status-publish","4":"has-post-thumbnail","6":"product_cat--fit-fuer-den-fruehling","7":"product_cat-studenten","8":"product_cat-bester-freund","9":"product_cat-freund","10":"product_cat-vatertag","11":"product_cat-frauen","12":"product_cat-mutter","13":"product_cat-freundin","14":"product_cat-maenner","15":"product_cat-beste-freundin","16":"product_cat--freundin","17":"product_cat-geburtstagsgeschenke","18":"product_cat-nach-preis","19":"product_cat-unter-50-euro","20":"product_cat-geschenk-fuer-bruder","21":"product_cat-sohn","22":"product_cat--kollege","23":"product_cat--jungen","24":"product_cat-geschenke-fuer-jeden-anlass","25":"product_cat--maedchen","26":"product_cat--chef","27":"product_cat--tochter","28":"product_cat-vater","29":"product_tag-geschenkset","30":"product_tag-nivea","32":"first","33":"instock","34":"shipping-taxable","35":"product-type-external"},"_links":{"self":[{"href":"https:\/\/www.blogseite.com\/geschenke\/wp-json\/wp\/v2\/product\/8038"}],"collection":[{"href":"https:\/\/www.blogseite.com\/geschenke\/wp-json\/wp\/v2\/product"}],"about":[{"href":"https:\/\/www.blogseite.com\/geschenke\/wp-json\/wp\/v2\/types\/product"}],"replies":[{"embeddable":true,"href":"https:\/\/www.blogseite.com\/geschenke\/wp-json\/wp\/v2\/comments?post=8038"}],"wp:featuredmedia":[{"embeddable":true,"href":"https:\/\/www.blogseite.com\/geschenke\/wp-json\/wp\/v2\/media\/8039"}],"wp:attachment":[{"href":"https:\/\/www.blogseite.com\/geschenke\/wp-json\/wp\/v2\/media?parent=8038"}],"wp:term":[{"taxonomy":"product_cat","embeddable":true,"href":"https:\/\/www.blogseite.com\/geschenke\/wp-json\/wp\/v2\/product_cat?post=8038"},{"taxonomy":"product_tag","embeddable":true,"href":"https:\/\/www.blogseite.com\/geschenke\/wp-json\/wp\/v2\/product_tag?post=8038"}],"curies":[{"name":"wp","href":"https:\/\/api.w.org\/{rel}","templated":true}]}}