{"id":8036,"date":"2022-08-05T11:43:06","date_gmt":"2022-08-05T09:43:06","guid":{"rendered":"https:\/\/www.blogseite.com\/geschenke\/?post_type=product&#038;p=8036"},"modified":"2022-08-05T11:44:29","modified_gmt":"2022-08-05T09:44:29","slug":"nivea-kleine-auszeit-geschenkset-kaufen-%f0%9f%92%96","status":"publish","type":"product","link":"https:\/\/www.blogseite.com\/geschenke\/s\/nivea-kleine-auszeit-geschenkset-kaufen-%f0%9f%92%96\/","title":{"rendered":"NIVEA Kleine Auszeit Geschenkset kaufen \ud83d\udc96"},"content":{"rendered":"<ul class=\"a-unordered-list a-vertical a-spacing-mini\">\n<li><span class=\"a-list-item\">Kleine Auszeit \u2013 Dieses Pflegeset enth\u00e4lt ausgew\u00e4hlte Nivea Produkte sowie einen weichen Duschschwamm f\u00fcr eine Auszeit vom Alltag in einer attraktiven Geschenkverpackung<\/span><\/li>\n<li><span class=\"a-list-item\">Nat\u00fcrliche Aloe Vera \u2013 Die sanft reinigende Nivea Pflegedusche Creme Aloe spendet langanhaltende Feuchtigkeit und sorgt f\u00fcr ein verw\u00f6hnendes Duscherlebnis<\/span><\/li>\n<li><span class=\"a-list-item\">T\u00e4gliche Hautpflege \u2013\u00a0Die im Pflegeset enthaltene Nivea Natural Balance feuchtigkeitsspendende Tagespflege sorgt den ganzen Tag f\u00fcr ein angenehmes Hautgef\u00fchl<\/span><\/li>\n<li><span class=\"a-list-item\">Das Original \u2013 Um die kleine Auszeit zu vervollst\u00e4ndigen, spendet der Labello Original Lippenpflegestift intensive Feuchtigkeit und schenkt geschmeidige Lippen<\/span><\/li>\n<li><span class=\"a-list-item\">Lieferumfang \u2013 Nivea Kleine Auszeit mit Nivea Pflegedusche Creme Aloe (250 ml), Nivea Natural Balance Tagespflege (50 ml), Labello Original Lippenpflege (4,8 g) und Duschschwamm, Artikelnr. 92042<\/span><\/li>\n<\/ul>\n","protected":false},"excerpt":{"rendered":"<p>Kleine Auszeit \u2013 Dieses Pflegeset enth\u00e4lt ausgew\u00e4hlte Nivea Produkte sowie einen weichen Duschschwamm f\u00fcr eine Auszeit vom Alltag in einer attraktiven Geschenkverpackung Nat\u00fcrliche Aloe Vera \u2013 Die sanft reinigende Nivea Pflegedusche Creme Aloe spendet langanhaltende Feuchtigkeit und sorgt f\u00fcr ein verw\u00f6hnendes Duscherlebnis T\u00e4gliche Hautpflege \u2013\u00a0Die im Pflegeset enthaltene Nivea Natural Balance feuchtigkeitsspendende Tagespflege sorgt den [&hellip;]<\/p>\n","protected":false},"featured_media":8037,"comment_status":"open","ping_status":"closed","template":"","meta":[],"product_cat":[746,103,74,110,54,116,63,45,108,73,1118,280,426,431,293,292,300,302,70,297,299,295,64],"product_tag":[507,1609],"class_list":{"0":"post-8036","1":"product","2":"type-product","3":"status-publish","4":"has-post-thumbnail","6":"product_cat--fit-fuer-den-fruehling","7":"product_cat-studenten","8":"product_cat-bester-freund","9":"product_cat-freund","10":"product_cat-vatertag","11":"product_cat-frauen","12":"product_cat-mutter","13":"product_cat-freundin","14":"product_cat-maenner","15":"product_cat-beste-freundin","16":"product_cat--freundin","17":"product_cat-geburtstagsgeschenke","18":"product_cat-nach-preis","19":"product_cat-unter-50-euro","20":"product_cat-geschenk-fuer-bruder","21":"product_cat-sohn","22":"product_cat--kollege","23":"product_cat--jungen","24":"product_cat-geschenke-fuer-jeden-anlass","25":"product_cat--maedchen","26":"product_cat--chef","27":"product_cat--tochter","28":"product_cat-vater","29":"product_tag-geschenkset","30":"product_tag-nivea","32":"first","33":"instock","34":"shipping-taxable","35":"product-type-external"},"_links":{"self":[{"href":"https:\/\/www.blogseite.com\/geschenke\/wp-json\/wp\/v2\/product\/8036"}],"collection":[{"href":"https:\/\/www.blogseite.com\/geschenke\/wp-json\/wp\/v2\/product"}],"about":[{"href":"https:\/\/www.blogseite.com\/geschenke\/wp-json\/wp\/v2\/types\/product"}],"replies":[{"embeddable":true,"href":"https:\/\/www.blogseite.com\/geschenke\/wp-json\/wp\/v2\/comments?post=8036"}],"wp:featuredmedia":[{"embeddable":true,"href":"https:\/\/www.blogseite.com\/geschenke\/wp-json\/wp\/v2\/media\/8037"}],"wp:attachment":[{"href":"https:\/\/www.blogseite.com\/geschenke\/wp-json\/wp\/v2\/media?parent=8036"}],"wp:term":[{"taxonomy":"product_cat","embeddable":true,"href":"https:\/\/www.blogseite.com\/geschenke\/wp-json\/wp\/v2\/product_cat?post=8036"},{"taxonomy":"product_tag","embeddable":true,"href":"https:\/\/www.blogseite.com\/geschenke\/wp-json\/wp\/v2\/product_tag?post=8036"}],"curies":[{"name":"wp","href":"https:\/\/api.w.org\/{rel}","templated":true}]}}