{"id":8032,"date":"2022-08-05T11:37:30","date_gmt":"2022-08-05T09:37:30","guid":{"rendered":"https:\/\/www.blogseite.com\/geschenke\/?post_type=product&#038;p=8032"},"modified":"2022-08-05T11:38:52","modified_gmt":"2022-08-05T09:38:52","slug":"nivea-feel-the-pride-set-geschenkset-kaufen-%f0%9f%a5%b0","status":"publish","type":"product","link":"https:\/\/www.blogseite.com\/geschenke\/s\/nivea-feel-the-pride-set-geschenkset-kaufen-%f0%9f%a5%b0\/","title":{"rendered":"NIVEA Feel The Pride Set, Geschenkset kaufen \ud83e\udd70"},"content":{"rendered":"<ul class=\"a-unordered-list a-vertical a-spacing-mini\">\n<li><span class=\"a-list-item\">Feel The Pride \u2013 Das Hautpflegeset verw\u00f6hnt mit farbenfrohen Pflege- und Reinigungsprodukten. Von Peeling bis Pflegedusche: hier ist f\u00fcr jeden etwas dabei!<\/span><\/li>\n<li><span class=\"a-list-item\">Sanfte Reinigung \u2013 Das NIVEA Reis Peeling Himbeere und das feuchtigkeitsspendende NIVEA T\u00e4gliches Wasch-Peeling sorgen f\u00fcr eine porentiefe Reinigung.<\/span><\/li>\n<li><span class=\"a-list-item\">Leichte Formel \u2013 Die NIVEA Care Sensitive mit Aloe Vera beruhigt, pflegt intensiv ohne zu fetten und hinterl\u00e4sst ein einzigartiges, weiches Hautgef\u00fchl.<\/span><\/li>\n<li><span class=\"a-list-item\">Sommerliche Dusche \u2013 Die NIVEA Pflegedusche Love Sunshine bringt Urlaubserinnerungen zur\u00fcck und verw\u00f6hnt mit dem Duft nach sonnengek\u00fcsster Haut.<\/span><\/li>\n<li><span class=\"a-list-item\">Lieferumfang &amp; Details \u2013 NIVEA Feel The Pride Set, Reis Peeling Himbeere (75 ml), Wasch-Peeling (150 ml), Care Sensitive Creme (200 ml),\u00a0 Pflegedusche Wassermelone (300 ml), Pflegedusche Creme Care (250 ml), Pflegedusche Love Sunshine (250 ml), NIVEA Creme (150 ml), Artikelnr. 93577<\/span><\/li>\n<\/ul>\n","protected":false},"excerpt":{"rendered":"<p>Feel The Pride \u2013 Das Hautpflegeset verw\u00f6hnt mit farbenfrohen Pflege- und Reinigungsprodukten. Von Peeling bis Pflegedusche: hier ist f\u00fcr jeden etwas dabei! Sanfte Reinigung \u2013 Das NIVEA Reis Peeling Himbeere und das feuchtigkeitsspendende NIVEA T\u00e4gliches Wasch-Peeling sorgen f\u00fcr eine porentiefe Reinigung. Leichte Formel \u2013 Die NIVEA Care Sensitive mit Aloe Vera beruhigt, pflegt intensiv ohne [&hellip;]<\/p>\n","protected":false},"featured_media":8033,"comment_status":"open","ping_status":"closed","template":"","meta":[],"product_cat":[746,103,74,110,54,116,63,45,108,73,1118,280,426,431,293,292,300,302,70,297,299,295,64],"product_tag":[507,1609],"class_list":{"0":"post-8032","1":"product","2":"type-product","3":"status-publish","4":"has-post-thumbnail","6":"product_cat--fit-fuer-den-fruehling","7":"product_cat-studenten","8":"product_cat-bester-freund","9":"product_cat-freund","10":"product_cat-vatertag","11":"product_cat-frauen","12":"product_cat-mutter","13":"product_cat-freundin","14":"product_cat-maenner","15":"product_cat-beste-freundin","16":"product_cat--freundin","17":"product_cat-geburtstagsgeschenke","18":"product_cat-nach-preis","19":"product_cat-unter-50-euro","20":"product_cat-geschenk-fuer-bruder","21":"product_cat-sohn","22":"product_cat--kollege","23":"product_cat--jungen","24":"product_cat-geschenke-fuer-jeden-anlass","25":"product_cat--maedchen","26":"product_cat--chef","27":"product_cat--tochter","28":"product_cat-vater","29":"product_tag-geschenkset","30":"product_tag-nivea","32":"first","33":"instock","34":"shipping-taxable","35":"product-type-external"},"_links":{"self":[{"href":"https:\/\/www.blogseite.com\/geschenke\/wp-json\/wp\/v2\/product\/8032"}],"collection":[{"href":"https:\/\/www.blogseite.com\/geschenke\/wp-json\/wp\/v2\/product"}],"about":[{"href":"https:\/\/www.blogseite.com\/geschenke\/wp-json\/wp\/v2\/types\/product"}],"replies":[{"embeddable":true,"href":"https:\/\/www.blogseite.com\/geschenke\/wp-json\/wp\/v2\/comments?post=8032"}],"wp:featuredmedia":[{"embeddable":true,"href":"https:\/\/www.blogseite.com\/geschenke\/wp-json\/wp\/v2\/media\/8033"}],"wp:attachment":[{"href":"https:\/\/www.blogseite.com\/geschenke\/wp-json\/wp\/v2\/media?parent=8032"}],"wp:term":[{"taxonomy":"product_cat","embeddable":true,"href":"https:\/\/www.blogseite.com\/geschenke\/wp-json\/wp\/v2\/product_cat?post=8032"},{"taxonomy":"product_tag","embeddable":true,"href":"https:\/\/www.blogseite.com\/geschenke\/wp-json\/wp\/v2\/product_tag?post=8032"}],"curies":[{"name":"wp","href":"https:\/\/api.w.org\/{rel}","templated":true}]}}