{"id":803,"date":"2020-12-03T18:01:05","date_gmt":"2020-12-03T17:01:05","guid":{"rendered":"https:\/\/geschenke.blogseite.com\/?post_type=product&#038;p=803"},"modified":"2022-04-06T09:54:36","modified_gmt":"2022-04-06T07:54:36","slug":"ocoopa-handwaermer-usb-wiederaufladbarer-handwaermer-%f0%9f%a4%92","status":"publish","type":"product","link":"https:\/\/www.blogseite.com\/geschenke\/s\/ocoopa-handwaermer-usb-wiederaufladbarer-handwaermer-%f0%9f%a4%92\/","title":{"rendered":"OCOOPA Handw\u00e4rmer, USB wiederaufladbarer Handw\u00e4rmer \ud83e\udd12"},"content":{"rendered":"<ul class=\"a-unordered-list a-vertical a-spacing-mini\">\n<li><span class=\"a-list-item\">Exquisiter Komfort &#8211; hergestellt aus High-Tech-Aluminium in Flugzeugqualit\u00e4t und ABS-Materialien, Tausende von polierten Au\u00dfenmaterialien, die gleichzeitig die Sicherheit gew\u00e4hrleisten, haben ein absolut exzellentes Touch-Gef\u00fchl. Glatt, warm, tragbar, kompakt und rutschfest mit einer Hand.<\/span><\/li>\n<li><span class=\"a-list-item\">3 einstellbare Heizmodi. Sofortige W\u00e4rmeabgabe. Schnelles Aufheizen beider Seiten in wenigen Sekunden, um Ihre H\u00e4nde zu w\u00e4rmen. Sie k\u00f6nnen zwischen 3 Temperaturstufen w\u00e4hlen: 95-107\u00b0F \/ 104-118\u00b0F \/ 118-131\u00b0F.<\/span><\/li>\n<li><span class=\"a-list-item\">Wiederaufladbarer und wiederverwendbarer Handw\u00e4rmer usb mit gro\u00dfer Akkukapazit\u00e4t &#8211; 5200 mAh Lithium-Akkus mit USB-C-Ladeanschluss k\u00f6nnen eine lange Gebrauchsdauer gew\u00e4hrleisten. Er kann auch als mobile Stromquelle verwendet werden, um Ihre elektronischen Ger\u00e4te jederzeit aufzuladen.<\/span><\/li>\n<li><span class=\"a-list-item\">UPGRADED SECURITY &#8211; Die optimierte und verbesserte Schaltung gew\u00e4hrleistet eine lange Lebensdauer und sch\u00fctzt vor \u00dcberentladung, \u00dcberladung, \u00dcberhitzung und Kurzschluss.Mit dem ergonomischen handw\u00e4rmer k\u00f6nnen Sie ihn einfach und bequem aus der Tasche ziehen!<\/span><\/li>\n<li><span class=\"a-list-item\">Das perfekte Geschenk f\u00fcr den kalten Winter &#8211; Unser moderner und bequemer handw\u00e4rmer powerbank wird Sie und Ihre Lieben in dieser kalten Jahreszeit mit W\u00e4rme versorgen!<\/span><\/li>\n<\/ul>\n","protected":false},"excerpt":{"rendered":"<p>Exquisiter Komfort &#8211; hergestellt aus High-Tech-Aluminium in Flugzeugqualit\u00e4t und ABS-Materialien, Tausende von polierten Au\u00dfenmaterialien, die gleichzeitig die Sicherheit gew\u00e4hrleisten, haben ein absolut exzellentes Touch-Gef\u00fchl. Glatt, warm, tragbar, kompakt und rutschfest mit einer Hand. 3 einstellbare Heizmodi. Sofortige W\u00e4rmeabgabe. Schnelles Aufheizen beider Seiten in wenigen Sekunden, um Ihre H\u00e4nde zu w\u00e4rmen. Sie k\u00f6nnen zwischen 3 Temperaturstufen [&hellip;]<\/p>\n","protected":false},"featured_media":804,"comment_status":"open","ping_status":"closed","template":"","meta":[],"product_cat":[116,63,53,45,426,431],"product_tag":[113,447],"class_list":{"0":"post-803","1":"product","2":"type-product","3":"status-publish","4":"has-post-thumbnail","6":"product_cat-frauen","7":"product_cat-mutter","8":"product_cat-muttertag","9":"product_cat-freundin","10":"product_cat-nach-preis","11":"product_cat-unter-50-euro","12":"product_tag-geschenk-fuer-frauen","13":"product_tag-handwaermer","15":"first","16":"instock","17":"shipping-taxable","18":"product-type-external"},"_links":{"self":[{"href":"https:\/\/www.blogseite.com\/geschenke\/wp-json\/wp\/v2\/product\/803"}],"collection":[{"href":"https:\/\/www.blogseite.com\/geschenke\/wp-json\/wp\/v2\/product"}],"about":[{"href":"https:\/\/www.blogseite.com\/geschenke\/wp-json\/wp\/v2\/types\/product"}],"replies":[{"embeddable":true,"href":"https:\/\/www.blogseite.com\/geschenke\/wp-json\/wp\/v2\/comments?post=803"}],"wp:featuredmedia":[{"embeddable":true,"href":"https:\/\/www.blogseite.com\/geschenke\/wp-json\/wp\/v2\/media\/804"}],"wp:attachment":[{"href":"https:\/\/www.blogseite.com\/geschenke\/wp-json\/wp\/v2\/media?parent=803"}],"wp:term":[{"taxonomy":"product_cat","embeddable":true,"href":"https:\/\/www.blogseite.com\/geschenke\/wp-json\/wp\/v2\/product_cat?post=803"},{"taxonomy":"product_tag","embeddable":true,"href":"https:\/\/www.blogseite.com\/geschenke\/wp-json\/wp\/v2\/product_tag?post=803"}],"curies":[{"name":"wp","href":"https:\/\/api.w.org\/{rel}","templated":true}]}}