{"id":8026,"date":"2022-08-05T11:29:14","date_gmt":"2022-08-05T09:29:14","guid":{"rendered":"https:\/\/www.blogseite.com\/geschenke\/?post_type=product&#038;p=8026"},"modified":"2022-08-05T11:30:29","modified_gmt":"2022-08-05T09:30:29","slug":"rituals-geschenkset-fuer-herren-samurai-kaufen-%f0%9f%99%8b%f0%9f%8f%bc%e2%99%82%ef%b8%8f","status":"publish","type":"product","link":"https:\/\/www.blogseite.com\/geschenke\/s\/rituals-geschenkset-fuer-herren-samurai-kaufen-%f0%9f%99%8b%f0%9f%8f%bc%e2%99%82%ef%b8%8f\/","title":{"rendered":"RITUALS Geschenkset f\u00fcr Herren Samurai kaufen \ud83d\ude4b\ud83c\udffc\u200d\u2642\ufe0f"},"content":{"rendered":"<div id=\"featurebullets_feature_div\" class=\"celwidget\" data-feature-name=\"featurebullets\" data-csa-c-id=\"97iocg-8ymnlq-qo73cy-4ih2g2\" data-cel-widget=\"featurebullets_feature_div\">\n<div id=\"feature-bullets\" class=\"a-section a-spacing-medium a-spacing-top-small\">\n<ul class=\"a-unordered-list a-vertical a-spacing-mini\">\n<li><span class=\"a-list-item\">Vollenden Sie das Ritual: Dieses wundervolle Kultur-Geschenkset in der Gr\u00f6\u00dfe Large enth\u00e4lt einen Duschschaum, Rasierschaum, Aftershave und Eau de Parfum; entdecken Sie das ganze Ritual of Samurai<\/span><\/li>\n<li><span class=\"a-list-item\">Stimulierende Inhaltsstoffe: Die essentiellen Hautpflegeprodukte dieses Geschenksets enthalten Bambus und Sandelholz, bekannt als hautstimulierende Inhaltsstoffe, ideal f\u00fcr Peelings<\/span><\/li>\n<li><span class=\"a-list-item\">Luxuri\u00f6ses Geschenkset: Diese Geschenkidee f\u00fcr M\u00e4nner ist ideal als besondere Gabe f\u00fcr sich selbst; nat\u00fcrlich k\u00f6nnen Sie es auch einem geliebten Menschen zum Geburtstag oder einem Feiertag schenken und so Ihre Aufmerksamkeit zeigen<\/span><\/li>\n<li><span class=\"a-list-item\">St\u00e4rkender Duft: Dieses Geschenk f\u00fcr M\u00e4nner besticht mit dem leichten, frischen Duft von Bambus und japanischer Minze sowie dem anregenden, holzigen und maskulinen Aroma von Sandelholz; so st\u00e4rkt das Set und schenkt neue Energie<\/span><\/li>\n<li><span class=\"a-list-item\">The Ritual of Samurai: Dieses Hautpflege-Geschenkset hilft Ihnen, bestmoglich auszusehen und sich auch so zu f\u00fchlen; das Set ist inspiriert von den Pflegetraditionen uralter japanischen Krieger und enth\u00e4lt f\u00fcr die K\u00f6rperpflege essentielle Produkte<\/span><\/li>\n<\/ul>\n<\/div>\n<\/div>\n<div id=\"provenanceCertifications_feature_div\" class=\"celwidget\" data-feature-name=\"provenanceCertifications\" data-csa-c-id=\"a5n2hh-nxwfgc-26ponp-kqxt54\" data-cel-widget=\"provenanceCertifications_feature_div\"><\/div>\n<div id=\"legalEUAtf_feature_div\" class=\"celwidget\" data-feature-name=\"legalEUAtf\" data-csa-c-id=\"ezijf-f0u493-dkhtla-kdr8ma\" data-cel-widget=\"legalEUAtf_feature_div\"><\/div>\n","protected":false},"excerpt":{"rendered":"<p>Vollenden Sie das Ritual: Dieses wundervolle Kultur-Geschenkset in der Gr\u00f6\u00dfe Large enth\u00e4lt einen Duschschaum, Rasierschaum, Aftershave und Eau de Parfum; entdecken Sie das ganze Ritual of Samurai Stimulierende Inhaltsstoffe: Die essentiellen Hautpflegeprodukte dieses Geschenksets enthalten Bambus und Sandelholz, bekannt als hautstimulierende Inhaltsstoffe, ideal f\u00fcr Peelings Luxuri\u00f6ses Geschenkset: Diese Geschenkidee f\u00fcr M\u00e4nner ist ideal als besondere [&hellip;]<\/p>\n","protected":false},"featured_media":8027,"comment_status":"open","ping_status":"closed","template":"","meta":[],"product_cat":[746,103,74,110,54,116,63,45,108,73,1118,280,426,431,293,292,300,302,70,297,299,295,64],"product_tag":[507,1608],"class_list":{"0":"post-8026","1":"product","2":"type-product","3":"status-publish","4":"has-post-thumbnail","6":"product_cat--fit-fuer-den-fruehling","7":"product_cat-studenten","8":"product_cat-bester-freund","9":"product_cat-freund","10":"product_cat-vatertag","11":"product_cat-frauen","12":"product_cat-mutter","13":"product_cat-freundin","14":"product_cat-maenner","15":"product_cat-beste-freundin","16":"product_cat--freundin","17":"product_cat-geburtstagsgeschenke","18":"product_cat-nach-preis","19":"product_cat-unter-50-euro","20":"product_cat-geschenk-fuer-bruder","21":"product_cat-sohn","22":"product_cat--kollege","23":"product_cat--jungen","24":"product_cat-geschenke-fuer-jeden-anlass","25":"product_cat--maedchen","26":"product_cat--chef","27":"product_cat--tochter","28":"product_cat-vater","29":"product_tag-geschenkset","30":"product_tag-rituals","32":"first","33":"instock","34":"shipping-taxable","35":"product-type-external"},"_links":{"self":[{"href":"https:\/\/www.blogseite.com\/geschenke\/wp-json\/wp\/v2\/product\/8026"}],"collection":[{"href":"https:\/\/www.blogseite.com\/geschenke\/wp-json\/wp\/v2\/product"}],"about":[{"href":"https:\/\/www.blogseite.com\/geschenke\/wp-json\/wp\/v2\/types\/product"}],"replies":[{"embeddable":true,"href":"https:\/\/www.blogseite.com\/geschenke\/wp-json\/wp\/v2\/comments?post=8026"}],"wp:featuredmedia":[{"embeddable":true,"href":"https:\/\/www.blogseite.com\/geschenke\/wp-json\/wp\/v2\/media\/8027"}],"wp:attachment":[{"href":"https:\/\/www.blogseite.com\/geschenke\/wp-json\/wp\/v2\/media?parent=8026"}],"wp:term":[{"taxonomy":"product_cat","embeddable":true,"href":"https:\/\/www.blogseite.com\/geschenke\/wp-json\/wp\/v2\/product_cat?post=8026"},{"taxonomy":"product_tag","embeddable":true,"href":"https:\/\/www.blogseite.com\/geschenke\/wp-json\/wp\/v2\/product_tag?post=8026"}],"curies":[{"name":"wp","href":"https:\/\/api.w.org\/{rel}","templated":true}]}}