{"id":8022,"date":"2022-08-05T11:24:18","date_gmt":"2022-08-05T09:24:18","guid":{"rendered":"https:\/\/www.blogseite.com\/geschenke\/?post_type=product&#038;p=8022"},"modified":"2022-08-05T11:25:52","modified_gmt":"2022-08-05T09:25:52","slug":"rituals-guenstiges-geschenkset-fuer-frauen-kaufen-%f0%9f%98%8d","status":"publish","type":"product","link":"https:\/\/www.blogseite.com\/geschenke\/s\/rituals-guenstiges-geschenkset-fuer-frauen-kaufen-%f0%9f%98%8d\/","title":{"rendered":"RITUALS g\u00fcnstiges Geschenkset f\u00fcr Frauen kaufen \ud83d\ude0d"},"content":{"rendered":"<ul class=\"a-unordered-list a-vertical a-spacing-mini\">\n<li><span class=\"a-list-item\">Vollenden Sie das Ritual: Dieses wundervolle Geschenkset in der Gr\u00f6\u00dfe Large enth\u00e4lt einen Duschschaum, Haar- und K\u00f6rperspray, K\u00f6rpercreme und Mini-Duftst\u00e4bchen; entdecken Sie das ganze Ritual of Ayurveda<\/span><\/li>\n<li><span class=\"a-list-item\">Beruhigende Inhaltsstoffe: Die luxuri\u00f6sen Produkte dieses Damen-Geschenksets sind mit s\u00fcssen Mandel\u00f6l formuliert und daher reich an Proteinen sowie Vitaminen; das \u00d6l ist mild, n\u00e4hrend und beruhigend, w\u00e4hrend es die Feuchtigkeit Ihrer Haut reguliert.<\/span><\/li>\n<li><span class=\"a-list-item\">Luxuri\u00f6ses Geschenkset: Dieses Set f\u00fcr Frauen ist ideal als besonderes Geschenk f\u00fcr sich selbst; nat\u00fcrlich k\u00f6nnen Sie es auch einem geliebten Menschen zum Geburtstag oder einem Feiertag schenken und so Ihre Aufmerksamkeit zeigen<\/span><\/li>\n<li><span class=\"a-list-item\">S\u00fc\u00dfer Duft: Mit dem s\u00fc\u00dfen und zugleich feinen Aroma indischer Rose, die entspannt und beruhigt, sowie dem aromatischen, nussigen Duft von S\u00fc\u00dfmandel\u00f6l; dieses Pflegeset f\u00fcr Damen bringt einen Hauch von Harmonie und Ausgeglichenheit<\/span><\/li>\n<li><span class=\"a-list-item\">The Ritual of Ayurveda: Dieses Verw\u00f6hn-Set basiert auf dem Prinzip des ausgeglichenen Lebens; uraltes Wissen aus Indien bringt K\u00f6rper, Geist und Seele mit reinigender Energie in Einklang; hergestellt aus &gt;90% Inhaltsstoffen nat\u00fcrlichen Ursprungs<\/span><\/li>\n<\/ul>\n","protected":false},"excerpt":{"rendered":"<p>Vollenden Sie das Ritual: Dieses wundervolle Geschenkset in der Gr\u00f6\u00dfe Large enth\u00e4lt einen Duschschaum, Haar- und K\u00f6rperspray, K\u00f6rpercreme und Mini-Duftst\u00e4bchen; entdecken Sie das ganze Ritual of Ayurveda Beruhigende Inhaltsstoffe: Die luxuri\u00f6sen Produkte dieses Damen-Geschenksets sind mit s\u00fcssen Mandel\u00f6l formuliert und daher reich an Proteinen sowie Vitaminen; das \u00d6l ist mild, n\u00e4hrend und beruhigend, w\u00e4hrend es [&hellip;]<\/p>\n","protected":false},"featured_media":8023,"comment_status":"open","ping_status":"closed","template":"","meta":[],"product_cat":[746,103,74,110,54,116,63,45,108,73,1118,280,426,431,293,292,300,302,70,297,299,295,64],"product_tag":[507],"class_list":{"0":"post-8022","1":"product","2":"type-product","3":"status-publish","4":"has-post-thumbnail","6":"product_cat--fit-fuer-den-fruehling","7":"product_cat-studenten","8":"product_cat-bester-freund","9":"product_cat-freund","10":"product_cat-vatertag","11":"product_cat-frauen","12":"product_cat-mutter","13":"product_cat-freundin","14":"product_cat-maenner","15":"product_cat-beste-freundin","16":"product_cat--freundin","17":"product_cat-geburtstagsgeschenke","18":"product_cat-nach-preis","19":"product_cat-unter-50-euro","20":"product_cat-geschenk-fuer-bruder","21":"product_cat-sohn","22":"product_cat--kollege","23":"product_cat--jungen","24":"product_cat-geschenke-fuer-jeden-anlass","25":"product_cat--maedchen","26":"product_cat--chef","27":"product_cat--tochter","28":"product_cat-vater","29":"product_tag-geschenkset","31":"first","32":"instock","33":"shipping-taxable","34":"product-type-external"},"_links":{"self":[{"href":"https:\/\/www.blogseite.com\/geschenke\/wp-json\/wp\/v2\/product\/8022"}],"collection":[{"href":"https:\/\/www.blogseite.com\/geschenke\/wp-json\/wp\/v2\/product"}],"about":[{"href":"https:\/\/www.blogseite.com\/geschenke\/wp-json\/wp\/v2\/types\/product"}],"replies":[{"embeddable":true,"href":"https:\/\/www.blogseite.com\/geschenke\/wp-json\/wp\/v2\/comments?post=8022"}],"wp:featuredmedia":[{"embeddable":true,"href":"https:\/\/www.blogseite.com\/geschenke\/wp-json\/wp\/v2\/media\/8023"}],"wp:attachment":[{"href":"https:\/\/www.blogseite.com\/geschenke\/wp-json\/wp\/v2\/media?parent=8022"}],"wp:term":[{"taxonomy":"product_cat","embeddable":true,"href":"https:\/\/www.blogseite.com\/geschenke\/wp-json\/wp\/v2\/product_cat?post=8022"},{"taxonomy":"product_tag","embeddable":true,"href":"https:\/\/www.blogseite.com\/geschenke\/wp-json\/wp\/v2\/product_tag?post=8022"}],"curies":[{"name":"wp","href":"https:\/\/api.w.org\/{rel}","templated":true}]}}