{"id":8020,"date":"2022-08-05T11:20:14","date_gmt":"2022-08-05T09:20:14","guid":{"rendered":"https:\/\/www.blogseite.com\/geschenke\/?post_type=product&#038;p=8020"},"modified":"2022-08-05T11:23:26","modified_gmt":"2022-08-05T09:23:26","slug":"rituals-geschenkset-fuer-frauen-kaufen-%f0%9f%92%96%f0%9f%99%8b%f0%9f%8f%bc%e2%99%80%ef%b8%8f","status":"publish","type":"product","link":"https:\/\/www.blogseite.com\/geschenke\/s\/rituals-geschenkset-fuer-frauen-kaufen-%f0%9f%92%96%f0%9f%99%8b%f0%9f%8f%bc%e2%99%80%ef%b8%8f\/","title":{"rendered":"RITUALS Geschenkset f\u00fcr Frauen Kaufen \ud83d\udc96\ud83d\ude4b\ud83c\udffc\u200d\u2640\ufe0f"},"content":{"rendered":"<ul class=\"a-unordered-list a-vertical a-spacing-mini\">\n<li><span class=\"a-list-item\">Vollenden Sie das Ritual: Dieses wundervolle Geschenkset in der Gr\u00f6\u00dfe Small enth\u00e4lt einen Duschschaum, Haar- und K\u00f6rperspray, K\u00f6rpercreme und K\u00f6rperpeeling; entdecken Sie das ganze Ritual of Sakura<\/span><\/li>\n<li><span class=\"a-list-item\">Erneuernde Ingredienzien: Die herrlichen Produkte dieses Geschenksets f\u00fcr Damen sind mit Reismilchextrakt angereichert, das Ihre Haut sanft sowie geschmeidig macht und ihr einen gesunden Glanz verleiht<\/span><\/li>\n<li><span class=\"a-list-item\">Luxuri\u00f6ses Geschenkset: Dieses Set f\u00fcr Frauen ist ideal als besonderes Geschenk f\u00fcr sich selbst; nat\u00fcrlich k\u00f6nnen Sie es auch einem geliebten Menschen zum Geburtstag oder einem Feiertag schenken und so Ihre Aufmerksamkeit zeigen<\/span><\/li>\n<li><span class=\"a-list-item\">Zarter Duft: Dieses wundervolle Pflegeset f\u00fcr Damen \u00fcberzeugt mit dem blumigen Aroma von Kirschbl\u00fcten und n\u00e4hrender Reismilch; so erinnert es Sie an den Fr\u00fchling und neue Anf\u00e4nge<\/span><\/li>\n<li><span class=\"a-list-item\">The Ritual of Sakura: Dieses Verw\u00f6hn-Pflegeset ist von der japanischen Tradition des Hanami inspiriert und regt Sie dazu an, die Sch\u00f6nheit jedes Momentes zu finden; zelebrieren Sie jeden Tag als Neubeginn<\/span><\/li>\n<\/ul>\n","protected":false},"excerpt":{"rendered":"<p>Vollenden Sie das Ritual: Dieses wundervolle Geschenkset in der Gr\u00f6\u00dfe Small enth\u00e4lt einen Duschschaum, Haar- und K\u00f6rperspray, K\u00f6rpercreme und K\u00f6rperpeeling; entdecken Sie das ganze Ritual of Sakura Erneuernde Ingredienzien: Die herrlichen Produkte dieses Geschenksets f\u00fcr Damen sind mit Reismilchextrakt angereichert, das Ihre Haut sanft sowie geschmeidig macht und ihr einen gesunden Glanz verleiht Luxuri\u00f6ses Geschenkset: [&hellip;]<\/p>\n","protected":false},"featured_media":8021,"comment_status":"open","ping_status":"closed","template":"","meta":[],"product_cat":[746,103,74,110,54,116,63,45,108,73,1118,426,431,293,292,300,302,70,297,299,295,64],"product_tag":[507],"class_list":{"0":"post-8020","1":"product","2":"type-product","3":"status-publish","4":"has-post-thumbnail","6":"product_cat--fit-fuer-den-fruehling","7":"product_cat-studenten","8":"product_cat-bester-freund","9":"product_cat-freund","10":"product_cat-vatertag","11":"product_cat-frauen","12":"product_cat-mutter","13":"product_cat-freundin","14":"product_cat-maenner","15":"product_cat-beste-freundin","16":"product_cat--freundin","17":"product_cat-nach-preis","18":"product_cat-unter-50-euro","19":"product_cat-geschenk-fuer-bruder","20":"product_cat-sohn","21":"product_cat--kollege","22":"product_cat--jungen","23":"product_cat-geschenke-fuer-jeden-anlass","24":"product_cat--maedchen","25":"product_cat--chef","26":"product_cat--tochter","27":"product_cat-vater","28":"product_tag-geschenkset","30":"first","31":"instock","32":"shipping-taxable","33":"product-type-external"},"_links":{"self":[{"href":"https:\/\/www.blogseite.com\/geschenke\/wp-json\/wp\/v2\/product\/8020"}],"collection":[{"href":"https:\/\/www.blogseite.com\/geschenke\/wp-json\/wp\/v2\/product"}],"about":[{"href":"https:\/\/www.blogseite.com\/geschenke\/wp-json\/wp\/v2\/types\/product"}],"replies":[{"embeddable":true,"href":"https:\/\/www.blogseite.com\/geschenke\/wp-json\/wp\/v2\/comments?post=8020"}],"wp:featuredmedia":[{"embeddable":true,"href":"https:\/\/www.blogseite.com\/geschenke\/wp-json\/wp\/v2\/media\/8021"}],"wp:attachment":[{"href":"https:\/\/www.blogseite.com\/geschenke\/wp-json\/wp\/v2\/media?parent=8020"}],"wp:term":[{"taxonomy":"product_cat","embeddable":true,"href":"https:\/\/www.blogseite.com\/geschenke\/wp-json\/wp\/v2\/product_cat?post=8020"},{"taxonomy":"product_tag","embeddable":true,"href":"https:\/\/www.blogseite.com\/geschenke\/wp-json\/wp\/v2\/product_tag?post=8020"}],"curies":[{"name":"wp","href":"https:\/\/api.w.org\/{rel}","templated":true}]}}