{"id":8014,"date":"2022-08-05T11:13:17","date_gmt":"2022-08-05T09:13:17","guid":{"rendered":"https:\/\/www.blogseite.com\/geschenke\/?post_type=product&#038;p=8014"},"modified":"2022-08-05T11:14:38","modified_gmt":"2022-08-05T09:14:38","slug":"luxurioeses-anti-aging-bio-geschenkset-kaufen-%f0%9f%98%8d","status":"publish","type":"product","link":"https:\/\/www.blogseite.com\/geschenke\/s\/luxurioeses-anti-aging-bio-geschenkset-kaufen-%f0%9f%98%8d\/","title":{"rendered":"Luxuri\u00f6ses Anti-Aging BIO Geschenkset Kaufen \ud83d\ude0d"},"content":{"rendered":"<ul class=\"a-unordered-list a-vertical a-spacing-mini\">\n<li><span class=\"a-list-item\">TOP BESTSELLER VON SATIN NATUREL \/ GEBURTSTAGS GESCHENKE F\u00dcR FRAUEN &#8211; Das 5-teilige Beauty Set vereint die Satin Naturel Klassiker Bio Hyaluron Serum, Bio Aloe Vera Gel &amp; Bio Argan\u00f6l mit der Bio Hyalurons\u00e4ure Creme &amp; dem Bio Vitamin ACE Serum in einem Geschenkset, \u00fcber das sich Deine Liebsten freuen werden. Das neue Bio ACE Serum kombiniert die Vorteile unserer Vitamin C &amp; Retinol (Vitamin A) Seren mit Vitamin E. Dieses Set bietet der Haut die perfekte Rundum-Pflegeroutine \u2013 morgens &amp; abends.<\/span><\/li>\n<li><span class=\"a-list-item\">EINZIGARTIGE GESCHENKIDEEN F\u00dcR FRAUEN\/ LIEBEVOLL PER HAND VERPACKT \u2013 Die Produkte sind auf wei\u00dfem Satinstoff gebettet &amp; liebevoll per Hand in einer hochwertigen, schwarzen Geschenkbox verpackt, die mit einer handgebundenen Schleife umwickelt wird. Die elegante Box spart Dir das Einpacken mit Geschenkpapier &amp; macht das Set zu dem idealen Geburtstagsgeschenk. Die hochwertigen Hautpflegeprodukte kommen je in 30ml Flaschen. Sie passen in jede Handtasche &amp; d\u00fcrfen beim Fliegen ins Handgep\u00e4ck.<\/span><\/li>\n<li><span class=\"a-list-item\">\u00d6KO TEST &#8220;SEHR GUT&#8221; \/ BIO QUALIT\u00c4T MADE IN GERMANY &#8211; Nicht nur unser Aloe Vera Gel (wiederholte \u00d6KO Test Auszeichnung &#8220;Sehr Gut&#8221;) erf\u00fcllt h\u00f6chste Qualit\u00e4tsanforderungen. Die hochwertigen Inhaltstoffe der anderen Produkte wurden von dem unabh\u00e4ngigen Verbraucherportal Kosmetikanalyse.de ebenfalls als &#8220;Sehr Gut&#8221; bewertet. Dermatologische Tests best\u00e4tigen, dass unsere Produkte sanft zu Deiner Haut sind. Sie werden OHNE Parabene, Sulfate &amp; Mikroplastik hergestellt..<\/span><\/li>\n<li><span class=\"a-list-item\">VEGANE BIO NATURKOSMETIK AUF BIO ALOE VERA BASIS &#8211; Anstatt wie andere Hersteller wirkungsloses Wasser als Hauptinhaltstoff zu nutzen, verwenden wir Bio Aloe Vera, die den Produkten eine tiefpflegende, feuchtigkeitsspendende Wirkung verleiht. Die Kombination aus Hyaluron &amp; Vitamin ACE Serum, Anti-Falten Creme, Gel &amp; \u00d6l sorgt f\u00fcr eine reichhaltige Pflege Deiner Haut. Geeignet f\u00fcr M\u00e4nner &amp; Frauen &amp; jeden Hauttyp. BESTM\u00d6GLICHE PFLEGE f\u00fcr Haut, Hals, Augen &amp; Gesicht.<\/span><\/li>\n<li><span class=\"a-list-item\">DIE H\u00d6CHSTEN QUALIT\u00c4TSSTANDARDS GARANTIERT 100% ZUFRIEDENHEIT oder Geld zur\u00fcck! Bei Satin Naturel verpflichten wir uns zur Verwendung nachhaltiger, hochqualitativer Zutaten, denn Deine Zufriedenheit ist unser Antrieb. Solltest Du wider Erwarten nicht zufrieden sein, melde Dich innerhalb von 30 Tagen ab Kaufdatum, und wir erstatten Dir Dein Geld. Entscheide Dich f\u00fcr Satin Naturel &amp; bestelle eines der besten Geschenke f\u00fcr Frauen jetzt direkt zu Dir nach Hause.<\/span><\/li>\n<\/ul>\n","protected":false},"excerpt":{"rendered":"<p>TOP BESTSELLER VON SATIN NATUREL \/ GEBURTSTAGS GESCHENKE F\u00dcR FRAUEN &#8211; Das 5-teilige Beauty Set vereint die Satin Naturel Klassiker Bio Hyaluron Serum, Bio Aloe Vera Gel &amp; Bio Argan\u00f6l mit der Bio Hyalurons\u00e4ure Creme &amp; dem Bio Vitamin ACE Serum in einem Geschenkset, \u00fcber das sich Deine Liebsten freuen werden. Das neue Bio ACE [&hellip;]<\/p>\n","protected":false},"featured_media":8015,"comment_status":"open","ping_status":"closed","template":"","meta":[],"product_cat":[746,103,74,110,54,116,63,45,108,73,1118,426,431,293,292,300,302,70,297,299,295,64],"product_tag":[599],"class_list":{"0":"post-8014","1":"product","2":"type-product","3":"status-publish","4":"has-post-thumbnail","6":"product_cat--fit-fuer-den-fruehling","7":"product_cat-studenten","8":"product_cat-bester-freund","9":"product_cat-freund","10":"product_cat-vatertag","11":"product_cat-frauen","12":"product_cat-mutter","13":"product_cat-freundin","14":"product_cat-maenner","15":"product_cat-beste-freundin","16":"product_cat--freundin","17":"product_cat-nach-preis","18":"product_cat-unter-50-euro","19":"product_cat-geschenk-fuer-bruder","20":"product_cat-sohn","21":"product_cat--kollege","22":"product_cat--jungen","23":"product_cat-geschenke-fuer-jeden-anlass","24":"product_cat--maedchen","25":"product_cat--chef","26":"product_cat--tochter","27":"product_cat-vater","28":"product_tag-anti-aging","30":"first","31":"instock","32":"shipping-taxable","33":"product-type-external"},"_links":{"self":[{"href":"https:\/\/www.blogseite.com\/geschenke\/wp-json\/wp\/v2\/product\/8014"}],"collection":[{"href":"https:\/\/www.blogseite.com\/geschenke\/wp-json\/wp\/v2\/product"}],"about":[{"href":"https:\/\/www.blogseite.com\/geschenke\/wp-json\/wp\/v2\/types\/product"}],"replies":[{"embeddable":true,"href":"https:\/\/www.blogseite.com\/geschenke\/wp-json\/wp\/v2\/comments?post=8014"}],"wp:featuredmedia":[{"embeddable":true,"href":"https:\/\/www.blogseite.com\/geschenke\/wp-json\/wp\/v2\/media\/8015"}],"wp:attachment":[{"href":"https:\/\/www.blogseite.com\/geschenke\/wp-json\/wp\/v2\/media?parent=8014"}],"wp:term":[{"taxonomy":"product_cat","embeddable":true,"href":"https:\/\/www.blogseite.com\/geschenke\/wp-json\/wp\/v2\/product_cat?post=8014"},{"taxonomy":"product_tag","embeddable":true,"href":"https:\/\/www.blogseite.com\/geschenke\/wp-json\/wp\/v2\/product_tag?post=8014"}],"curies":[{"name":"wp","href":"https:\/\/api.w.org\/{rel}","templated":true}]}}