{"id":8008,"date":"2022-08-05T11:00:16","date_gmt":"2022-08-05T09:00:16","guid":{"rendered":"https:\/\/www.blogseite.com\/geschenke\/?post_type=product&#038;p=8008"},"modified":"2022-08-05T11:01:47","modified_gmt":"2022-08-05T09:01:47","slug":"funwater-sup-aufblasbares-stand-up-kaufen-%f0%9f%8f%84%f0%9f%8f%bc%f0%9f%98%8d","status":"publish","type":"product","link":"https:\/\/www.blogseite.com\/geschenke\/s\/funwater-sup-aufblasbares-stand-up-kaufen-%f0%9f%8f%84%f0%9f%8f%bc%f0%9f%98%8d\/","title":{"rendered":"FunWater SUP Aufblasbares Stand Up Kaufen \ud83c\udfc4\ud83c\udffc\ud83d\ude0d"},"content":{"rendered":"<ul class=\"a-unordered-list a-vertical a-spacing-mini\">\n<li><span class=\"a-list-item\">\ud83c\udfc4\u200d\u2642\ufe0f\u3010Stabileit\u3011: Das Aufblasbare Stand Up Paddling Board ist 350x84x15cm gro\u00df aber sehr leicht nur 7kg. Nat\u00fcrlich halten unseren Sup auch bis einen maximalen Sicherheitsdruck von 12psi. Maximale Kapazit\u00e4t betr\u00e4gt bis zu 350 lbs. Optimal f\u00fcr Anf\u00e4nger und Fortgeschrittene geeignet.<\/span><\/li>\n<li><span class=\"a-list-item\">\ud83c\udfc4\u200d\u2642\ufe0f\u3010Volles Zubeh\u00f6r\u3011: Paddle Board f\u00fcr Erwachsene werden mit allem geliefert, was Sie brauchen: Ihr Board, Hochdruckpumpe, Sicherheitsleine, drei Flossen, Rucksack, l\u00e4ngenverstellbares Aluminiumpaddel, Wasserdichte Handytasche. Sie k\u00f6nnen den ganzen Tag auf dem Wasser verbringen Paddle board.<\/span><\/li>\n<li><span class=\"a-list-item\">\ud83c\udfc4\u200d\u2642\ufe0f\u3010Vieleitige Board\u3011: Dieses Standup Paddle Board ist geeignet f\u00fcr Paddeln, Yoga, Touren, Angeln, Surfen auf dem Wasser. Mit den aktualisierten D-Ringen, der sicheren Leine, dem Laderaum und dem Premium-Zubeh\u00f6r gilt unser aufblasbares SUP f\u00fcr jede Bedingung.<\/span><\/li>\n<li><span class=\"a-list-item\">\ud83c\udfc4\u200d\u2642\ufe0f\u3010Multifunktionales Aufblasbares SUP\u3011: Paddle Board Verwendung f\u00fcr Anf\u00e4nger und Fortgeschrittene, auf dem Wasser k\u00f6nnen Sie Ihre Tasche oder Ihren Rucksack sicher auf dem Brett ablegen paddle board. Das paddle board wird mit einem leichten paddel-Aluminium-Paddelbrett geliefert, das sich einfach zusammenbauen und nach Belieben auf die eigene Gr\u00f6\u00dfe einstellen l\u00e4sst.<\/span><\/li>\n<li><span class=\"a-list-item\">\ud83c\udfc4\u200d\u2642\ufe0f\u3010Kunde Als Gottdien\u3011: Dieses aufblasbare Stand Up Paddle Board ist ein Allround-Multifunktionsbrett, es ist geeignet f\u00fcr Yoga, Angeln, Surfen oder das Tragen von Kindern und Haustieren zusammen in S\u00fc\u00df- und Salzwasser. Als Hersteller stehen wir zu der Qualit\u00e4t unserer Stand Up Paddle Boards und behandeln jeden Kunden wie Gott, und wir freuen uns, 60 Tage Garantie + Risikofreie R\u00fcckgabe innerhalb von 30 Tagen.<\/span><\/li>\n<\/ul>\n","protected":false},"excerpt":{"rendered":"<p>\ud83c\udfc4\u200d\u2642\ufe0f\u3010Stabileit\u3011: Das Aufblasbare Stand Up Paddling Board ist 350x84x15cm gro\u00df aber sehr leicht nur 7kg. Nat\u00fcrlich halten unseren Sup auch bis einen maximalen Sicherheitsdruck von 12psi. Maximale Kapazit\u00e4t betr\u00e4gt bis zu 350 lbs. Optimal f\u00fcr Anf\u00e4nger und Fortgeschrittene geeignet. \ud83c\udfc4\u200d\u2642\ufe0f\u3010Volles Zubeh\u00f6r\u3011: Paddle Board f\u00fcr Erwachsene werden mit allem geliefert, was Sie brauchen: Ihr Board, Hochdruckpumpe, [&hellip;]<\/p>\n","protected":false},"featured_media":8009,"comment_status":"open","ping_status":"closed","template":"","meta":[],"product_cat":[746,103,74,110,54,116,63,45,108,73,1118,426,431,293,292,300,302,70,297,299,295,64],"product_tag":[804],"class_list":{"0":"post-8008","1":"product","2":"type-product","3":"status-publish","4":"has-post-thumbnail","6":"product_cat--fit-fuer-den-fruehling","7":"product_cat-studenten","8":"product_cat-bester-freund","9":"product_cat-freund","10":"product_cat-vatertag","11":"product_cat-frauen","12":"product_cat-mutter","13":"product_cat-freundin","14":"product_cat-maenner","15":"product_cat-beste-freundin","16":"product_cat--freundin","17":"product_cat-nach-preis","18":"product_cat-unter-50-euro","19":"product_cat-geschenk-fuer-bruder","20":"product_cat-sohn","21":"product_cat--kollege","22":"product_cat--jungen","23":"product_cat-geschenke-fuer-jeden-anlass","24":"product_cat--maedchen","25":"product_cat--chef","26":"product_cat--tochter","27":"product_cat-vater","28":"product_tag-sup","30":"first","31":"instock","32":"shipping-taxable","33":"product-type-external"},"_links":{"self":[{"href":"https:\/\/www.blogseite.com\/geschenke\/wp-json\/wp\/v2\/product\/8008"}],"collection":[{"href":"https:\/\/www.blogseite.com\/geschenke\/wp-json\/wp\/v2\/product"}],"about":[{"href":"https:\/\/www.blogseite.com\/geschenke\/wp-json\/wp\/v2\/types\/product"}],"replies":[{"embeddable":true,"href":"https:\/\/www.blogseite.com\/geschenke\/wp-json\/wp\/v2\/comments?post=8008"}],"wp:featuredmedia":[{"embeddable":true,"href":"https:\/\/www.blogseite.com\/geschenke\/wp-json\/wp\/v2\/media\/8009"}],"wp:attachment":[{"href":"https:\/\/www.blogseite.com\/geschenke\/wp-json\/wp\/v2\/media?parent=8008"}],"wp:term":[{"taxonomy":"product_cat","embeddable":true,"href":"https:\/\/www.blogseite.com\/geschenke\/wp-json\/wp\/v2\/product_cat?post=8008"},{"taxonomy":"product_tag","embeddable":true,"href":"https:\/\/www.blogseite.com\/geschenke\/wp-json\/wp\/v2\/product_tag?post=8008"}],"curies":[{"name":"wp","href":"https:\/\/api.w.org\/{rel}","templated":true}]}}