{"id":8002,"date":"2022-08-05T10:50:28","date_gmt":"2022-08-05T08:50:28","guid":{"rendered":"https:\/\/www.blogseite.com\/geschenke\/?post_type=product&#038;p=8002"},"modified":"2022-08-05T10:52:31","modified_gmt":"2022-08-05T08:52:31","slug":"fahrradtasche-aus-recyceltem-plastik-kaufen-%f0%9f%98%b3","status":"publish","type":"product","link":"https:\/\/www.blogseite.com\/geschenke\/s\/fahrradtasche-aus-recyceltem-plastik-kaufen-%f0%9f%98%b3\/","title":{"rendered":"Fahrradtasche aus recyceltem Plastik Kaufen \ud83d\ude33"},"content":{"rendered":"<ul class=\"a-unordered-list a-vertical a-spacing-mini\">\n<li><span class=\"a-list-item\">RECYCELTES PLASTIK &#8211; Die ValkOcean ist Deutschlands 1. Fahrradtasche aus recyceltem Plastik. Dieses Plastik wurde teilweise von Fischern als Beifang aus dem Meer geholt. So hast du nicht nur die sch\u00f6nsten, sondern auch die nachhaltigsten Fahrradtaschen.<\/span><\/li>\n<li><span class=\"a-list-item\">1 TASCHE = 1 BAUM &#8211; F\u00fcr jede Radtasche pflanzen wir mit Eden Reforestation Projects (Umweltschutzorganisation) einen Baum und schaffen Arbeitspl\u00e4tze in bed\u00fcrftigen Regionen weltweit. Mehr Informationen dazu findest du auf unserer Homepage.<\/span><\/li>\n<li><span class=\"a-list-item\">INNOVATIVE DETAILS &#8211; Folgende praktische Details wurden unserer Gep\u00e4cktr\u00e4gertasche hinzugef\u00fcgt: Wasserdichtes Au\u00dfenfach, gro\u00dfes Netzfach im Inneren, Laptopfach (32x31cm &#8211; bis maximal 15 Zoll), gepolsterter Umh\u00e4ngegurt mit Fixierschnalle, Multi Rolltop Verschluss.<\/span><\/li>\n<li><span class=\"a-list-item\">JETZT AUCH ABSCHLIE\u00dfBAR &#8211; Passend zu unserem neuen selbst entwickelten Fastlock Tragesystem, kann man bei uns Schl\u00f6sser kaufen, mit denen sich die Tasche am Rad abschlie\u00dfen l\u00e4sst.<\/span><\/li>\n<li><span class=\"a-list-item\">VALKENTAL VERSPRECHEN &#8211; Da wir zu 100% in die Qualit\u00e4t unserer Fahrradtaschen vertrauen, bieten wir unseren Kunden die M\u00f6glichkeit, bis 30 Tage nach der Bestellung kostenlos zu retournieren.<\/span><\/li>\n<\/ul>\n","protected":false},"excerpt":{"rendered":"<p>RECYCELTES PLASTIK &#8211; Die ValkOcean ist Deutschlands 1. Fahrradtasche aus recyceltem Plastik. Dieses Plastik wurde teilweise von Fischern als Beifang aus dem Meer geholt. So hast du nicht nur die sch\u00f6nsten, sondern auch die nachhaltigsten Fahrradtaschen. 1 TASCHE = 1 BAUM &#8211; F\u00fcr jede Radtasche pflanzen wir mit Eden Reforestation Projects (Umweltschutzorganisation) einen Baum und [&hellip;]<\/p>\n","protected":false},"featured_media":8003,"comment_status":"open","ping_status":"closed","template":"","meta":[],"product_cat":[746,103,74,110,54,116,63,45,108,73,1118,426,431,293,292,300,302,70,297,299,295,64],"product_tag":[1605],"class_list":{"0":"post-8002","1":"product","2":"type-product","3":"status-publish","4":"has-post-thumbnail","6":"product_cat--fit-fuer-den-fruehling","7":"product_cat-studenten","8":"product_cat-bester-freund","9":"product_cat-freund","10":"product_cat-vatertag","11":"product_cat-frauen","12":"product_cat-mutter","13":"product_cat-freundin","14":"product_cat-maenner","15":"product_cat-beste-freundin","16":"product_cat--freundin","17":"product_cat-nach-preis","18":"product_cat-unter-50-euro","19":"product_cat-geschenk-fuer-bruder","20":"product_cat-sohn","21":"product_cat--kollege","22":"product_cat--jungen","23":"product_cat-geschenke-fuer-jeden-anlass","24":"product_cat--maedchen","25":"product_cat--chef","26":"product_cat--tochter","27":"product_cat-vater","28":"product_tag-fahrradtasche","30":"first","31":"instock","32":"shipping-taxable","33":"product-type-external"},"_links":{"self":[{"href":"https:\/\/www.blogseite.com\/geschenke\/wp-json\/wp\/v2\/product\/8002"}],"collection":[{"href":"https:\/\/www.blogseite.com\/geschenke\/wp-json\/wp\/v2\/product"}],"about":[{"href":"https:\/\/www.blogseite.com\/geschenke\/wp-json\/wp\/v2\/types\/product"}],"replies":[{"embeddable":true,"href":"https:\/\/www.blogseite.com\/geschenke\/wp-json\/wp\/v2\/comments?post=8002"}],"wp:featuredmedia":[{"embeddable":true,"href":"https:\/\/www.blogseite.com\/geschenke\/wp-json\/wp\/v2\/media\/8003"}],"wp:attachment":[{"href":"https:\/\/www.blogseite.com\/geschenke\/wp-json\/wp\/v2\/media?parent=8002"}],"wp:term":[{"taxonomy":"product_cat","embeddable":true,"href":"https:\/\/www.blogseite.com\/geschenke\/wp-json\/wp\/v2\/product_cat?post=8002"},{"taxonomy":"product_tag","embeddable":true,"href":"https:\/\/www.blogseite.com\/geschenke\/wp-json\/wp\/v2\/product_tag?post=8002"}],"curies":[{"name":"wp","href":"https:\/\/api.w.org\/{rel}","templated":true}]}}