{"id":7997,"date":"2022-08-02T19:31:27","date_gmt":"2022-08-02T17:31:27","guid":{"rendered":"https:\/\/www.blogseite.com\/geschenke\/?post_type=product&#038;p=7997"},"modified":"2022-08-02T19:33:22","modified_gmt":"2022-08-02T17:33:22","slug":"spiele-fuer-paare-spiele-fuer-erwachsene-kaufen-%f0%9f%98%8d","status":"publish","type":"product","link":"https:\/\/www.blogseite.com\/geschenke\/s\/spiele-fuer-paare-spiele-fuer-erwachsene-kaufen-%f0%9f%98%8d\/","title":{"rendered":"Spiele f\u00fcr Paare \u2013 Spiele f\u00fcr Erwachsene Kaufen \ud83d\ude0d"},"content":{"rendered":"<ul class=\"a-unordered-list a-vertical a-spacing-mini\">\n<li><span class=\"a-list-item\">\ud83c\udf36\ufe0f Einfach und effizient: Wechseln Sie sich ab, lassen Sie sich auf Herausforderungen ein, die eine verr\u00fcckter als die andere.<\/span><\/li>\n<li><span class=\"a-list-item\">\ud83c\udf36\ufe0f\ud83c\udf36\ufe0fLassen Sie das Vergn\u00fcgen noch einige Tage dauern, bis Sie Ihr Pfand einl\u00f6sen!<\/span><\/li>\n<li><span class=\"a-list-item\">\ud83c\udf36\ufe0f\ud83c\udf36\ufe0f\ud83c\udf36\ufe0fVerlassen Sie Ihre Komfortzone: Sch\u00fcren Sie das Feuer Ihrer Liebe, bringen Sie W\u00fcrze in Ihre Beziehung, teilen Sie einen innigen Moment.<\/span><\/li>\n<li><span class=\"a-list-item\">\ud83c\udf81 Das ideale Geschenk f\u00fcr alle Paare und f\u00fcr jede Gelegenheit &#8211; Geburtstag, Valentinstag, Weihnachten &#8211; oder einfach nur als tolle \u00dcberraschung.<\/span><\/li>\n<li><span class=\"a-list-item\">\ud83c\udde9\ud83c\uddea\u267b\ufe0f Und au\u00dferdem unterst\u00fctzen Sie ein lokales Projekt: Die Karten wurden in Frankreich auf umweltfreundlichem Papier produziert und das Spiel wurde von einem franz\u00f6sischen Start-up entwickelt.<\/span><\/li>\n<\/ul>\n","protected":false},"excerpt":{"rendered":"<p>\ud83c\udf36\ufe0f Einfach und effizient: Wechseln Sie sich ab, lassen Sie sich auf Herausforderungen ein, die eine verr\u00fcckter als die andere. \ud83c\udf36\ufe0f\ud83c\udf36\ufe0fLassen Sie das Vergn\u00fcgen noch einige Tage dauern, bis Sie Ihr Pfand einl\u00f6sen! \ud83c\udf36\ufe0f\ud83c\udf36\ufe0f\ud83c\udf36\ufe0fVerlassen Sie Ihre Komfortzone: Sch\u00fcren Sie das Feuer Ihrer Liebe, bringen Sie W\u00fcrze in Ihre Beziehung, teilen Sie einen innigen Moment. \ud83c\udf81 [&hellip;]<\/p>\n","protected":false},"featured_media":7998,"comment_status":"open","ping_status":"closed","template":"","meta":[],"product_cat":[52,55,426,431],"product_tag":[1598],"class_list":{"0":"post-7997","1":"product","2":"type-product","3":"status-publish","4":"has-post-thumbnail","6":"product_cat-hochzeitsgeschenke","7":"product_cat-valentinstag","8":"product_cat-nach-preis","9":"product_cat-unter-50-euro","10":"product_tag-paarspiel","12":"first","13":"instock","14":"shipping-taxable","15":"product-type-external"},"_links":{"self":[{"href":"https:\/\/www.blogseite.com\/geschenke\/wp-json\/wp\/v2\/product\/7997"}],"collection":[{"href":"https:\/\/www.blogseite.com\/geschenke\/wp-json\/wp\/v2\/product"}],"about":[{"href":"https:\/\/www.blogseite.com\/geschenke\/wp-json\/wp\/v2\/types\/product"}],"replies":[{"embeddable":true,"href":"https:\/\/www.blogseite.com\/geschenke\/wp-json\/wp\/v2\/comments?post=7997"}],"wp:featuredmedia":[{"embeddable":true,"href":"https:\/\/www.blogseite.com\/geschenke\/wp-json\/wp\/v2\/media\/7998"}],"wp:attachment":[{"href":"https:\/\/www.blogseite.com\/geschenke\/wp-json\/wp\/v2\/media?parent=7997"}],"wp:term":[{"taxonomy":"product_cat","embeddable":true,"href":"https:\/\/www.blogseite.com\/geschenke\/wp-json\/wp\/v2\/product_cat?post=7997"},{"taxonomy":"product_tag","embeddable":true,"href":"https:\/\/www.blogseite.com\/geschenke\/wp-json\/wp\/v2\/product_tag?post=7997"}],"curies":[{"name":"wp","href":"https:\/\/api.w.org\/{rel}","templated":true}]}}