{"id":7989,"date":"2022-08-02T19:07:45","date_gmt":"2022-08-02T17:07:45","guid":{"rendered":"https:\/\/www.blogseite.com\/geschenke\/?post_type=product&#038;p=7989"},"modified":"2022-08-02T19:11:48","modified_gmt":"2022-08-02T17:11:48","slug":"12-x-sex-gutscheine-kaufen-fuer-paare-%f0%9f%98%8d","status":"publish","type":"product","link":"https:\/\/www.blogseite.com\/geschenke\/s\/12-x-sex-gutscheine-kaufen-fuer-paare-%f0%9f%98%8d\/","title":{"rendered":"12 x Sex Gutscheine Kaufen f\u00fcr Paare \ud83d\ude0d"},"content":{"rendered":"<ul class=\"a-unordered-list a-vertical a-spacing-mini\">\n<li><span class=\"a-list-item\">\u2764\ufe0f EROTISCH &amp; FUN \u2013 Die Sex Gutscheine f\u00fcr M\u00e4nner oder Frauen sind ein ideales Geschenk f\u00fcr deinen liebsten Schatz. Dieses Sex-Spielzeug ist super geeignet um aufregendes Knistern in die Beziehung zu bringen oder einfach mal was spannendes Neues auszuprobieren. Wie w\u00e4re es mit einer neuen Sex-Stellung, einem aufregende neuen Ort oder intime Blicke bei Kerzenschein? Zeige deinem Schatz wie wichtig er\/sie dir ist, denn Sex ist doch schlie\u00dflich die wichtigste Nebensache der Welt, oder nicht!?<\/span><\/li>\n<li><span class=\"a-list-item\">\u2764\ufe0f PERFEKTES GESCHENK F\u00dcR JEDEN ANLASS \u2013 intime Zeit zu Zweit ist das sch\u00f6nste Geschenk was man seinem Partner machen kann. Ob Zwischendurch, zum Jubil\u00e4um, Jahrestag, Ostergeschenk als Geschenk f\u00fcr M\u00e4nner zum Geburtstag, zum Hochzeitstag oder als Geschenk zum Jahrestag, Gutscheine f\u00fcr Freund, Gutscheine f\u00fcr Freundin, Geschenkgutscheine f\u00fcr M\u00e4nner oder Geschenkgutscheine f\u00fcr Frauen. Es sind lustige Liebesgeschenke bzw. Gutscheine zum Verschenken Geburtstag.<\/span><\/li>\n<li><span class=\"a-list-item\">\u2764\ufe0f MADE IN GERMANY \u2013 sowohl der hochwertiger Druck als auch die gesamte Fertigung findet in Deutschland statt. Mit Liebe und Herzensblut wurden diese Sex-Gutscheine entwickelt. Lustige Sex Geschenkgutscheine \/ Gutscheine \/ Coupons mit verschiedenen Sex Stellungen f\u00fcr Paare (f\u00fcr SIE &amp; IHN)<\/span><\/li>\n<li><span class=\"a-list-item\">\u2764\ufe0f HOCHWERTIG \u2013 mit Herzensblut designt sowie in hoher Qualit\u00e4t und Farbintensit\u00e4t gedruckt, macht das das Sex Spielzeug f\u00fcr Sie und Ihn ganz sch\u00f6n was her. F\u00fcr Paare, die Wert auf Design und Hochwertigkeit legen und Ihre Liebste mit einem ganz besonderem Geschenk etwas Gutes tun wollen, sind die Sex Vouchers von amavibes genau das Richtige!<\/span><\/li>\n<li><span class=\"a-list-item\">\u2764\ufe0f EINZELNE SPIELKARTEN \u2013 die Sex-Voucher \/ Sex-Gutscheine \/ Liebesgutscheine \/ Liebes-Karten \/ Sex-Coupons f\u00fcr Paare mit verschiedenen hei\u00dfen Sex-Stellungen bestehen aus 12 Karten. Die R\u00fcckseite ist bei allen Karten gleich, sodass man es auch als lustiges Kartenspiel verwenden kann. Auf der Vordersiete befindet sich zudem ein Feld mit &#8220;eingel\u00f6st am&#8221;. Zudem sind die Sex-Gutscheine bilingual (Deutsch &amp; English) damit internationale Paare auch auf ihre Kosten kommen.<\/span><\/li>\n<\/ul>\n","protected":false},"excerpt":{"rendered":"<p>\u2764\ufe0f EROTISCH &amp; FUN \u2013 Die Sex Gutscheine f\u00fcr M\u00e4nner oder Frauen sind ein ideales Geschenk f\u00fcr deinen liebsten Schatz. Dieses Sex-Spielzeug ist super geeignet um aufregendes Knistern in die Beziehung zu bringen oder einfach mal was spannendes Neues auszuprobieren. Wie w\u00e4re es mit einer neuen Sex-Stellung, einem aufregende neuen Ort oder intime Blicke bei [&hellip;]<\/p>\n","protected":false},"featured_media":7990,"comment_status":"open","ping_status":"closed","template":"","meta":[],"product_cat":[52,55,426,431],"product_tag":[1604,1595],"class_list":{"0":"post-7989","1":"product","2":"type-product","3":"status-publish","4":"has-post-thumbnail","6":"product_cat-hochzeitsgeschenke","7":"product_cat-valentinstag","8":"product_cat-nach-preis","9":"product_cat-unter-50-euro","10":"product_tag-gutscheine-paare","11":"product_tag-paare","13":"first","14":"instock","15":"shipping-taxable","16":"product-type-external"},"_links":{"self":[{"href":"https:\/\/www.blogseite.com\/geschenke\/wp-json\/wp\/v2\/product\/7989"}],"collection":[{"href":"https:\/\/www.blogseite.com\/geschenke\/wp-json\/wp\/v2\/product"}],"about":[{"href":"https:\/\/www.blogseite.com\/geschenke\/wp-json\/wp\/v2\/types\/product"}],"replies":[{"embeddable":true,"href":"https:\/\/www.blogseite.com\/geschenke\/wp-json\/wp\/v2\/comments?post=7989"}],"wp:featuredmedia":[{"embeddable":true,"href":"https:\/\/www.blogseite.com\/geschenke\/wp-json\/wp\/v2\/media\/7990"}],"wp:attachment":[{"href":"https:\/\/www.blogseite.com\/geschenke\/wp-json\/wp\/v2\/media?parent=7989"}],"wp:term":[{"taxonomy":"product_cat","embeddable":true,"href":"https:\/\/www.blogseite.com\/geschenke\/wp-json\/wp\/v2\/product_cat?post=7989"},{"taxonomy":"product_tag","embeddable":true,"href":"https:\/\/www.blogseite.com\/geschenke\/wp-json\/wp\/v2\/product_tag?post=7989"}],"curies":[{"name":"wp","href":"https:\/\/api.w.org\/{rel}","templated":true}]}}