{"id":7971,"date":"2022-08-02T18:16:06","date_gmt":"2022-08-02T16:16:06","guid":{"rendered":"https:\/\/www.blogseite.com\/geschenke\/?post_type=product&#038;p=7971"},"modified":"2022-08-02T18:18:56","modified_gmt":"2022-08-02T16:18:56","slug":"kernfrage-paaredition-das-frage-spiel-kaufen-%f0%9f%a4%af","status":"publish","type":"product","link":"https:\/\/www.blogseite.com\/geschenke\/s\/kernfrage-paaredition-das-frage-spiel-kaufen-%f0%9f%a4%af\/","title":{"rendered":"Kernfrage\u00ae Paaredition | Das Frage-Spiel Kaufen \ud83e\udd2f"},"content":{"rendered":"<ul class=\"a-unordered-list a-vertical a-spacing-mini\">\n<li><span class=\"a-list-item\">\u2764\ufe0f KERNFRAGE &amp; CHILL: Einfach mal wieder Abende ohne Handy und TV? Mal wieder echte Quality time? Mit Kernfrage einfach entspannt und locker reden und dabei die Beziehung noch mehr st\u00e4rken.<\/span><\/li>\n<li><span class=\"a-list-item\">\u2764\ufe0f WERTVOLLE GEMEINSAME ZEIT: Mit Kernfrage f\u00fcr Paare erlebt Ihr ehrliche und tiefgr\u00fcndige Gespr\u00e4che und echte Zweisamkeit. G\u00f6nnt euch mal wieder ein wenig Zeit, um dem Alltag zu entfliehen und abzuschalten.<\/span><\/li>\n<li><span class=\"a-list-item\">\u2764\ufe0f DEN PARTNER NOCH BESSER KENNENLERNEN: F\u00fcr frisch verliebte P\u00e4rchen, die sich n\u00e4her kennenlernen wollen oder f\u00fcr Paare, die schon l\u00e4nger zusammen sind und ihre Beziehung vertiefen oder auffrischen wollen.<\/span><\/li>\n<li><span class=\"a-list-item\">\u2764\ufe0f DAS GESCHENKE-HIGHLIGHT: Valentinstag, Jahrestag, Geburtstagsgeschenk, Weihnachtsgeschenk, Geschenk f\u00fcr Freund, Geschenk f\u00fcr Paare oder als Hochzeitsgeschenke f\u00fcr ein Brautpaar? Mit Kernfrage hast du die perfekte Geschenkidee!<\/span><\/li>\n<li><span class=\"a-list-item\">VIELF\u00c4LTIGES SPIELERLEBNIS: Die 128 Fragen wurden zusammen mit Fachexpert*Innen entwickelt und sorgf\u00e4ltig ausgew\u00e4hlt &#8211; f\u00fcr ein abwechslungsreiches Spiele- und Frageerlebnis garantiert ohne Langeweile.<\/span><\/li>\n<\/ul>\n","protected":false},"excerpt":{"rendered":"<p>\u2764\ufe0f KERNFRAGE &amp; CHILL: Einfach mal wieder Abende ohne Handy und TV? Mal wieder echte Quality time? Mit Kernfrage einfach entspannt und locker reden und dabei die Beziehung noch mehr st\u00e4rken. \u2764\ufe0f WERTVOLLE GEMEINSAME ZEIT: Mit Kernfrage f\u00fcr Paare erlebt Ihr ehrliche und tiefgr\u00fcndige Gespr\u00e4che und echte Zweisamkeit. G\u00f6nnt euch mal wieder ein wenig Zeit, [&hellip;]<\/p>\n","protected":false},"featured_media":7972,"comment_status":"open","ping_status":"closed","template":"","meta":[],"product_cat":[52,55,426,431],"product_tag":[1595],"class_list":{"0":"post-7971","1":"product","2":"type-product","3":"status-publish","4":"has-post-thumbnail","6":"product_cat-hochzeitsgeschenke","7":"product_cat-valentinstag","8":"product_cat-nach-preis","9":"product_cat-unter-50-euro","10":"product_tag-paare","12":"first","13":"instock","14":"shipping-taxable","15":"product-type-external"},"_links":{"self":[{"href":"https:\/\/www.blogseite.com\/geschenke\/wp-json\/wp\/v2\/product\/7971"}],"collection":[{"href":"https:\/\/www.blogseite.com\/geschenke\/wp-json\/wp\/v2\/product"}],"about":[{"href":"https:\/\/www.blogseite.com\/geschenke\/wp-json\/wp\/v2\/types\/product"}],"replies":[{"embeddable":true,"href":"https:\/\/www.blogseite.com\/geschenke\/wp-json\/wp\/v2\/comments?post=7971"}],"wp:featuredmedia":[{"embeddable":true,"href":"https:\/\/www.blogseite.com\/geschenke\/wp-json\/wp\/v2\/media\/7972"}],"wp:attachment":[{"href":"https:\/\/www.blogseite.com\/geschenke\/wp-json\/wp\/v2\/media?parent=7971"}],"wp:term":[{"taxonomy":"product_cat","embeddable":true,"href":"https:\/\/www.blogseite.com\/geschenke\/wp-json\/wp\/v2\/product_cat?post=7971"},{"taxonomy":"product_tag","embeddable":true,"href":"https:\/\/www.blogseite.com\/geschenke\/wp-json\/wp\/v2\/product_tag?post=7971"}],"curies":[{"name":"wp","href":"https:\/\/api.w.org\/{rel}","templated":true}]}}