{"id":7961,"date":"2022-07-31T18:39:02","date_gmt":"2022-07-31T16:39:02","guid":{"rendered":"https:\/\/www.blogseite.com\/geschenke\/?post_type=product&#038;p=7961"},"modified":"2022-07-31T18:41:08","modified_gmt":"2022-07-31T16:41:08","slug":"mr-right-and-mrs-always-right-weinglaeser-kaufen-%f0%9f%98%8d","status":"publish","type":"product","link":"https:\/\/www.blogseite.com\/geschenke\/s\/mr-right-and-mrs-always-right-weinglaeser-kaufen-%f0%9f%98%8d\/","title":{"rendered":"Mr Right and Mrs Always Right Weingl\u00e4ser kaufen \ud83d\ude0d"},"content":{"rendered":"<ul class=\"a-unordered-list a-vertical a-spacing-mini\">\n<li><span class=\"a-list-item\">\ud83e\udd42Als einzigartiges und \u00fcberraschendes Weinglas ist der K\u00f6rper der Weingl\u00e4ser nicht nur mit den Schriftarten &#8220;MRS.ALWAYS RIGHT&#8221; und &#8220;MR RIGHT&#8221; graviert, sondern hat auch sch\u00f6ne rote Lippen, einen Gentleman-Hut und einen interessanten Bart.<\/span><\/li>\n<li><span class=\"a-list-item\">\ud83e\udd42Weingl\u00e4ser Design: L\u00e4nge: 9 cm H\u00f6he: 11 cm. 400 ml \/ 14oz Kapazit\u00e4t. Die Weingl\u00e4ser aus High Borosilicate Glass, LEAD Free<\/span><\/li>\n<li><span class=\"a-list-item\">\ud83e\udd42Nicht sp\u00fclmaschinenfest, Nach jedem Gebrauch von Hand waschen, damit das Design mit der Zeit nicht verblasst oder abbl\u00e4ttert.<\/span><\/li>\n<li><span class=\"a-list-item\">\ud83e\udd42Zu Hause oder im B\u00fcro: Stellen Sie sich vor, Sie verwenden diese s\u00fc\u00dfen Weingl\u00e4ser in Ihrer Freizeit, um Ihren Lieblingswein, Bier, Cocktails, Kaffee, Saft, Milch, Tee usw. einzuschenken. Dadurch f\u00fchlen Sie sich wohler und haben einen guten Tag. Bestellen Sie schnell und lassen Sie die Sch\u00f6nheit des Lebens bequem genie\u00dfen.<\/span><\/li>\n<li><span class=\"a-list-item\">\ud83e\udd42Das perfekte Geschenk: Dies ist das beste Geschenk f\u00fcr alle Gelegenheiten. Sie k\u00f6nnen es Liebhabern, Freunden, Eltern, Paaren usw. jederzeit als Geschenk geben.<\/span><\/li>\n<\/ul>\n","protected":false},"excerpt":{"rendered":"<p>\ud83e\udd42Als einzigartiges und \u00fcberraschendes Weinglas ist der K\u00f6rper der Weingl\u00e4ser nicht nur mit den Schriftarten &#8220;MRS.ALWAYS RIGHT&#8221; und &#8220;MR RIGHT&#8221; graviert, sondern hat auch sch\u00f6ne rote Lippen, einen Gentleman-Hut und einen interessanten Bart. \ud83e\udd42Weingl\u00e4ser Design: L\u00e4nge: 9 cm H\u00f6he: 11 cm. 400 ml \/ 14oz Kapazit\u00e4t. Die Weingl\u00e4ser aus High Borosilicate Glass, LEAD Free \ud83e\udd42Nicht [&hellip;]<\/p>\n","protected":false},"featured_media":7962,"comment_status":"open","ping_status":"closed","template":"","meta":[],"product_cat":[52,55,426,431],"product_tag":[1595],"class_list":{"0":"post-7961","1":"product","2":"type-product","3":"status-publish","4":"has-post-thumbnail","6":"product_cat-hochzeitsgeschenke","7":"product_cat-valentinstag","8":"product_cat-nach-preis","9":"product_cat-unter-50-euro","10":"product_tag-paare","12":"first","13":"instock","14":"shipping-taxable","15":"product-type-external"},"_links":{"self":[{"href":"https:\/\/www.blogseite.com\/geschenke\/wp-json\/wp\/v2\/product\/7961"}],"collection":[{"href":"https:\/\/www.blogseite.com\/geschenke\/wp-json\/wp\/v2\/product"}],"about":[{"href":"https:\/\/www.blogseite.com\/geschenke\/wp-json\/wp\/v2\/types\/product"}],"replies":[{"embeddable":true,"href":"https:\/\/www.blogseite.com\/geschenke\/wp-json\/wp\/v2\/comments?post=7961"}],"wp:featuredmedia":[{"embeddable":true,"href":"https:\/\/www.blogseite.com\/geschenke\/wp-json\/wp\/v2\/media\/7962"}],"wp:attachment":[{"href":"https:\/\/www.blogseite.com\/geschenke\/wp-json\/wp\/v2\/media?parent=7961"}],"wp:term":[{"taxonomy":"product_cat","embeddable":true,"href":"https:\/\/www.blogseite.com\/geschenke\/wp-json\/wp\/v2\/product_cat?post=7961"},{"taxonomy":"product_tag","embeddable":true,"href":"https:\/\/www.blogseite.com\/geschenke\/wp-json\/wp\/v2\/product_tag?post=7961"}],"curies":[{"name":"wp","href":"https:\/\/api.w.org\/{rel}","templated":true}]}}