{"id":7957,"date":"2022-07-31T18:32:13","date_gmt":"2022-07-31T16:32:13","guid":{"rendered":"https:\/\/www.blogseite.com\/geschenke\/?post_type=product&#038;p=7957"},"modified":"2022-07-31T18:38:27","modified_gmt":"2022-07-31T16:38:27","slug":"3d-glas-mit-herz-motiv-und-wunschnamen-%f0%9f%98%8a","status":"publish","type":"product","link":"https:\/\/www.blogseite.com\/geschenke\/s\/3d-glas-mit-herz-motiv-und-wunschnamen-%f0%9f%98%8a\/","title":{"rendered":"2 Schl\u00fcsselanh\u00e4nger Paar Liebe,1 Paar Pferd kaufen \ud83d\ude07"},"content":{"rendered":"<ul class=\"a-unordered-list a-vertical a-spacing-mini\">\n<li><span class=\"a-list-item\">\u2665Feature:Personalisiert Design und einzigartige Struktur, Eine Kombination aus zwei Kuss Schl\u00fcsselanh\u00e4nger,H\u00fcbsches Sehr Cute Schl\u00fcsselanh\u00e4nger Kit hat ein angenehmes Gewicht.<\/span><\/li>\n<li><span class=\"a-list-item\">\u2665 Material:Umweltfreundliche Zinklegierung mitmagnetischem, Korrosionsbest\u00e4ndigkeit und Verschlei\u00dffestigkeit,Das Schl\u00fcsselanh\u00e4nger ist gl\u00e4nzend und langlebig,zu jedem Anlass zum Hingucker.<\/span><\/li>\n<li><span class=\"a-list-item\">\u2665Gr\u00f6\u00dfe: 4.3&#215;3.6cm,2 Farben:Gun Schwarz + Ros\u00e9gold.<\/span><\/li>\n<li><span class=\"a-list-item\">\u2665Anlass:Perfekt f\u00fcr einen s\u00fc\u00dfen Jahrestag Geschenk, und es ergibt ein ideales Geschenk, um geliebten Menschen oder bedeutenden anderen f\u00fcr Geburtstag, Weihnachten, zum Valentinstag, Hochzeit oder andere besondere Anl\u00e4sse.<\/span><\/li>\n<li><span class=\"a-list-item\">\u2665Verpackung : 1 Paar Schl\u00fcsselanh\u00e4nger,Farbe. Rose Gold f\u00fcr Frauen und Schwarz f\u00fcr M\u00e4nner.Verpackt in filigraner Geschenkbox, sodass es sich als tolles Geschenk eignet und einfach verstaut werden kann . Ideales Geschenk f\u00fcr Freundin,Schwestern, beste freundin, partner. Gro\u00dfes Geschenk f\u00fcr Weihnachten oder jede Festivalverzierung Sammler.<\/span><\/li>\n<\/ul>\n","protected":false},"excerpt":{"rendered":"<p>\u2665Feature:Personalisiert Design und einzigartige Struktur, Eine Kombination aus zwei Kuss Schl\u00fcsselanh\u00e4nger,H\u00fcbsches Sehr Cute Schl\u00fcsselanh\u00e4nger Kit hat ein angenehmes Gewicht. \u2665 Material:Umweltfreundliche Zinklegierung mitmagnetischem, Korrosionsbest\u00e4ndigkeit und Verschlei\u00dffestigkeit,Das Schl\u00fcsselanh\u00e4nger ist gl\u00e4nzend und langlebig,zu jedem Anlass zum Hingucker. \u2665Gr\u00f6\u00dfe: 4.3&#215;3.6cm,2 Farben:Gun Schwarz + Ros\u00e9gold. \u2665Anlass:Perfekt f\u00fcr einen s\u00fc\u00dfen Jahrestag Geschenk, und es ergibt ein ideales Geschenk, um geliebten [&hellip;]<\/p>\n","protected":false},"featured_media":7959,"comment_status":"open","ping_status":"closed","template":"","meta":[],"product_cat":[52,55,426,431],"product_tag":[1595],"class_list":{"0":"post-7957","1":"product","2":"type-product","3":"status-publish","4":"has-post-thumbnail","6":"product_cat-hochzeitsgeschenke","7":"product_cat-valentinstag","8":"product_cat-nach-preis","9":"product_cat-unter-50-euro","10":"product_tag-paare","12":"first","13":"instock","14":"shipping-taxable","15":"product-type-external"},"_links":{"self":[{"href":"https:\/\/www.blogseite.com\/geschenke\/wp-json\/wp\/v2\/product\/7957"}],"collection":[{"href":"https:\/\/www.blogseite.com\/geschenke\/wp-json\/wp\/v2\/product"}],"about":[{"href":"https:\/\/www.blogseite.com\/geschenke\/wp-json\/wp\/v2\/types\/product"}],"replies":[{"embeddable":true,"href":"https:\/\/www.blogseite.com\/geschenke\/wp-json\/wp\/v2\/comments?post=7957"}],"wp:featuredmedia":[{"embeddable":true,"href":"https:\/\/www.blogseite.com\/geschenke\/wp-json\/wp\/v2\/media\/7959"}],"wp:attachment":[{"href":"https:\/\/www.blogseite.com\/geschenke\/wp-json\/wp\/v2\/media?parent=7957"}],"wp:term":[{"taxonomy":"product_cat","embeddable":true,"href":"https:\/\/www.blogseite.com\/geschenke\/wp-json\/wp\/v2\/product_cat?post=7957"},{"taxonomy":"product_tag","embeddable":true,"href":"https:\/\/www.blogseite.com\/geschenke\/wp-json\/wp\/v2\/product_tag?post=7957"}],"curies":[{"name":"wp","href":"https:\/\/api.w.org\/{rel}","templated":true}]}}