{"id":7946,"date":"2022-07-31T12:33:14","date_gmt":"2022-07-31T10:33:14","guid":{"rendered":"https:\/\/www.blogseite.com\/geschenke\/?post_type=product&#038;p=7946"},"modified":"2022-07-31T12:35:19","modified_gmt":"2022-07-31T10:35:19","slug":"personalisiertes-armband-fuer-paare-kaufen-%f0%9f%98%8a","status":"publish","type":"product","link":"https:\/\/www.blogseite.com\/geschenke\/s\/personalisiertes-armband-fuer-paare-kaufen-%f0%9f%98%8a\/","title":{"rendered":"Personalisiertes Armband f\u00fcr Paare kaufen \ud83d\ude0a"},"content":{"rendered":"<ul class=\"a-unordered-list a-vertical a-spacing-mini\">\n<li><span class=\"a-list-item\">\ud83d\udc6b KOSTENLOSE LASERGRAVUR &#8211; Machen Sie ein besonderes und unvergessliches Geschenk f\u00fcr Ihre Freunde und Familie, indem Sie eine pers\u00f6nliche lasergravierte Nachricht hinzuf\u00fcgen.<\/span><\/li>\n<li><span class=\"a-list-item\">\ud83d\udc6b EINFACHES DESIGN &#8211; Einfaches Design mit glattem Etikett, definitiv ein bequemes Armband. Die polierte Oberfl\u00e4che macht es einzigartiger und eleganter. Dieses s\u00fc\u00dfe Liebesarmband-Set ist eine gro\u00dfartige M\u00f6glichkeit, Ihrem Geliebten zu zeigen, wie tief Ihre Zuneigung ist, und ihn an die starke Bindung zwischen Ihnen beiden zu erinnern.<\/span><\/li>\n<li><span class=\"a-list-item\">\ud83d\udc6b EIGENSCHAFTEN &#8211; 2 Arten zur Auswahl, Seilkette und Edelstahlkette. Verschiedene Farben zur Auswahl, rosa Band, schwarzes Band und so weiter. Kann die L\u00e4nge der Armb\u00e4nder an mehr Personen anpassen, Breite des ID-Tags: 7 mm.<\/span><\/li>\n<li><span class=\"a-list-item\">\ud83d\udc6b ALLERGIESICHERER HYPOALLERGENER SCHMUCK &#8211; Dieser Artikel besteht aus Edelstahl 316L, ist 100% nickelfrei und allergiesicher und f\u00fcr empfindliche Haut und zu Allergien neigende Haut geeignet. Das Band besteht aus einem Seil, das verstellbar ist und f\u00fcr die meisten Menschen geeignet ist.<\/span><\/li>\n<li><span class=\"a-list-item\">\ud83d\udc6b IDEALE GESCHENKWAHL &#8211; Der Artikel wird mit einem kostenlosen Schmuckgeschenkbeutel geliefert, den Sie bei MeMeDIY Jewelry kaufen! Perfekt f\u00fcr Weihnachten, Geburtstag, Muttertag und gut f\u00fcr Frau, Freundin, Tochter, beste Freundin, Brautjungfer oder einfach zum Verw\u00f6hnen.<\/span><\/li>\n<\/ul>\n","protected":false},"excerpt":{"rendered":"<p>\ud83d\udc6b KOSTENLOSE LASERGRAVUR &#8211; Machen Sie ein besonderes und unvergessliches Geschenk f\u00fcr Ihre Freunde und Familie, indem Sie eine pers\u00f6nliche lasergravierte Nachricht hinzuf\u00fcgen. \ud83d\udc6b EINFACHES DESIGN &#8211; Einfaches Design mit glattem Etikett, definitiv ein bequemes Armband. Die polierte Oberfl\u00e4che macht es einzigartiger und eleganter. Dieses s\u00fc\u00dfe Liebesarmband-Set ist eine gro\u00dfartige M\u00f6glichkeit, Ihrem Geliebten zu zeigen, [&hellip;]<\/p>\n","protected":false},"featured_media":7947,"comment_status":"open","ping_status":"closed","template":"","meta":[],"product_cat":[52,55,426,431],"product_tag":[1595],"class_list":{"0":"post-7946","1":"product","2":"type-product","3":"status-publish","4":"has-post-thumbnail","6":"product_cat-hochzeitsgeschenke","7":"product_cat-valentinstag","8":"product_cat-nach-preis","9":"product_cat-unter-50-euro","10":"product_tag-paare","12":"first","13":"instock","14":"shipping-taxable","15":"product-type-external"},"_links":{"self":[{"href":"https:\/\/www.blogseite.com\/geschenke\/wp-json\/wp\/v2\/product\/7946"}],"collection":[{"href":"https:\/\/www.blogseite.com\/geschenke\/wp-json\/wp\/v2\/product"}],"about":[{"href":"https:\/\/www.blogseite.com\/geschenke\/wp-json\/wp\/v2\/types\/product"}],"replies":[{"embeddable":true,"href":"https:\/\/www.blogseite.com\/geschenke\/wp-json\/wp\/v2\/comments?post=7946"}],"wp:featuredmedia":[{"embeddable":true,"href":"https:\/\/www.blogseite.com\/geschenke\/wp-json\/wp\/v2\/media\/7947"}],"wp:attachment":[{"href":"https:\/\/www.blogseite.com\/geschenke\/wp-json\/wp\/v2\/media?parent=7946"}],"wp:term":[{"taxonomy":"product_cat","embeddable":true,"href":"https:\/\/www.blogseite.com\/geschenke\/wp-json\/wp\/v2\/product_cat?post=7946"},{"taxonomy":"product_tag","embeddable":true,"href":"https:\/\/www.blogseite.com\/geschenke\/wp-json\/wp\/v2\/product_tag?post=7946"}],"curies":[{"name":"wp","href":"https:\/\/api.w.org\/{rel}","templated":true}]}}