{"id":7942,"date":"2022-07-31T12:24:04","date_gmt":"2022-07-31T10:24:04","guid":{"rendered":"https:\/\/www.blogseite.com\/geschenke\/?post_type=product&#038;p=7942"},"modified":"2022-07-31T12:28:33","modified_gmt":"2022-07-31T10:28:33","slug":"paerchen-halsketten-endless-love-fuer-verliebte-%f0%9f%98%98","status":"publish","type":"product","link":"https:\/\/www.blogseite.com\/geschenke\/s\/paerchen-halsketten-endless-love-fuer-verliebte-%f0%9f%98%98\/","title":{"rendered":"P\u00e4rchen Halsketten &#8220;Endless Love&#8221; f\u00fcr verliebte \ud83d\ude18"},"content":{"rendered":"<div id=\"featurebullets_feature_div\" class=\"celwidget\" data-feature-name=\"featurebullets\" data-csa-c-id=\"k5sjf0-ih47k3-la6yz2-3m737s\" data-cel-widget=\"featurebullets_feature_div\">\n<div id=\"feature-bullets\" class=\"a-section a-spacing-medium a-spacing-top-small\">\n<ul class=\"a-unordered-list a-vertical a-spacing-mini\">\n<li><span class=\"a-list-item\">Hochwertige P\u00e4rchen Halsketten aus Edelstahl<\/span><\/li>\n<li><span class=\"a-list-item\">Das ideale Geschenk f\u00fcr Paare in einem Schmuck-S\u00e4ckchen<\/span><\/li>\n<li><span class=\"a-list-item\">Bis ins kleinste Detail perfekt aufeinander abgestimmt<\/span><\/li>\n<li><span class=\"a-list-item\">Inkl. Gravur: Forever Love &amp; Eternal Love<\/span><\/li>\n<li><span class=\"a-list-item\">Markenartikel von Kim Johanson<\/span><\/li>\n<\/ul>\n<\/div>\n<\/div>\n<div id=\"provenanceCertifications_feature_div\" class=\"celwidget\" data-feature-name=\"provenanceCertifications\" data-csa-c-id=\"v590mb-u8wfds-t7dtsp-kpcf4v\" data-cel-widget=\"provenanceCertifications_feature_div\">\n<div id=\"provenance-certifications\" class=\"a-section a-spacing-medium a-spacing-top-micro\"><\/div>\n<\/div>\n","protected":false},"excerpt":{"rendered":"<p>Hochwertige P\u00e4rchen Halsketten aus Edelstahl Das ideale Geschenk f\u00fcr Paare in einem Schmuck-S\u00e4ckchen Bis ins kleinste Detail perfekt aufeinander abgestimmt Inkl. Gravur: Forever Love &amp; Eternal Love Markenartikel von Kim Johanson<\/p>\n","protected":false},"featured_media":7943,"comment_status":"open","ping_status":"closed","template":"","meta":[],"product_cat":[52,55,426,431],"product_tag":[1595],"class_list":{"0":"post-7942","1":"product","2":"type-product","3":"status-publish","4":"has-post-thumbnail","6":"product_cat-hochzeitsgeschenke","7":"product_cat-valentinstag","8":"product_cat-nach-preis","9":"product_cat-unter-50-euro","10":"product_tag-paare","12":"first","13":"instock","14":"shipping-taxable","15":"product-type-external"},"_links":{"self":[{"href":"https:\/\/www.blogseite.com\/geschenke\/wp-json\/wp\/v2\/product\/7942"}],"collection":[{"href":"https:\/\/www.blogseite.com\/geschenke\/wp-json\/wp\/v2\/product"}],"about":[{"href":"https:\/\/www.blogseite.com\/geschenke\/wp-json\/wp\/v2\/types\/product"}],"replies":[{"embeddable":true,"href":"https:\/\/www.blogseite.com\/geschenke\/wp-json\/wp\/v2\/comments?post=7942"}],"wp:featuredmedia":[{"embeddable":true,"href":"https:\/\/www.blogseite.com\/geschenke\/wp-json\/wp\/v2\/media\/7943"}],"wp:attachment":[{"href":"https:\/\/www.blogseite.com\/geschenke\/wp-json\/wp\/v2\/media?parent=7942"}],"wp:term":[{"taxonomy":"product_cat","embeddable":true,"href":"https:\/\/www.blogseite.com\/geschenke\/wp-json\/wp\/v2\/product_cat?post=7942"},{"taxonomy":"product_tag","embeddable":true,"href":"https:\/\/www.blogseite.com\/geschenke\/wp-json\/wp\/v2\/product_tag?post=7942"}],"curies":[{"name":"wp","href":"https:\/\/api.w.org\/{rel}","templated":true}]}}