{"id":7940,"date":"2022-07-31T12:19:02","date_gmt":"2022-07-31T10:19:02","guid":{"rendered":"https:\/\/www.blogseite.com\/geschenke\/?post_type=product&#038;p=7940"},"modified":"2022-07-31T12:22:28","modified_gmt":"2022-07-31T10:22:28","slug":"armbaender-fuer-paare-liebhaber-magnetisches-herz-armband-%f0%9f%a4%a9","status":"publish","type":"product","link":"https:\/\/www.blogseite.com\/geschenke\/s\/armbaender-fuer-paare-liebhaber-magnetisches-herz-armband-%f0%9f%a4%a9\/","title":{"rendered":"Armb\u00e4nder f\u00fcr Paare Liebhaber Magnetisches Herz-Armband \ud83e\udd29"},"content":{"rendered":"<ul class=\"a-unordered-list a-vertical a-spacing-mini\">\n<li><span class=\"a-list-item\">DESIGN &#8211; Diese Paararmb\u00e4nder dr\u00fccken die Anziehungskraft aus, wenn Paare verliebt sind. Das magnetische Herz-Accessoire symbolisiert, dass die Herzen von Paaren eng aneinander angezogen sind.<\/span><\/li>\n<li><span class=\"a-list-item\">PERFEKTE BESONDERE TAGESGESCHENKE &#8211; Diese Herzmagnetarmb\u00e4nder sind ein perfektes Geschenk f\u00fcr Paare, ein ideales Geschenk f\u00fcr Freund oder Freundin am Valentinstag, zu Weihnachten, als Geburtstagsgeschenk, Verlobungsgeschenk. Auch als Abschlussgeschenk f\u00fcr die beste Freundin mit personalisiertem Text.<\/span><\/li>\n<li><span class=\"a-list-item\">EIGENSCHAFTEN &amp; GR\u00d6SSE &#8211; 2 Stile zur Auswahl, schwarzes Seil passt zu schwarzem Seil oder rosa Seil. 3 Farben des Etiketts zur Auswahl, schwarzes Etikett, goldenes Etikett und ros\u00e9goldenes Etikett. Die verstellbare Kette kann f\u00fcr verschiedene Handgelenke geeignet sein, die Breite des ID-Tags: 7 mm und 5 mm.<\/span><\/li>\n<li><span class=\"a-list-item\">KOSTENLOSE LASERGRAVUR \u2013 Machen Sie ein besonderes und unvergessliches Geschenk f\u00fcr Ihren Freund oder Ihre Freundin, indem Sie eine pers\u00f6nliche Lasergravur hinzuf\u00fcgen, wie z. B. ein besonderes Datum, einen Namen und einige S\u00e4tze oder ein Motto, die Sie sich merken m\u00f6chten.<\/span><\/li>\n<li><span class=\"a-list-item\">ALLERGIESICHERER HYPOALLERGENER SCHMUCK &#8211; Dieses Etikett des Artikels besteht aus 316L-Edelstahl, ist 100 % nickelfrei und allergiesicher, was f\u00fcr empfindliche Haut und zu Allergien neigende Haut geeignet ist. Das Band besteht aus Seil, das verstellbar ist und f\u00fcr die meisten Menschen geeignet ist.<\/span><\/li>\n<\/ul>\n","protected":false},"excerpt":{"rendered":"<p>DESIGN &#8211; Diese Paararmb\u00e4nder dr\u00fccken die Anziehungskraft aus, wenn Paare verliebt sind. Das magnetische Herz-Accessoire symbolisiert, dass die Herzen von Paaren eng aneinander angezogen sind. PERFEKTE BESONDERE TAGESGESCHENKE &#8211; Diese Herzmagnetarmb\u00e4nder sind ein perfektes Geschenk f\u00fcr Paare, ein ideales Geschenk f\u00fcr Freund oder Freundin am Valentinstag, zu Weihnachten, als Geburtstagsgeschenk, Verlobungsgeschenk. Auch als Abschlussgeschenk f\u00fcr [&hellip;]<\/p>\n","protected":false},"featured_media":7941,"comment_status":"open","ping_status":"closed","template":"","meta":[],"product_cat":[52,55,426,431],"product_tag":[1594,504],"class_list":{"0":"post-7940","1":"product","2":"type-product","3":"status-publish","4":"has-post-thumbnail","6":"product_cat-hochzeitsgeschenke","7":"product_cat-valentinstag","8":"product_cat-nach-preis","9":"product_cat-unter-50-euro","10":"product_tag-schloss","11":"product_tag-schlsselanhnger","13":"first","14":"instock","15":"shipping-taxable","16":"product-type-external"},"_links":{"self":[{"href":"https:\/\/www.blogseite.com\/geschenke\/wp-json\/wp\/v2\/product\/7940"}],"collection":[{"href":"https:\/\/www.blogseite.com\/geschenke\/wp-json\/wp\/v2\/product"}],"about":[{"href":"https:\/\/www.blogseite.com\/geschenke\/wp-json\/wp\/v2\/types\/product"}],"replies":[{"embeddable":true,"href":"https:\/\/www.blogseite.com\/geschenke\/wp-json\/wp\/v2\/comments?post=7940"}],"wp:featuredmedia":[{"embeddable":true,"href":"https:\/\/www.blogseite.com\/geschenke\/wp-json\/wp\/v2\/media\/7941"}],"wp:attachment":[{"href":"https:\/\/www.blogseite.com\/geschenke\/wp-json\/wp\/v2\/media?parent=7940"}],"wp:term":[{"taxonomy":"product_cat","embeddable":true,"href":"https:\/\/www.blogseite.com\/geschenke\/wp-json\/wp\/v2\/product_cat?post=7940"},{"taxonomy":"product_tag","embeddable":true,"href":"https:\/\/www.blogseite.com\/geschenke\/wp-json\/wp\/v2\/product_tag?post=7940"}],"curies":[{"name":"wp","href":"https:\/\/api.w.org\/{rel}","templated":true}]}}