{"id":7938,"date":"2022-07-31T12:13:42","date_gmt":"2022-07-31T10:13:42","guid":{"rendered":"https:\/\/www.blogseite.com\/geschenke\/?post_type=product&#038;p=7938"},"modified":"2022-07-31T12:17:19","modified_gmt":"2022-07-31T10:17:19","slug":"schluesselanhaenger-paar-liebe-magnet-abnehmbar-%f0%9f%98%8d","status":"publish","type":"product","link":"https:\/\/www.blogseite.com\/geschenke\/s\/schluesselanhaenger-paar-liebe-magnet-abnehmbar-%f0%9f%98%8d\/","title":{"rendered":"Schl\u00fcsselanh\u00e4nger Paar Liebe, Magnet Abnehmbar \ud83d\ude0d"},"content":{"rendered":"<div id=\"featurebullets_feature_div\" class=\"celwidget\" data-feature-name=\"featurebullets\" data-csa-c-id=\"349uby-tft7ot-vzcvyy-sp1am4\" data-cel-widget=\"featurebullets_feature_div\">\n<div id=\"feature-bullets\" class=\"a-section a-spacing-medium a-spacing-top-small\">\n<ul class=\"a-unordered-list a-vertical a-spacing-mini\">\n<li><span class=\"a-list-item\">Eine Kombination aus zwei Kuss Wal Form Schl\u00fcsselanh\u00e4nger,H\u00fcbsches stinking Cute Schl\u00fcsselanh\u00e4nger Kit hat ein angenehmes Gewicht.<\/span><\/li>\n<li><span class=\"a-list-item\">Material: Umweltfreundliche Zinklegierung, Korrosionsbest\u00e4ndigkeit und Verschlei\u00dffestigkeit.<\/span><\/li>\n<li><span class=\"a-list-item\">Perfekt f\u00fcr einen s\u00fc\u00dfen Jahrestag Geschenk, und es ergibt ein ideales Geschenk, um geliebten Menschen oder bedeutenden anderen f\u00fcr Geburtstag, Weihnachten, zum Valentinstag, Hochzeit oder andere besondere Anl\u00e4sse.<\/span><\/li>\n<li><span class=\"a-list-item\">Es ist toll Geschenk f\u00fcr Mutter von Tochter oder Sohn. Auch sehr gut als Sweet Geschenk f\u00fcr Schwestern, Tochter.<\/span><\/li>\n<li><span class=\"a-list-item\">Paket eingeschlossen: 1 Paar Keychain; Gr\u00f6\u00dfe: 5.5&#215;4.5cm.<\/span><\/li>\n<\/ul>\n<\/div>\n<\/div>\n<div id=\"provenanceCertifications_feature_div\" class=\"celwidget\" data-feature-name=\"provenanceCertifications\" data-csa-c-id=\"r86i23-3587q4-p7v9eu-may6mb\" data-cel-widget=\"provenanceCertifications_feature_div\"><\/div>\n<div id=\"legalEUAtf_feature_div\" class=\"celwidget\" data-feature-name=\"legalEUAtf\" data-csa-c-id=\"pu6a3y-tyahfy-6ku1ml-b8uxy0\" data-cel-widget=\"legalEUAtf_feature_div\"><\/div>\n<div id=\"globalStoreInfoBullets_feature_div\" class=\"celwidget\" data-feature-name=\"globalStoreInfoBullets\" data-csa-c-id=\"t5ozmd-4p16zm-26aux1-79hntx\" data-cel-widget=\"globalStoreInfoBullets_feature_div\"><\/div>\n<div id=\"andonCord_feature_div\" class=\"celwidget\" data-feature-name=\"andonCord\" data-csa-c-id=\"ejxtbg-377gi3-qlsgqn-fvcvrw\" data-cel-widget=\"andonCord_feature_div\"><\/div>\n<div id=\"edpIngress_feature_div\" class=\"celwidget\" data-feature-name=\"edpIngress\" data-csa-c-id=\"ruploa-g6wqw-xlh6fb-32fboo\" data-cel-widget=\"edpIngress_feature_div\"><\/div>\n","protected":false},"excerpt":{"rendered":"<p>Eine Kombination aus zwei Kuss Wal Form Schl\u00fcsselanh\u00e4nger,H\u00fcbsches stinking Cute Schl\u00fcsselanh\u00e4nger Kit hat ein angenehmes Gewicht. Material: Umweltfreundliche Zinklegierung, Korrosionsbest\u00e4ndigkeit und Verschlei\u00dffestigkeit. Perfekt f\u00fcr einen s\u00fc\u00dfen Jahrestag Geschenk, und es ergibt ein ideales Geschenk, um geliebten Menschen oder bedeutenden anderen f\u00fcr Geburtstag, Weihnachten, zum Valentinstag, Hochzeit oder andere besondere Anl\u00e4sse. Es ist toll Geschenk f\u00fcr [&hellip;]<\/p>\n","protected":false},"featured_media":7939,"comment_status":"open","ping_status":"closed","template":"","meta":[],"product_cat":[52,55,426,431],"product_tag":[1594,504],"class_list":{"0":"post-7938","1":"product","2":"type-product","3":"status-publish","4":"has-post-thumbnail","6":"product_cat-hochzeitsgeschenke","7":"product_cat-valentinstag","8":"product_cat-nach-preis","9":"product_cat-unter-50-euro","10":"product_tag-schloss","11":"product_tag-schlsselanhnger","13":"first","14":"instock","15":"shipping-taxable","16":"product-type-external"},"_links":{"self":[{"href":"https:\/\/www.blogseite.com\/geschenke\/wp-json\/wp\/v2\/product\/7938"}],"collection":[{"href":"https:\/\/www.blogseite.com\/geschenke\/wp-json\/wp\/v2\/product"}],"about":[{"href":"https:\/\/www.blogseite.com\/geschenke\/wp-json\/wp\/v2\/types\/product"}],"replies":[{"embeddable":true,"href":"https:\/\/www.blogseite.com\/geschenke\/wp-json\/wp\/v2\/comments?post=7938"}],"wp:featuredmedia":[{"embeddable":true,"href":"https:\/\/www.blogseite.com\/geschenke\/wp-json\/wp\/v2\/media\/7939"}],"wp:attachment":[{"href":"https:\/\/www.blogseite.com\/geschenke\/wp-json\/wp\/v2\/media?parent=7938"}],"wp:term":[{"taxonomy":"product_cat","embeddable":true,"href":"https:\/\/www.blogseite.com\/geschenke\/wp-json\/wp\/v2\/product_cat?post=7938"},{"taxonomy":"product_tag","embeddable":true,"href":"https:\/\/www.blogseite.com\/geschenke\/wp-json\/wp\/v2\/product_tag?post=7938"}],"curies":[{"name":"wp","href":"https:\/\/api.w.org\/{rel}","templated":true}]}}