{"id":7935,"date":"2022-07-31T12:07:18","date_gmt":"2022-07-31T10:07:18","guid":{"rendered":"https:\/\/www.blogseite.com\/geschenke\/?post_type=product&#038;p=7935"},"modified":"2022-07-31T12:12:50","modified_gmt":"2022-07-31T10:12:50","slug":"schluesselbund-schluesselbund-kissing-elefanten","status":"publish","type":"product","link":"https:\/\/www.blogseite.com\/geschenke\/s\/schluesselbund-schluesselbund-kissing-elefanten\/","title":{"rendered":"Schl\u00fcsselbund Schl\u00fcsselbund Kissing Elefanten"},"content":{"rendered":"<ul class=\"a-unordered-list a-vertical a-spacing-mini\">\n<li><span class=\"a-list-item\">Paket: 1 Paar Keychain und Geschenkkasten; Gr\u00f6\u00dfe: 3.9&#215;2.5cm.<\/span><\/li>\n<li><span class=\"a-list-item\">Material: Der Elefant ist aus Zinklegierung und der String ist aus Metall, dauerhaft zu nutzen<\/span><\/li>\n<li><span class=\"a-list-item\">Eine Kombination aus zwei Kuss Elefant Schl\u00fcsselanh\u00e4nger., niedlich, stilvoll und funktionell<\/span><\/li>\n<li><span class=\"a-list-item\">Ideal f\u00fcr Liebespaare und Optisch sehr ansprechend, ideal f\u00fcr die Dekoration oder die Organisation Ihrer Schl\u00fcssel.<\/span><\/li>\n<li><span class=\"a-list-item\">Perfekt f\u00fcr einen s\u00fc\u00dfen Jahrestag Geschenk und ergibt ein ideales Geschenk, um geliebten Menschen oder bedeutenden anderen f\u00fcr Geburtstag, Weihnachten, zum Valentinstag, Hochzeit oder andere besondere Anl\u00e4sse.<\/span><\/li>\n<\/ul>\n","protected":false},"excerpt":{"rendered":"<p>Paket: 1 Paar Keychain und Geschenkkasten; Gr\u00f6\u00dfe: 3.9&#215;2.5cm. Material: Der Elefant ist aus Zinklegierung und der String ist aus Metall, dauerhaft zu nutzen Eine Kombination aus zwei Kuss Elefant Schl\u00fcsselanh\u00e4nger., niedlich, stilvoll und funktionell Ideal f\u00fcr Liebespaare und Optisch sehr ansprechend, ideal f\u00fcr die Dekoration oder die Organisation Ihrer Schl\u00fcssel. Perfekt f\u00fcr einen s\u00fc\u00dfen Jahrestag [&hellip;]<\/p>\n","protected":false},"featured_media":7937,"comment_status":"open","ping_status":"closed","template":"","meta":[],"product_cat":[52,55,426,431],"product_tag":[1594],"class_list":{"0":"post-7935","1":"product","2":"type-product","3":"status-publish","4":"has-post-thumbnail","6":"product_cat-hochzeitsgeschenke","7":"product_cat-valentinstag","8":"product_cat-nach-preis","9":"product_cat-unter-50-euro","10":"product_tag-schloss","12":"first","13":"instock","14":"shipping-taxable","15":"product-type-external"},"_links":{"self":[{"href":"https:\/\/www.blogseite.com\/geschenke\/wp-json\/wp\/v2\/product\/7935"}],"collection":[{"href":"https:\/\/www.blogseite.com\/geschenke\/wp-json\/wp\/v2\/product"}],"about":[{"href":"https:\/\/www.blogseite.com\/geschenke\/wp-json\/wp\/v2\/types\/product"}],"replies":[{"embeddable":true,"href":"https:\/\/www.blogseite.com\/geschenke\/wp-json\/wp\/v2\/comments?post=7935"}],"wp:featuredmedia":[{"embeddable":true,"href":"https:\/\/www.blogseite.com\/geschenke\/wp-json\/wp\/v2\/media\/7937"}],"wp:attachment":[{"href":"https:\/\/www.blogseite.com\/geschenke\/wp-json\/wp\/v2\/media?parent=7935"}],"wp:term":[{"taxonomy":"product_cat","embeddable":true,"href":"https:\/\/www.blogseite.com\/geschenke\/wp-json\/wp\/v2\/product_cat?post=7935"},{"taxonomy":"product_tag","embeddable":true,"href":"https:\/\/www.blogseite.com\/geschenke\/wp-json\/wp\/v2\/product_tag?post=7935"}],"curies":[{"name":"wp","href":"https:\/\/api.w.org\/{rel}","templated":true}]}}