{"id":7921,"date":"2022-07-29T14:20:10","date_gmt":"2022-07-29T12:20:10","guid":{"rendered":"https:\/\/www.blogseite.com\/geschenke\/?post_type=product&#038;p=7921"},"modified":"2022-07-29T14:21:21","modified_gmt":"2022-07-29T12:21:21","slug":"goodvish-handykette-kompatibel-mit-iphone-12-iphone","status":"publish","type":"product","link":"https:\/\/www.blogseite.com\/geschenke\/s\/goodvish-handykette-kompatibel-mit-iphone-12-iphone\/","title":{"rendered":"GOODVISH Handykette kompatibel mit iPhone 12\/iPhone"},"content":{"rendered":"<ul class=\"a-unordered-list a-vertical a-spacing-mini\">\n<li><span class=\"a-list-item\">\u3010INTEGRIERTE MODE\u3011 Die urspr\u00fcngliche Farbe und Sch\u00f6nheit Ihres Apple iPhone 12\/iPhone 12Pro kann durch eine transparente Schutzh\u00fclle erhalten werden. \uff08Abnehmbar &amp; Einstellbar\uff09 Ein farbenfroher Riemen macht Ihr Apple iPhone 12\/iPhone 12Pro brillanter.<\/span><\/li>\n<li><span class=\"a-list-item\">\u3010STRUKTURDETAILS\u3011 Der Hard-PC mit Mikropunktmustern auf der R\u00fcckseite des Geh\u00e4uses kann Kratzer, Fingerabdr\u00fccke, Oxidation und Verf\u00e4rbungen wirksam verhindern. Der weiche TPU-Rahmen l\u00e4sst sich leicht montieren und demontieren, ohne das<\/span><\/li>\n<li><span class=\"a-list-item\">\u3010AUSGEZEICHNETER SCHUTZ\u3011 Das Design der Innenairbags in den Ecken des Geh\u00e4uses kann die Impulskraft bei versehentlichem Herunterfallen wirksam reduzieren. Super handlich im Vergleich zu anderen Au\u00dfenairbagkanten und -ecken.<\/span><\/li>\n<li><span class=\"a-list-item\">\u3010PRAKTISCHES DESIGN\u3011 Tragen Sie diese Soft-Touch-Nylon-Lanyard-H\u00fclle um Ihren Hals oder Crossbody, um Ihr Telefon sicher bei sich zu haben. Lassen Sie Ihre H\u00e4nde in der gesch\u00e4ftigen Zeit los. Dank der starken Abriebfestigkeit und der einziehbaren L\u00e4nge k\u00f6<\/span><\/li>\n<li><span class=\"a-list-item\">\u3010EINFACHE UNTERST\u00dcTZUNG\u3011 Alle unsere Produkte werden von Amazon ausgef\u00fchrt. Dies bedeutet, dass Sie Ihre Bestellung in k\u00fcrzester Zeit erhalten k\u00f6nnen. Easy-Touch-Service, wenn es Probleme mit dem Kauf gibt, wenden Sie sich bitte an uns. Wir sind immer f\u00fcr Sie da, um Ihnen so schnell wie m\u00f6glich zu helfen.<\/span><\/li>\n<\/ul>\n","protected":false},"excerpt":{"rendered":"<p>\u3010INTEGRIERTE MODE\u3011 Die urspr\u00fcngliche Farbe und Sch\u00f6nheit Ihres Apple iPhone 12\/iPhone 12Pro kann durch eine transparente Schutzh\u00fclle erhalten werden. \uff08Abnehmbar &amp; Einstellbar\uff09 Ein farbenfroher Riemen macht Ihr Apple iPhone 12\/iPhone 12Pro brillanter. \u3010STRUKTURDETAILS\u3011 Der Hard-PC mit Mikropunktmustern auf der R\u00fcckseite des Geh\u00e4uses kann Kratzer, Fingerabdr\u00fccke, Oxidation und Verf\u00e4rbungen wirksam verhindern. Der weiche TPU-Rahmen l\u00e4sst sich [&hellip;]<\/p>\n","protected":false},"featured_media":7922,"comment_status":"open","ping_status":"closed","template":"","meta":[],"product_cat":[103,74,110,54,116,63,108,57,73,1118,280,426,431,293,301,292,300,302,70,299,295,294,291,124,298,64],"product_tag":[485],"class_list":{"0":"post-7921","1":"product","2":"type-product","3":"status-publish","4":"has-post-thumbnail","6":"product_cat-studenten","7":"product_cat-bester-freund","8":"product_cat-freund","9":"product_cat-vatertag","10":"product_cat-frauen","11":"product_cat-mutter","12":"product_cat-maenner","13":"product_cat-oma","14":"product_cat-beste-freundin","15":"product_cat--freundin","16":"product_cat-geburtstagsgeschenke","17":"product_cat-nach-preis","18":"product_cat-unter-50-euro","19":"product_cat-geschenk-fuer-bruder","20":"product_cat-eltern","21":"product_cat-sohn","22":"product_cat--kollege","23":"product_cat--jungen","24":"product_cat-geschenke-fuer-jeden-anlass","25":"product_cat--chef","26":"product_cat--tochter","27":"product_cat--schwester","28":"product_cat-nerds","29":"product_cat-jungesellenabschied","30":"product_cat--ehefrau","31":"product_cat-vater","32":"product_tag-handykette","34":"first","35":"instock","36":"shipping-taxable","37":"product-type-external"},"_links":{"self":[{"href":"https:\/\/www.blogseite.com\/geschenke\/wp-json\/wp\/v2\/product\/7921"}],"collection":[{"href":"https:\/\/www.blogseite.com\/geschenke\/wp-json\/wp\/v2\/product"}],"about":[{"href":"https:\/\/www.blogseite.com\/geschenke\/wp-json\/wp\/v2\/types\/product"}],"replies":[{"embeddable":true,"href":"https:\/\/www.blogseite.com\/geschenke\/wp-json\/wp\/v2\/comments?post=7921"}],"wp:featuredmedia":[{"embeddable":true,"href":"https:\/\/www.blogseite.com\/geschenke\/wp-json\/wp\/v2\/media\/7922"}],"wp:attachment":[{"href":"https:\/\/www.blogseite.com\/geschenke\/wp-json\/wp\/v2\/media?parent=7921"}],"wp:term":[{"taxonomy":"product_cat","embeddable":true,"href":"https:\/\/www.blogseite.com\/geschenke\/wp-json\/wp\/v2\/product_cat?post=7921"},{"taxonomy":"product_tag","embeddable":true,"href":"https:\/\/www.blogseite.com\/geschenke\/wp-json\/wp\/v2\/product_tag?post=7921"}],"curies":[{"name":"wp","href":"https:\/\/api.w.org\/{rel}","templated":true}]}}