{"id":7811,"date":"2022-07-20T16:05:15","date_gmt":"2022-07-20T14:05:15","guid":{"rendered":"https:\/\/www.blogseite.com\/geschenke\/?post_type=product&#038;p=7811"},"modified":"2022-07-20T16:06:38","modified_gmt":"2022-07-20T14:06:38","slug":"delonghi-nespresso-citiz-%f0%9f%a4%a9","status":"publish","type":"product","link":"https:\/\/www.blogseite.com\/geschenke\/s\/delonghi-nespresso-citiz-%f0%9f%a4%a9\/","title":{"rendered":"De&#8217;Longhi Nespresso Citiz \ud83e\udd29"},"content":{"rendered":"<ul class=\"a-unordered-list a-vertical a-spacing-mini\">\n<li><span class=\"a-list-item\">Direktwahltasten f\u00fcr Espresso und Lungo<\/span><\/li>\n<li><span class=\"a-list-item\">FLOW STOP: programmierbare Kaffeemenge<\/span><\/li>\n<li><span class=\"a-list-item\">Voreinstellungen: 40 ml f\u00fcr Espresso und 110 ml f\u00fcr Lungo<\/span><\/li>\n<li><span class=\"a-list-item\">Aufklappbares Abtropfgitter f\u00fcr hohe Tassen und Gl\u00e4ser<\/span><\/li>\n<li><span class=\"a-list-item\">Welcome-Package mit 16 Nespresso Kapseln individueller Geschmacksrichtungen<\/span><\/li>\n<\/ul>\n","protected":false},"excerpt":{"rendered":"<p>Direktwahltasten f\u00fcr Espresso und Lungo FLOW STOP: programmierbare Kaffeemenge Voreinstellungen: 40 ml f\u00fcr Espresso und 110 ml f\u00fcr Lungo Aufklappbares Abtropfgitter f\u00fcr hohe Tassen und Gl\u00e4ser Welcome-Package mit 16 Nespresso Kapseln individueller Geschmacksrichtungen<\/p>\n","protected":false},"featured_media":7812,"comment_status":"open","ping_status":"closed","template":"","meta":[],"product_cat":[103,74,110,54,116,63,108,57,73,1118,280,426,431,293,301,292,300,302,70,299,295,294,291,124,298,64],"product_tag":[532],"class_list":{"0":"post-7811","1":"product","2":"type-product","3":"status-publish","4":"has-post-thumbnail","6":"product_cat-studenten","7":"product_cat-bester-freund","8":"product_cat-freund","9":"product_cat-vatertag","10":"product_cat-frauen","11":"product_cat-mutter","12":"product_cat-maenner","13":"product_cat-oma","14":"product_cat-beste-freundin","15":"product_cat--freundin","16":"product_cat-geburtstagsgeschenke","17":"product_cat-nach-preis","18":"product_cat-unter-50-euro","19":"product_cat-geschenk-fuer-bruder","20":"product_cat-eltern","21":"product_cat-sohn","22":"product_cat--kollege","23":"product_cat--jungen","24":"product_cat-geschenke-fuer-jeden-anlass","25":"product_cat--chef","26":"product_cat--tochter","27":"product_cat--schwester","28":"product_cat-nerds","29":"product_cat-jungesellenabschied","30":"product_cat--ehefrau","31":"product_cat-vater","32":"product_tag-tasse","34":"first","35":"instock","36":"shipping-taxable","37":"product-type-external"},"_links":{"self":[{"href":"https:\/\/www.blogseite.com\/geschenke\/wp-json\/wp\/v2\/product\/7811"}],"collection":[{"href":"https:\/\/www.blogseite.com\/geschenke\/wp-json\/wp\/v2\/product"}],"about":[{"href":"https:\/\/www.blogseite.com\/geschenke\/wp-json\/wp\/v2\/types\/product"}],"replies":[{"embeddable":true,"href":"https:\/\/www.blogseite.com\/geschenke\/wp-json\/wp\/v2\/comments?post=7811"}],"wp:featuredmedia":[{"embeddable":true,"href":"https:\/\/www.blogseite.com\/geschenke\/wp-json\/wp\/v2\/media\/7812"}],"wp:attachment":[{"href":"https:\/\/www.blogseite.com\/geschenke\/wp-json\/wp\/v2\/media?parent=7811"}],"wp:term":[{"taxonomy":"product_cat","embeddable":true,"href":"https:\/\/www.blogseite.com\/geschenke\/wp-json\/wp\/v2\/product_cat?post=7811"},{"taxonomy":"product_tag","embeddable":true,"href":"https:\/\/www.blogseite.com\/geschenke\/wp-json\/wp\/v2\/product_tag?post=7811"}],"curies":[{"name":"wp","href":"https:\/\/api.w.org\/{rel}","templated":true}]}}