{"id":7807,"date":"2022-07-20T16:00:44","date_gmt":"2022-07-20T14:00:44","guid":{"rendered":"https:\/\/www.blogseite.com\/geschenke\/?post_type=product&#038;p=7807"},"modified":"2022-07-20T16:07:03","modified_gmt":"2022-07-20T14:07:03","slug":"das-mimimi-stark-in-dir-geschenk-%f0%9f%a5%b0","status":"publish","type":"product","link":"https:\/\/www.blogseite.com\/geschenke\/s\/das-mimimi-stark-in-dir-geschenk-%f0%9f%a5%b0\/","title":{"rendered":"Das Mimimi stark in dir Geschenk \ud83e\udd70"},"content":{"rendered":"<ul class=\"a-unordered-list a-vertical a-spacing-mini\">\n<li><span class=\"a-list-item\">\ud83e\udde1 \ud835\uddd8\ud835\uddf6\ud835\uddfb\ud835\ude07\ud835\uddf6\ud835\uddf4\ud835\uddee\ud835\uddff\ud835\ude01\ud835\uddf6\ud835\uddf4\ud835\uddf2 \ud835\udde9\ud835\uddf2\ud835\uddff\ud835\uddee\ud835\uddff\ud835\uddef\ud835\uddf2\ud835\uddf6\ud835\ude01\ud835\ude02\ud835\uddfb\ud835\uddf4: Einzigartige und brilliante Druckergebnisse treffen auf Langlebigkeit &#8211; denn unsere Kaffeebecher sind zu 100% Sp\u00fclmaschinen- und Mikrowellenfest.<\/span><\/li>\n<li><span class=\"a-list-item\">\ud83e\udde1 \ud835\udddb\ud835\uddf2\ud835\uddff\ud835\uddf4\ud835\uddf2\ud835\ude00\ud835\ude01\ud835\uddf2\ud835\uddf9\ud835\uddf9\ud835\ude01 \ud835\uddf6\ud835\uddfb \ud835\uddd7\ud835\uddf2\ud835\ude02\ud835\ude01\ud835\ude00\ud835\uddf0\ud835\uddf5\ud835\uddf9\ud835\uddee\ud835\uddfb\ud835\uddf1: Unsere Kaffeetassen mit Spruch werden mit liebevoll und mit absoluter Hingabe in Deutschland im Allg\u00e4u produziert, verpackt und versendet.<\/span><\/li>\n<li><span class=\"a-list-item\">\ud83e\udde1 \ud835\uddd7\ud835\uddee\ud835\ude00 \ud835\uddfd\ud835\uddf2\ud835\uddff\ud835\uddf3\ud835\uddf2\ud835\uddf8\ud835\ude01\ud835\uddf2 \ud835\uddda\ud835\uddf2\ud835\ude00\ud835\uddf0\ud835\uddf5\ud835\uddf2\ud835\uddfb\ud835\uddf8: Die Perfekte Geschenkidee f\u00fcr Arbeitskollegen, Kollegin, Freund oder Freundin. Einfach jeder wird sich \u00fcber diesen Kaffeebecher freuen denn pers\u00f6nliche und originelle Geschenke mit lustigen Spr\u00fcchen begeistern immer jeden.<\/span><\/li>\n<li><span class=\"a-list-item\">\ud83e\udde1 \ud835\udde7\ud835\uddee\ud835\ude00\ud835\ude00\ud835\uddf2 \ud835\uddfa\ud835\uddf6\ud835\ude01 \ud835\udde6\ud835\uddfd\ud835\uddff\ud835\ude02\ud835\uddf0\ud835\uddf5: Auf den Spruch kommt es an, denn unsere Kaffeebecher schm\u00fccken jeden Morgen den B\u00fcroschreibtisch oder auch den Esszimmertisch beim Fr\u00fchst\u00fcck. Die Spr\u00fcche sollen Spa\u00df machen und zwar Morgen, Mittags und Abends und das 7 Tage die Woche. Dazu kommt, dass der Kaffee bei guter Laune gleich viel besser schmeckt.<\/span><\/li>\n<li><span class=\"a-list-item\">\ud83e\udde1 \ud835\uddda\ud835\ude02\ud835\ude01 \ud835\ude07\ud835\ude02 \ud835\uddea\ud835\uddf6\ud835\ude00\ud835\ude00\ud835\uddf2\ud835\uddfb: Die Kaffeetassen bestehen aus Keramik. H\u00f6he: 96mm, Durchmesser 80mm, Gewicht ca 340g<\/span><\/li>\n<li><span class=\"a-list-item\">\ud83e\udde1 \ud835\uddde\ud835\ude02\ud835\uddfb\ud835\uddf1\ud835\uddf2\ud835\uddfb\ud835\ude00\ud835\uddf2\ud835\uddff\ud835\ude03\ud835\uddf6\ud835\uddf0\ud835\uddf2 \ud835\uddee\ud835\ude02\ud835\ude00 \ud835\uddd7\ud835\uddf2\ud835\ude02\ud835\ude01\ud835\ude00\ud835\uddf0\ud835\uddf5\ud835\uddf9\ud835\uddee\ud835\uddfb\ud835\uddf1: Wir verpacken und versenden direkt aus Deutschland! Es gibt Probleme bei der Lieferung? Kein Problem &#8211; Ein Anruf auf unserer Festnetznummer oder eine Mail reichen und wir helfen Ihnen! Inklusive ordentlicher deutscher Rechnung mit ausgewiesener Mehrwertsteuer nat\u00fcrlich!<\/span><\/li>\n<li><span class=\"a-list-item\">\ud83e\udde1 \ud835\udde6\ud835\ude01\ud835\uddee\ud835\uddff \ud835\uddea\ud835\uddee\ud835\uddff\ud835\ude00 \ud835\uddd9\ud835\uddee\ud835\uddfb\ud835\ude00 \ud835\uddee\ud835\ude02\ud835\uddf3\ud835\uddf4\ud835\uddf2\ud835\uddfd\ud835\uddee\ud835\ude00\ud835\ude00\ud835\ude01: Unsere au\u00dferirdisch gr\u00fcne Serie ist das perfekte Geschenk f\u00fcr jeden der gerne einmal mit einem Laserschwert jagt auf Darth Vader im Todesstern machen m\u00f6chte. F\u00fcr jeden der gerne einmal mit dem Raumschiff durch die Galaxie d\u00fcsen m\u00f6chte.<\/span><\/li>\n<\/ul>\n","protected":false},"excerpt":{"rendered":"<p>\ud83e\udde1 \ud835\uddd8\ud835\uddf6\ud835\uddfb\ud835\ude07\ud835\uddf6\ud835\uddf4\ud835\uddee\ud835\uddff\ud835\ude01\ud835\uddf6\ud835\uddf4\ud835\uddf2 \ud835\udde9\ud835\uddf2\ud835\uddff\ud835\uddee\ud835\uddff\ud835\uddef\ud835\uddf2\ud835\uddf6\ud835\ude01\ud835\ude02\ud835\uddfb\ud835\uddf4: Einzigartige und brilliante Druckergebnisse treffen auf Langlebigkeit &#8211; denn unsere Kaffeebecher sind zu 100% Sp\u00fclmaschinen- und Mikrowellenfest. \ud83e\udde1 \ud835\udddb\ud835\uddf2\ud835\uddff\ud835\uddf4\ud835\uddf2\ud835\ude00\ud835\ude01\ud835\uddf2\ud835\uddf9\ud835\uddf9\ud835\ude01 \ud835\uddf6\ud835\uddfb \ud835\uddd7\ud835\uddf2\ud835\ude02\ud835\ude01\ud835\ude00\ud835\uddf0\ud835\uddf5\ud835\uddf9\ud835\uddee\ud835\uddfb\ud835\uddf1: Unsere Kaffeetassen mit Spruch werden mit liebevoll und mit absoluter Hingabe in Deutschland im Allg\u00e4u produziert, verpackt und versendet. \ud83e\udde1 \ud835\uddd7\ud835\uddee\ud835\ude00 \ud835\uddfd\ud835\uddf2\ud835\uddff\ud835\uddf3\ud835\uddf2\ud835\uddf8\ud835\ude01\ud835\uddf2 \ud835\uddda\ud835\uddf2\ud835\ude00\ud835\uddf0\ud835\uddf5\ud835\uddf2\ud835\uddfb\ud835\uddf8: Die Perfekte Geschenkidee f\u00fcr Arbeitskollegen, Kollegin, Freund oder [&hellip;]<\/p>\n","protected":false},"featured_media":7808,"comment_status":"open","ping_status":"closed","template":"","meta":[],"product_cat":[103,74,110,54,116,63,108,57,73,1118,280,426,431,293,301,292,300,302,70,299,295,294,291,124,298,64],"product_tag":[532],"class_list":{"0":"post-7807","1":"product","2":"type-product","3":"status-publish","4":"has-post-thumbnail","6":"product_cat-studenten","7":"product_cat-bester-freund","8":"product_cat-freund","9":"product_cat-vatertag","10":"product_cat-frauen","11":"product_cat-mutter","12":"product_cat-maenner","13":"product_cat-oma","14":"product_cat-beste-freundin","15":"product_cat--freundin","16":"product_cat-geburtstagsgeschenke","17":"product_cat-nach-preis","18":"product_cat-unter-50-euro","19":"product_cat-geschenk-fuer-bruder","20":"product_cat-eltern","21":"product_cat-sohn","22":"product_cat--kollege","23":"product_cat--jungen","24":"product_cat-geschenke-fuer-jeden-anlass","25":"product_cat--chef","26":"product_cat--tochter","27":"product_cat--schwester","28":"product_cat-nerds","29":"product_cat-jungesellenabschied","30":"product_cat--ehefrau","31":"product_cat-vater","32":"product_tag-tasse","34":"first","35":"instock","36":"shipping-taxable","37":"product-type-external"},"_links":{"self":[{"href":"https:\/\/www.blogseite.com\/geschenke\/wp-json\/wp\/v2\/product\/7807"}],"collection":[{"href":"https:\/\/www.blogseite.com\/geschenke\/wp-json\/wp\/v2\/product"}],"about":[{"href":"https:\/\/www.blogseite.com\/geschenke\/wp-json\/wp\/v2\/types\/product"}],"replies":[{"embeddable":true,"href":"https:\/\/www.blogseite.com\/geschenke\/wp-json\/wp\/v2\/comments?post=7807"}],"wp:featuredmedia":[{"embeddable":true,"href":"https:\/\/www.blogseite.com\/geschenke\/wp-json\/wp\/v2\/media\/7808"}],"wp:attachment":[{"href":"https:\/\/www.blogseite.com\/geschenke\/wp-json\/wp\/v2\/media?parent=7807"}],"wp:term":[{"taxonomy":"product_cat","embeddable":true,"href":"https:\/\/www.blogseite.com\/geschenke\/wp-json\/wp\/v2\/product_cat?post=7807"},{"taxonomy":"product_tag","embeddable":true,"href":"https:\/\/www.blogseite.com\/geschenke\/wp-json\/wp\/v2\/product_tag?post=7807"}],"curies":[{"name":"wp","href":"https:\/\/api.w.org\/{rel}","templated":true}]}}