{"id":7790,"date":"2022-07-20T15:37:05","date_gmt":"2022-07-20T13:37:05","guid":{"rendered":"https:\/\/www.blogseite.com\/geschenke\/?post_type=product&#038;p=7790"},"modified":"2022-07-20T15:47:13","modified_gmt":"2022-07-20T13:47:13","slug":"micoden-handykette-kompatibel-mit-iphone-11-%f0%9f%a5%b0","status":"publish","type":"product","link":"https:\/\/www.blogseite.com\/geschenke\/s\/micoden-handykette-kompatibel-mit-iphone-11-%f0%9f%a5%b0\/","title":{"rendered":"Micoden Handykette kompatibel mit iPhone 11 \ud83e\udd70"},"content":{"rendered":"<ul class=\"a-unordered-list a-vertical a-spacing-mini\">\n<li><span class=\"a-list-item\">\u3010Kompatibilit\u00e4t\u3011 Diese Handyh\u00fclle ist perfekt kompatibel mit dem iPhone 11,NICHT kompatibel mit anderen Handymodellen, bitte vor dem Kauf sorgf\u00e4ltig best\u00e4tigen.<\/span><\/li>\n<li><span class=\"a-list-item\">\u3010Einstellbar Handykordel\u3011Pr\u00e4zise Aussparungen f\u00fcr Kamera, Tasten, Anschl\u00fcsse und Lautsprecher. Alle Bedienungskn\u00f6pfe sind leicht zu bet\u00e4tigen &amp; f\u00fcrs laden kann die H\u00fclle dran bleiben.1,50 Meter langes Band ist gr\u00f6\u00dfenverstellbar, widerstandsf\u00e4hig und geruchlos, nimmt keine Feuchtigkeit auf angenehmer Tragekomfort, kein Kratzen auf der Haut elegante Kordelendverschl\u00fcsse aus Metall.<\/span><\/li>\n<li><span class=\"a-list-item\">\u3010Material\u3011 Diese iPhone 11 R\u00fcckenh\u00fclle besteht aus Silikonmaterial, ist weich, langlebiger, kann lange verwendet werden, glatte Textur, aber rutschfest. Einfach zu entfernen oder zu installieren. Die weiche TPU Handyh\u00fclle ist leicht, sodass Sie bei der Verwendung Ihres Telefons nicht belastet werden.<\/span><\/li>\n<li><span class=\"a-list-item\">\u30102 IN 1 Abnehmbar Handykette\u3011Beim Entfernen der Kette, wird es zu einer Standard Handyh\u00fcllen, Erf\u00fcllen Sie die Anforderungen verschiedener Umgebungen. Einfach anzubringen und zu entfernen, f\u00e4llt es nicht w\u00e4hrend des Gebrauchs.Zwei kleine L\u00f6cher an der unteren linken Seite der Handyh\u00fclle dienen zum Binden des Schl\u00fcsselbands f\u00fcr kleine Gegenst\u00e4nde, die Sie m\u00f6gen. Diese h\u00fclle eignet sich sehr gut als Geschenk f\u00fcr M\u00fctter, Freunde und Schwestern.<\/span><\/li>\n<li><span class=\"a-list-item\">\u3010SCHUTZ\u3011 Unter dem Schutz deriPhone 11 Silikonh\u00fclle ist Ihr Telefon nicht leicht zu zerkratzen und vor pl\u00f6tzlichen St\u00fcrzen, Staub oder anderen t\u00e4glichen Sch\u00e4den zu sch\u00fctzen. Erh\u00f6hte Silikonkanten sch\u00fctzen Ihren Bildschirm vor Kratzern, und eine vollst\u00e4ndig umh\u00fcllte Silikonh\u00fclle sch\u00fctzt das Objektiv vor direktem Kontakt mit rauen Oberfl\u00e4chen.<\/span><\/li>\n<\/ul>\n","protected":false},"excerpt":{"rendered":"<p>\u3010Kompatibilit\u00e4t\u3011 Diese Handyh\u00fclle ist perfekt kompatibel mit dem iPhone 11,NICHT kompatibel mit anderen Handymodellen, bitte vor dem Kauf sorgf\u00e4ltig best\u00e4tigen. \u3010Einstellbar Handykordel\u3011Pr\u00e4zise Aussparungen f\u00fcr Kamera, Tasten, Anschl\u00fcsse und Lautsprecher. Alle Bedienungskn\u00f6pfe sind leicht zu bet\u00e4tigen &amp; f\u00fcrs laden kann die H\u00fclle dran bleiben.1,50 Meter langes Band ist gr\u00f6\u00dfenverstellbar, widerstandsf\u00e4hig und geruchlos, nimmt keine Feuchtigkeit auf [&hellip;]<\/p>\n","protected":false},"featured_media":7791,"comment_status":"open","ping_status":"closed","template":"","meta":[],"product_cat":[103,74,110,54,116,63,108,57,73,1118,280,426,431,293,301,292,300,302,70,299,295,294,291,124,298,64],"product_tag":[485],"class_list":{"0":"post-7790","1":"product","2":"type-product","3":"status-publish","4":"has-post-thumbnail","6":"product_cat-studenten","7":"product_cat-bester-freund","8":"product_cat-freund","9":"product_cat-vatertag","10":"product_cat-frauen","11":"product_cat-mutter","12":"product_cat-maenner","13":"product_cat-oma","14":"product_cat-beste-freundin","15":"product_cat--freundin","16":"product_cat-geburtstagsgeschenke","17":"product_cat-nach-preis","18":"product_cat-unter-50-euro","19":"product_cat-geschenk-fuer-bruder","20":"product_cat-eltern","21":"product_cat-sohn","22":"product_cat--kollege","23":"product_cat--jungen","24":"product_cat-geschenke-fuer-jeden-anlass","25":"product_cat--chef","26":"product_cat--tochter","27":"product_cat--schwester","28":"product_cat-nerds","29":"product_cat-jungesellenabschied","30":"product_cat--ehefrau","31":"product_cat-vater","32":"product_tag-handykette","34":"first","35":"instock","36":"shipping-taxable","37":"product-type-external"},"_links":{"self":[{"href":"https:\/\/www.blogseite.com\/geschenke\/wp-json\/wp\/v2\/product\/7790"}],"collection":[{"href":"https:\/\/www.blogseite.com\/geschenke\/wp-json\/wp\/v2\/product"}],"about":[{"href":"https:\/\/www.blogseite.com\/geschenke\/wp-json\/wp\/v2\/types\/product"}],"replies":[{"embeddable":true,"href":"https:\/\/www.blogseite.com\/geschenke\/wp-json\/wp\/v2\/comments?post=7790"}],"wp:featuredmedia":[{"embeddable":true,"href":"https:\/\/www.blogseite.com\/geschenke\/wp-json\/wp\/v2\/media\/7791"}],"wp:attachment":[{"href":"https:\/\/www.blogseite.com\/geschenke\/wp-json\/wp\/v2\/media?parent=7790"}],"wp:term":[{"taxonomy":"product_cat","embeddable":true,"href":"https:\/\/www.blogseite.com\/geschenke\/wp-json\/wp\/v2\/product_cat?post=7790"},{"taxonomy":"product_tag","embeddable":true,"href":"https:\/\/www.blogseite.com\/geschenke\/wp-json\/wp\/v2\/product_tag?post=7790"}],"curies":[{"name":"wp","href":"https:\/\/api.w.org\/{rel}","templated":true}]}}