{"id":7780,"date":"2022-07-20T15:22:50","date_gmt":"2022-07-20T13:22:50","guid":{"rendered":"https:\/\/www.blogseite.com\/geschenke\/?post_type=product&#038;p=7780"},"modified":"2022-07-20T15:48:34","modified_gmt":"2022-07-20T13:48:34","slug":"govee-smart-tischlampe-nachttischlampe-%f0%9f%92%81%f0%9f%8f%bc%e2%99%80%ef%b8%8f","status":"publish","type":"product","link":"https:\/\/www.blogseite.com\/geschenke\/s\/govee-smart-tischlampe-nachttischlampe-%f0%9f%92%81%f0%9f%8f%bc%e2%99%80%ef%b8%8f\/","title":{"rendered":"Govee Smart Tischlampe Nachttischlampe \ud83d\udc81\ud83c\udffc\u200d\u2640\ufe0f"},"content":{"rendered":"<ul class=\"a-unordered-list a-vertical a-spacing-mini\">\n<li><span class=\"a-list-item\">DIY-Modus: Unser intuitiver DIY-Modus \u00fcber die Govee Home-App erm\u00f6glicht es Ihnen, Lichteffekte zu personalisieren und f\u00fcr sp\u00e4ter zu speichern. Mit Finger Skizze k\u00f6nnen Sie in der App Farbmuster zeichnen und auf Ihre Tischleuchte anwenden.<\/span><\/li>\n<li><span class=\"a-list-item\">Szenemodus: Mit 37 Szenenmodi k\u00f6nnen Sie Ihre romantischen Abendessen oder zwanglosen Zusammenk\u00fcnfte aufpeppen. Die Szenen sind dimmbar und wurden so konzipiert, dass sie zu jedem Indoor-Anlass passen.<\/span><\/li>\n<li><span class=\"a-list-item\">Sprachsteuerung: Die smarte Tischleuchte ist kompatibel mit Alexa und Google Assistant. Machen Sie Ihre H\u00e4nde frei und verwalten Sie Ihre Nachttischlampe mit einfachen Sprachbefehlen.<\/span><\/li>\n<li><span class=\"a-list-item\">Musikmodus: Mit einem Mikrofon kann die Tischlampe mit jedem Musiktyp synchronisiert werden. W\u00e4hlen Sie aus 4 Musikmodi und beobachten Sie mit Freude, wie Ihre Lichter zum Rhythmus Ihrer Lieblingslieder tanzen und Ihre Stimmung m\u00fchelos anregen.<\/span><\/li>\n<li><span class=\"a-list-item\">Timer-Funktion: Programmieren Sie die Nachttischlampe so, dass sie sich automatisch ein- oder ausschaltet und ihre Helligkeit anpasst, damit Sie friedlich einschlafen oder mit warmen Farben aufwachen.<\/span><\/li>\n<\/ul>\n","protected":false},"excerpt":{"rendered":"<p>DIY-Modus: Unser intuitiver DIY-Modus \u00fcber die Govee Home-App erm\u00f6glicht es Ihnen, Lichteffekte zu personalisieren und f\u00fcr sp\u00e4ter zu speichern. Mit Finger Skizze k\u00f6nnen Sie in der App Farbmuster zeichnen und auf Ihre Tischleuchte anwenden. Szenemodus: Mit 37 Szenenmodi k\u00f6nnen Sie Ihre romantischen Abendessen oder zwanglosen Zusammenk\u00fcnfte aufpeppen. Die Szenen sind dimmbar und wurden so konzipiert, [&hellip;]<\/p>\n","protected":false},"featured_media":7781,"comment_status":"open","ping_status":"closed","template":"","meta":[],"product_cat":[103,74,110,54,116,63,108,57,73,1118,280,426,431,293,301,292,300,302,70,299,295,294,291,124,298,64],"product_tag":[942],"class_list":{"0":"post-7780","1":"product","2":"type-product","3":"status-publish","4":"has-post-thumbnail","6":"product_cat-studenten","7":"product_cat-bester-freund","8":"product_cat-freund","9":"product_cat-vatertag","10":"product_cat-frauen","11":"product_cat-mutter","12":"product_cat-maenner","13":"product_cat-oma","14":"product_cat-beste-freundin","15":"product_cat--freundin","16":"product_cat-geburtstagsgeschenke","17":"product_cat-nach-preis","18":"product_cat-unter-50-euro","19":"product_cat-geschenk-fuer-bruder","20":"product_cat-eltern","21":"product_cat-sohn","22":"product_cat--kollege","23":"product_cat--jungen","24":"product_cat-geschenke-fuer-jeden-anlass","25":"product_cat--chef","26":"product_cat--tochter","27":"product_cat--schwester","28":"product_cat-nerds","29":"product_cat-jungesellenabschied","30":"product_cat--ehefrau","31":"product_cat-vater","32":"product_tag-tischlampe","34":"first","35":"instock","36":"shipping-taxable","37":"product-type-external"},"_links":{"self":[{"href":"https:\/\/www.blogseite.com\/geschenke\/wp-json\/wp\/v2\/product\/7780"}],"collection":[{"href":"https:\/\/www.blogseite.com\/geschenke\/wp-json\/wp\/v2\/product"}],"about":[{"href":"https:\/\/www.blogseite.com\/geschenke\/wp-json\/wp\/v2\/types\/product"}],"replies":[{"embeddable":true,"href":"https:\/\/www.blogseite.com\/geschenke\/wp-json\/wp\/v2\/comments?post=7780"}],"wp:featuredmedia":[{"embeddable":true,"href":"https:\/\/www.blogseite.com\/geschenke\/wp-json\/wp\/v2\/media\/7781"}],"wp:attachment":[{"href":"https:\/\/www.blogseite.com\/geschenke\/wp-json\/wp\/v2\/media?parent=7780"}],"wp:term":[{"taxonomy":"product_cat","embeddable":true,"href":"https:\/\/www.blogseite.com\/geschenke\/wp-json\/wp\/v2\/product_cat?post=7780"},{"taxonomy":"product_tag","embeddable":true,"href":"https:\/\/www.blogseite.com\/geschenke\/wp-json\/wp\/v2\/product_tag?post=7780"}],"curies":[{"name":"wp","href":"https:\/\/api.w.org\/{rel}","templated":true}]}}