{"id":7774,"date":"2022-07-20T15:11:09","date_gmt":"2022-07-20T13:11:09","guid":{"rendered":"https:\/\/www.blogseite.com\/geschenke\/?post_type=product&#038;p=7774"},"modified":"2022-07-20T15:13:05","modified_gmt":"2022-07-20T13:13:05","slug":"nachttischlampe-mit-wireless-ladegeraet-%f0%9f%a4%93","status":"publish","type":"product","link":"https:\/\/www.blogseite.com\/geschenke\/s\/nachttischlampe-mit-wireless-ladegeraet-%f0%9f%a4%93\/","title":{"rendered":"Nachttischlampe mit Wireless Ladeger\u00e4t \ud83e\udd13"},"content":{"rendered":"<ul class=\"a-unordered-list a-vertical a-spacing-mini\">\n<li><span class=\"a-list-item\">\u25ba\u3010Dual-Ladefunktion\u3011: Die Nachttischlampe verf\u00fcgt \u00fcber ein kabelloses 10-W-Ladeger\u00e4t und einen USB-Ladeanschluss, der nicht nur das kabellose Laden von 10 W unterst\u00fctzt, sondern auch die erforderlichen Ger\u00e4te \u00fcber den USB-Ausgang aufladen kann. Legen Sie zum Aufladen einfach Ihr Smartphone oder ein anderes andere unterst\u00fctzen kabelloses Laden Smart-Ger\u00e4t auf die kabellose Ladestation.<\/span><\/li>\n<li><span class=\"a-list-item\">\u25ba\u30103 Helligkeitsstufen und Stufenloses Dimmen\u3011: Die Tischlampe hat k\u00fchles wei\u00dfes Licht-nat\u00fcrliches Licht-warmes Licht, drei Helligkeitsarten k\u00f6nnen ausgew\u00e4hlt werden. Ber\u00fchren Sie leicht den Lampenarm, um den Lichtmodus umzuschalten. Dr\u00fccken Sie lange auf den Lampenarm, um die gew\u00fcnschte Helligkeit stufenlos einzustellen, keine Strahlung, weiches Licht, effektiver Vorbeugung von Augenerm\u00fcdung und besseren Lichteffekten.<\/span><\/li>\n<li><span class=\"a-list-item\">\u25ba\u3010Touch-Design\u3011: Die kabellose Ladelampe kann durch Ber\u00fchren des gesamten runden Lampenarms ein- oder ausgeschaltet werden. Sie k\u00f6nnen die Helligkeit des Lichts auch durch leichtes Ber\u00fchren der Taste anpassen. Lange dr\u00fccken, um die Helligkeit des Lichts anzupassen.<\/span><\/li>\n<li><span class=\"a-list-item\">\u25ba\u3010180 \u00b0 flexibler Arm\u3011: Das Nachtlicht hat ein 45 \u00b0 \/ 90 \u00b0 \/ 180 \u00b0 Armdesign. Unser LED-Nachtlicht kann im Winkel und in der festen Position nach Ihren W\u00fcnschen eingestellt werden, um Ihren weiteren Beleuchtungsanforderungen gerecht zu werden.<\/span><\/li>\n<li><span class=\"a-list-item\">\u25ba\u3010Teleskop-Handyhalter-Design\u3011: Die Unterseite der Schreibtischlampe kann als Handyhalter herausgezogen werden, was mehr Komfort beim Ansehen von Videos und beim Arbeiten bietet. Hinweis: Wenn der Ladeschutz Ihres Mobiltelefons aktiviert ist, k\u00f6nnen Sie das kabellose Laden nur bis zu 80 % der Leistung verwenden. Zu diesem Zeitpunkt m\u00fcssen Sie diese Funktion deaktivieren, um 100 % der Leistung durch kabelloses Laden zu erreichen.<\/span><\/li>\n<\/ul>\n","protected":false},"excerpt":{"rendered":"<p>\u25ba\u3010Dual-Ladefunktion\u3011: Die Nachttischlampe verf\u00fcgt \u00fcber ein kabelloses 10-W-Ladeger\u00e4t und einen USB-Ladeanschluss, der nicht nur das kabellose Laden von 10 W unterst\u00fctzt, sondern auch die erforderlichen Ger\u00e4te \u00fcber den USB-Ausgang aufladen kann. Legen Sie zum Aufladen einfach Ihr Smartphone oder ein anderes andere unterst\u00fctzen kabelloses Laden Smart-Ger\u00e4t auf die kabellose Ladestation. \u25ba\u30103 Helligkeitsstufen und Stufenloses Dimmen\u3011: [&hellip;]<\/p>\n","protected":false},"featured_media":7775,"comment_status":"open","ping_status":"closed","template":"","meta":[],"product_cat":[103,74,110,54,116,63,108,57,73,1118,280,426,431,293,301,292,300,302,70,299,295,294,291,124,298,64],"product_tag":[1576,928],"class_list":{"0":"post-7774","1":"product","2":"type-product","3":"status-publish","4":"has-post-thumbnail","6":"product_cat-studenten","7":"product_cat-bester-freund","8":"product_cat-freund","9":"product_cat-vatertag","10":"product_cat-frauen","11":"product_cat-mutter","12":"product_cat-maenner","13":"product_cat-oma","14":"product_cat-beste-freundin","15":"product_cat--freundin","16":"product_cat-geburtstagsgeschenke","17":"product_cat-nach-preis","18":"product_cat-unter-50-euro","19":"product_cat-geschenk-fuer-bruder","20":"product_cat-eltern","21":"product_cat-sohn","22":"product_cat--kollege","23":"product_cat--jungen","24":"product_cat-geschenke-fuer-jeden-anlass","25":"product_cat--chef","26":"product_cat--tochter","27":"product_cat--schwester","28":"product_cat-nerds","29":"product_cat-jungesellenabschied","30":"product_cat--ehefrau","31":"product_cat-vater","32":"product_tag-radiowecker","33":"product_tag-wecker","35":"first","36":"instock","37":"shipping-taxable","38":"product-type-external"},"_links":{"self":[{"href":"https:\/\/www.blogseite.com\/geschenke\/wp-json\/wp\/v2\/product\/7774"}],"collection":[{"href":"https:\/\/www.blogseite.com\/geschenke\/wp-json\/wp\/v2\/product"}],"about":[{"href":"https:\/\/www.blogseite.com\/geschenke\/wp-json\/wp\/v2\/types\/product"}],"replies":[{"embeddable":true,"href":"https:\/\/www.blogseite.com\/geschenke\/wp-json\/wp\/v2\/comments?post=7774"}],"wp:featuredmedia":[{"embeddable":true,"href":"https:\/\/www.blogseite.com\/geschenke\/wp-json\/wp\/v2\/media\/7775"}],"wp:attachment":[{"href":"https:\/\/www.blogseite.com\/geschenke\/wp-json\/wp\/v2\/media?parent=7774"}],"wp:term":[{"taxonomy":"product_cat","embeddable":true,"href":"https:\/\/www.blogseite.com\/geschenke\/wp-json\/wp\/v2\/product_cat?post=7774"},{"taxonomy":"product_tag","embeddable":true,"href":"https:\/\/www.blogseite.com\/geschenke\/wp-json\/wp\/v2\/product_tag?post=7774"}],"curies":[{"name":"wp","href":"https:\/\/api.w.org\/{rel}","templated":true}]}}