{"id":7758,"date":"2022-07-20T14:42:58","date_gmt":"2022-07-20T12:42:58","guid":{"rendered":"https:\/\/www.blogseite.com\/geschenke\/?post_type=product&#038;p=7758"},"modified":"2022-07-20T14:44:45","modified_gmt":"2022-07-20T12:44:45","slug":"vogelhaus-mit-schnapps-%f0%9f%98%85-geschenk-fuer-party","status":"publish","type":"product","link":"https:\/\/www.blogseite.com\/geschenke\/s\/vogelhaus-mit-schnapps-%f0%9f%98%85-geschenk-fuer-party\/","title":{"rendered":"Vogelhaus mit Schnapps \ud83d\ude05 Geschenk f\u00fcr Party"},"content":{"rendered":"<ul class=\"a-unordered-list a-vertical a-spacing-mini\">\n<li><span class=\"a-list-item\">Die nistkasten zur aufbewahrung von getr\u00e4nke flaschen und gl\u00e4ser sind ausgefallene und original geschenkideen f\u00fcr den m\u00e4nnertag, vatertag, gro\u00dfvatertag, f\u00fcr einen j\u00e4ger, f\u00fcr ein richtfest oder jede andere gartenparty drau\u00dfen<\/span><\/li>\n<li><span class=\"a-list-item\">Im vogelh\u00e4uschen ist Platz f\u00fcr eine Flasche Schnaps, Rum, Whisky oder Tequlia (Flaschenh\u00f6he bis 28 cm) und 4 schnapsgl\u00e4ser<\/span><\/li>\n<li><span class=\"a-list-item\">Der zwitscherkasten ist von Hand aus geflammtem Holz gefertigt, was ihm ein einzigartiges und sehr attraktives Aussehen verleiht. Das Holz ist geflammt und zus\u00e4tzlich impr\u00e4gniert, was einen doppelten Schutz gegen Witterungseinfl\u00fcsse bietet, sodass das Vogelh\u00e4us Ihnen lange im Garten oder auf der Terrasse dienen wird.<\/span><\/li>\n<li><span class=\"a-list-item\">Das H\u00e4uschen wird mit 4 Schnapsglas (4 cl) und 2 Ersatz Schnapsglas geliefert. Die Schnapsglas wurden in der Europ\u00e4ischen Union aus Glas h\u00f6chster Qualit\u00e4t hergestellt. Die speziell entwickelte Halterung erm\u00f6glicht ein stabiles und sicheres Aufbewahren der Gl\u00e4ser im H\u00e4uschen<\/span><\/li>\n<li><span class=\"a-list-item\">Das Vogelh\u00e4uschen wird ohne eine Flasche Alkohol verkauft. Das Produkt wurde vollst\u00e4ndig in der EU und aus Materialien bester Qualit\u00e4t hergestellt<\/span><\/li>\n<\/ul>\n","protected":false},"excerpt":{"rendered":"<p>Die nistkasten zur aufbewahrung von getr\u00e4nke flaschen und gl\u00e4ser sind ausgefallene und original geschenkideen f\u00fcr den m\u00e4nnertag, vatertag, gro\u00dfvatertag, f\u00fcr einen j\u00e4ger, f\u00fcr ein richtfest oder jede andere gartenparty drau\u00dfen Im vogelh\u00e4uschen ist Platz f\u00fcr eine Flasche Schnaps, Rum, Whisky oder Tequlia (Flaschenh\u00f6he bis 28 cm) und 4 schnapsgl\u00e4ser Der zwitscherkasten ist von Hand aus [&hellip;]<\/p>\n","protected":false},"featured_media":7759,"comment_status":"open","ping_status":"closed","template":"","meta":[],"product_cat":[103,74,110,54,116,63,108,57,73,1118,280,426,431,293,301,292,300,302,70,299,295,294,291,124,298,64],"product_tag":[470,1573,1572],"class_list":{"0":"post-7758","1":"product","2":"type-product","3":"status-publish","4":"has-post-thumbnail","6":"product_cat-studenten","7":"product_cat-bester-freund","8":"product_cat-freund","9":"product_cat-vatertag","10":"product_cat-frauen","11":"product_cat-mutter","12":"product_cat-maenner","13":"product_cat-oma","14":"product_cat-beste-freundin","15":"product_cat--freundin","16":"product_cat-geburtstagsgeschenke","17":"product_cat-nach-preis","18":"product_cat-unter-50-euro","19":"product_cat-geschenk-fuer-bruder","20":"product_cat-eltern","21":"product_cat-sohn","22":"product_cat--kollege","23":"product_cat--jungen","24":"product_cat-geschenke-fuer-jeden-anlass","25":"product_cat--chef","26":"product_cat--tochter","27":"product_cat--schwester","28":"product_cat-nerds","29":"product_cat-jungesellenabschied","30":"product_cat--ehefrau","31":"product_cat-vater","32":"product_tag-alkohol","33":"product_tag-party","34":"product_tag-schnapps","36":"first","37":"instock","38":"shipping-taxable","39":"product-type-external"},"_links":{"self":[{"href":"https:\/\/www.blogseite.com\/geschenke\/wp-json\/wp\/v2\/product\/7758"}],"collection":[{"href":"https:\/\/www.blogseite.com\/geschenke\/wp-json\/wp\/v2\/product"}],"about":[{"href":"https:\/\/www.blogseite.com\/geschenke\/wp-json\/wp\/v2\/types\/product"}],"replies":[{"embeddable":true,"href":"https:\/\/www.blogseite.com\/geschenke\/wp-json\/wp\/v2\/comments?post=7758"}],"wp:featuredmedia":[{"embeddable":true,"href":"https:\/\/www.blogseite.com\/geschenke\/wp-json\/wp\/v2\/media\/7759"}],"wp:attachment":[{"href":"https:\/\/www.blogseite.com\/geschenke\/wp-json\/wp\/v2\/media?parent=7758"}],"wp:term":[{"taxonomy":"product_cat","embeddable":true,"href":"https:\/\/www.blogseite.com\/geschenke\/wp-json\/wp\/v2\/product_cat?post=7758"},{"taxonomy":"product_tag","embeddable":true,"href":"https:\/\/www.blogseite.com\/geschenke\/wp-json\/wp\/v2\/product_tag?post=7758"}],"curies":[{"name":"wp","href":"https:\/\/api.w.org\/{rel}","templated":true}]}}