{"id":7750,"date":"2022-07-15T15:56:56","date_gmt":"2022-07-15T13:56:56","guid":{"rendered":"https:\/\/www.blogseite.com\/geschenke\/?post_type=product&#038;p=7750"},"modified":"2022-07-15T15:58:36","modified_gmt":"2022-07-15T13:58:36","slug":"beste-lustige-socken-als-geschenk-%f0%9f%98%8a","status":"publish","type":"product","link":"https:\/\/www.blogseite.com\/geschenke\/s\/beste-lustige-socken-als-geschenk-%f0%9f%98%8a\/","title":{"rendered":"Beste lustige Socken als Geschenk?! \ud83d\ude0a"},"content":{"rendered":"<div id=\"featurebullets_feature_div\" class=\"celwidget\" data-feature-name=\"featurebullets\" data-csa-c-id=\"chorb9-nog95o-qx7qr8-sjuu1z\" data-cel-widget=\"featurebullets_feature_div\">\n<div id=\"feature-bullets\" class=\"a-section a-spacing-medium a-spacing-top-small\">\n<ul class=\"a-unordered-list a-vertical a-spacing-mini\">\n<li><span class=\"a-list-item\">One Size EU 40-47<\/span><\/li>\n<li><span class=\"a-list-item\">Aus gek\u00e4mmter Baumwolle,80% Baumwolle, 15% Nylon, 5% Elasthan<\/span><\/li>\n<li><span class=\"a-list-item\">80% Baumwolle, 15% Nylon, 5% Elasthan<\/span><\/li>\n<li><span class=\"a-list-item\">Pflegehinweis: Maschinenw\u00e4sche<\/span><\/li>\n<li><span class=\"a-list-item\">Maschinenw\u00e4sche<\/span><\/li>\n<li><span class=\"a-list-item\">Gute Wahl f\u00fcr Geschenk geben zu Weihnachten, Geburtstag und Thanksgiving, etc.<\/span><\/li>\n<li><span class=\"a-list-item\">Erm\u00f6glichen Sie es Ihnen, farbenfroh, jung und lustig unter dem stumpfen grauen Anzug zu sein, den Sie f\u00fcr Ihren Erwachsenenjob tragen m\u00fcssen.<\/span><\/li>\n<\/ul>\n<\/div>\n<\/div>\n<div id=\"provenanceCertifications_feature_div\" class=\"celwidget\" data-feature-name=\"provenanceCertifications\" data-csa-c-id=\"6oobwh-5ou9ck-mggy86-stzadk\" data-cel-widget=\"provenanceCertifications_feature_div\"><\/div>\n<div id=\"legalEUAtf_feature_div\" class=\"celwidget\" data-feature-name=\"legalEUAtf\" data-csa-c-id=\"er3g8r-g630vi-swjzkg-j4it3m\" data-cel-widget=\"legalEUAtf_feature_div\"><\/div>\n<div id=\"globalStoreInfoBullets_feature_div\" class=\"celwidget\" data-feature-name=\"globalStoreInfoBullets\" data-csa-c-id=\"ugyav1-820zmy-lxe0zj-4ks1a5\" data-cel-widget=\"globalStoreInfoBullets_feature_div\"><\/div>\n<div id=\"andonCord_feature_div\" class=\"celwidget\" data-feature-name=\"andonCord\" data-csa-c-id=\"jddk24-3zilyx-3iyu1c-ipmo3o\" data-cel-widget=\"andonCord_feature_div\"><\/div>\n<div id=\"edpIngress_feature_div\" class=\"celwidget\" data-feature-name=\"edpIngress\" data-csa-c-id=\"e2w1rw-kvfjav-l9cqy3-mhqg19\" data-cel-widget=\"edpIngress_feature_div\"><\/div>\n","protected":false},"excerpt":{"rendered":"<p>One Size EU 40-47 Aus gek\u00e4mmter Baumwolle,80% Baumwolle, 15% Nylon, 5% Elasthan 80% Baumwolle, 15% Nylon, 5% Elasthan Pflegehinweis: Maschinenw\u00e4sche Maschinenw\u00e4sche Gute Wahl f\u00fcr Geschenk geben zu Weihnachten, Geburtstag und Thanksgiving, etc. Erm\u00f6glichen Sie es Ihnen, farbenfroh, jung und lustig unter dem stumpfen grauen Anzug zu sein, den Sie f\u00fcr Ihren Erwachsenenjob tragen m\u00fcssen.<\/p>\n","protected":false},"featured_media":7751,"comment_status":"open","ping_status":"closed","template":"","meta":[],"product_cat":[103,74,110,54,116,63,108,57,73,1118,280,426,431,293,301,292,300,302,70,299,295,294,291,124,298,64],"product_tag":[969],"class_list":{"0":"post-7750","1":"product","2":"type-product","3":"status-publish","4":"has-post-thumbnail","6":"product_cat-studenten","7":"product_cat-bester-freund","8":"product_cat-freund","9":"product_cat-vatertag","10":"product_cat-frauen","11":"product_cat-mutter","12":"product_cat-maenner","13":"product_cat-oma","14":"product_cat-beste-freundin","15":"product_cat--freundin","16":"product_cat-geburtstagsgeschenke","17":"product_cat-nach-preis","18":"product_cat-unter-50-euro","19":"product_cat-geschenk-fuer-bruder","20":"product_cat-eltern","21":"product_cat-sohn","22":"product_cat--kollege","23":"product_cat--jungen","24":"product_cat-geschenke-fuer-jeden-anlass","25":"product_cat--chef","26":"product_cat--tochter","27":"product_cat--schwester","28":"product_cat-nerds","29":"product_cat-jungesellenabschied","30":"product_cat--ehefrau","31":"product_cat-vater","32":"product_tag-socken","34":"first","35":"instock","36":"shipping-taxable","37":"product-type-external"},"_links":{"self":[{"href":"https:\/\/www.blogseite.com\/geschenke\/wp-json\/wp\/v2\/product\/7750"}],"collection":[{"href":"https:\/\/www.blogseite.com\/geschenke\/wp-json\/wp\/v2\/product"}],"about":[{"href":"https:\/\/www.blogseite.com\/geschenke\/wp-json\/wp\/v2\/types\/product"}],"replies":[{"embeddable":true,"href":"https:\/\/www.blogseite.com\/geschenke\/wp-json\/wp\/v2\/comments?post=7750"}],"wp:featuredmedia":[{"embeddable":true,"href":"https:\/\/www.blogseite.com\/geschenke\/wp-json\/wp\/v2\/media\/7751"}],"wp:attachment":[{"href":"https:\/\/www.blogseite.com\/geschenke\/wp-json\/wp\/v2\/media?parent=7750"}],"wp:term":[{"taxonomy":"product_cat","embeddable":true,"href":"https:\/\/www.blogseite.com\/geschenke\/wp-json\/wp\/v2\/product_cat?post=7750"},{"taxonomy":"product_tag","embeddable":true,"href":"https:\/\/www.blogseite.com\/geschenke\/wp-json\/wp\/v2\/product_tag?post=7750"}],"curies":[{"name":"wp","href":"https:\/\/api.w.org\/{rel}","templated":true}]}}