{"id":7748,"date":"2022-07-15T15:53:02","date_gmt":"2022-07-15T13:53:02","guid":{"rendered":"https:\/\/www.blogseite.com\/geschenke\/?post_type=product&#038;p=7748"},"modified":"2022-07-15T15:56:20","modified_gmt":"2022-07-15T13:56:20","slug":"bester-tischkamin-als-geschenk-indoor-und-outdoor-%f0%9f%92%81%f0%9f%8f%bc%e2%99%80%ef%b8%8f","status":"publish","type":"product","link":"https:\/\/www.blogseite.com\/geschenke\/s\/bester-tischkamin-als-geschenk-indoor-und-outdoor-%f0%9f%92%81%f0%9f%8f%bc%e2%99%80%ef%b8%8f\/","title":{"rendered":"Bester Tischkamin als Geschenk?!| Indoor und Outdoor \ud83d\udc81\ud83c\udffc\u200d\u2640\ufe0f"},"content":{"rendered":"<div id=\"featurebullets_feature_div\" class=\"celwidget\" data-feature-name=\"featurebullets\" data-csa-c-id=\"guq8mb-xb09n4-1un4al-vhvpjx\" data-cel-widget=\"featurebullets_feature_div\">\n<div id=\"feature-bullets\" class=\"a-section a-spacing-medium a-spacing-top-small\">\n<ul class=\"a-unordered-list a-vertical a-spacing-mini\">\n<li><span class=\"a-list-item\">\ud83d\udd25 UMFANGREICHES KOMPLETT-SET: Der Bioethanol Kamin von Flammenrbise besticht durch viele Extras. 200g Gl\u00e4nzende Natursteine, 1x Flammenl\u00f6scher, 2x Keramikwolle und 1x Silikon-Handschuh sind nur Einige davon.<\/span><\/li>\n<li><span class=\"a-list-item\">\ud83d\udd25 HOCHWERTIGE MATERIALIEN: Wir verwenden ausschlie\u00dflich durch uns getestete Materialien. Pulverbeschichteter &amp; rostfreier Stahl, Edelstahl und geh\u00e4rtetes Glas runden die Set-Qualit\u00e4t ab und machen den Ethanol Tischkamin zum echten Hingucker.<\/span><\/li>\n<li><span class=\"a-list-item\">\ud83d\udd25 UNENDLICHE BRENNDAUER: Das Flammenbrise Austauschverfahren der 2 mitgelieferten Brennkammern ist einzigartig. Genie\u00dfe praktisch unendliche Brenndauer durch einfaches Wechseln der Brennbeh\u00e4lter.<\/span><\/li>\n<li><span class=\"a-list-item\">\ud83d\udd25 VIELE VERWENDUNGSM\u00d6GLICHKEITEN: Im Wohnzimmer auf dem Sideboard oder Couchtisch &amp; auf der Terrasse beim abendlichen Grillfest \u2013 das stylische Windlicht spendet W\u00e4rme und Gem\u00fctlichkeit. In Verbindung mit etwas Citronella \u00d6l wirkt es sogar gegen M\u00fccken.<\/span><\/li>\n<li><span class=\"a-list-item\">\ud83d\udd25 OPTIMAL &amp; SICHER VERPACKT: Damit der Tischofen auch sicher bei Dir Zuhause eintrifft, haben wir keine M\u00fchen gescheut und viel Zeit in Die perfekte Verpackung gesteckt. Die ausf\u00fchrliche, deutsche Anleitung erkl\u00e4rt Dir alles Schritt f\u00fcr Schritt.<\/span><\/li>\n<\/ul>\n<\/div>\n<\/div>\n<div id=\"provenanceCertifications_feature_div\" class=\"celwidget\" data-feature-name=\"provenanceCertifications\" data-csa-c-id=\"mr25yq-h6wzlo-25c8iy-ngvx0d\" data-cel-widget=\"provenanceCertifications_feature_div\">\n<div id=\"provenance-certifications\" class=\"a-section a-spacing-medium a-spacing-top-micro\">\n<hr \/>\n<\/div>\n<\/div>\n","protected":false},"excerpt":{"rendered":"<p>\ud83d\udd25 UMFANGREICHES KOMPLETT-SET: Der Bioethanol Kamin von Flammenrbise besticht durch viele Extras. 200g Gl\u00e4nzende Natursteine, 1x Flammenl\u00f6scher, 2x Keramikwolle und 1x Silikon-Handschuh sind nur Einige davon. \ud83d\udd25 HOCHWERTIGE MATERIALIEN: Wir verwenden ausschlie\u00dflich durch uns getestete Materialien. Pulverbeschichteter &amp; rostfreier Stahl, Edelstahl und geh\u00e4rtetes Glas runden die Set-Qualit\u00e4t ab und machen den Ethanol Tischkamin zum echten [&hellip;]<\/p>\n","protected":false},"featured_media":7749,"comment_status":"open","ping_status":"closed","template":"","meta":[],"product_cat":[103,74,110,54,116,63,108,57,73,1118,280,426,431,293,301,292,300,302,70,299,295,294,291,124,298,64],"product_tag":[1570],"class_list":{"0":"post-7748","1":"product","2":"type-product","3":"status-publish","4":"has-post-thumbnail","6":"product_cat-studenten","7":"product_cat-bester-freund","8":"product_cat-freund","9":"product_cat-vatertag","10":"product_cat-frauen","11":"product_cat-mutter","12":"product_cat-maenner","13":"product_cat-oma","14":"product_cat-beste-freundin","15":"product_cat--freundin","16":"product_cat-geburtstagsgeschenke","17":"product_cat-nach-preis","18":"product_cat-unter-50-euro","19":"product_cat-geschenk-fuer-bruder","20":"product_cat-eltern","21":"product_cat-sohn","22":"product_cat--kollege","23":"product_cat--jungen","24":"product_cat-geschenke-fuer-jeden-anlass","25":"product_cat--chef","26":"product_cat--tochter","27":"product_cat--schwester","28":"product_cat-nerds","29":"product_cat-jungesellenabschied","30":"product_cat--ehefrau","31":"product_cat-vater","32":"product_tag-tischkamin","34":"first","35":"instock","36":"shipping-taxable","37":"product-type-external"},"_links":{"self":[{"href":"https:\/\/www.blogseite.com\/geschenke\/wp-json\/wp\/v2\/product\/7748"}],"collection":[{"href":"https:\/\/www.blogseite.com\/geschenke\/wp-json\/wp\/v2\/product"}],"about":[{"href":"https:\/\/www.blogseite.com\/geschenke\/wp-json\/wp\/v2\/types\/product"}],"replies":[{"embeddable":true,"href":"https:\/\/www.blogseite.com\/geschenke\/wp-json\/wp\/v2\/comments?post=7748"}],"wp:featuredmedia":[{"embeddable":true,"href":"https:\/\/www.blogseite.com\/geschenke\/wp-json\/wp\/v2\/media\/7749"}],"wp:attachment":[{"href":"https:\/\/www.blogseite.com\/geschenke\/wp-json\/wp\/v2\/media?parent=7748"}],"wp:term":[{"taxonomy":"product_cat","embeddable":true,"href":"https:\/\/www.blogseite.com\/geschenke\/wp-json\/wp\/v2\/product_cat?post=7748"},{"taxonomy":"product_tag","embeddable":true,"href":"https:\/\/www.blogseite.com\/geschenke\/wp-json\/wp\/v2\/product_tag?post=7748"}],"curies":[{"name":"wp","href":"https:\/\/api.w.org\/{rel}","templated":true}]}}