{"id":766,"date":"2020-12-03T09:08:55","date_gmt":"2020-12-03T08:08:55","guid":{"rendered":"https:\/\/geschenke.blogseite.com\/?post_type=product&#038;p=766"},"modified":"2022-04-06T10:01:56","modified_gmt":"2022-04-06T08:01:56","slug":"magnoos-klimmzugstange-matador-das-original","status":"publish","type":"product","link":"https:\/\/www.blogseite.com\/geschenke\/s\/magnoos-klimmzugstange-matador-das-original\/","title":{"rendered":"MAGNOOS Klimmzugstange \u201cMatador\u201c &#8211; Das Original"},"content":{"rendered":"<ul class=\"a-unordered-list a-vertical a-spacing-mini\">\n<li><span class=\"a-list-item\">\u2705 OHNE SCHRAUBEN + KEIN BOHREN = SOFORT EINSATZBEREIT &#8211; Kein Zusammenbau n\u00f6tig! Einfach aufklappen und in den T\u00fcrrahmen einh\u00e4ngen! Nach dem Training in Sekundenschnelle wieder abnehmbar, zusammenklappen und platzsparend verstauen. Das macht die &#8220;Matador&#8221; Klimmzugstange zum idealen Sportger\u00e4t f\u00fcr zuhause. Eignet sich auch perfekt zur Unterst\u00fctzung bei Liegest\u00fctz und Rumpfbeugen (Push- &amp; Sit-ups).<\/span><\/li>\n<li><span class=\"a-list-item\">\u2705 20 CM H\u00d6HER ALS VERGLEICHBARE STANGEN &#8211; OPTIMALER BEWEGUNGSSPIELRAUM &#8211; Kein Beine mehr bei den Klimmz\u00fcgen anziehen, selbst bei gro\u00dfen Personen. F\u00fcr einen optimalen Bewegungsumfang (Range of Motion, ROM) und damit hocheffektive Trainingseinheiten bzw. Workout an deinem Fitnessger\u00e4t @Home. Speziell f\u00fcr deutsche T\u00fcrrahmen entwickelt: T\u00fcrrahmen-Tiefe bis zu 21 cm | T\u00fcrbreite bis zu 92 cm | Gesamtbreite der &#8220;Matador&#8221;: 102cm.<\/span><\/li>\n<li><span class=\"a-list-item\">\u2705 MAXIMALE STABILIT\u00c4T \u2013 ROBUST &amp; HOCHWERTIG KONSTRUIERT. Innovatives Design verhindert l\u00e4stiges Mitschwingen oder Wackeln der Stange. Sicherer Halt im T\u00fcrrahmen bei Belastungen bis zu 130 kg gew\u00e4hrleistet. GRATIS E-BOOK &#8211; F\u00fcr alle, die noch mehr herausholen wollen: Wie schaffe ich meinen Ersten \/ Noch Mehr Klimmz\u00fcge? Wie trainiere ich effektiv nur mit meinem K\u00f6rpergewicht? Wie erziele ich einen maximalen Muskelaufbau? Ein ausf\u00fchrlicher Blick hinter die Kulissen von Klimmz\u00fcgen.<\/span><\/li>\n<li><span class=\"a-list-item\">\u2705 PERFEKTER HALT &amp; KOMFORTABLER GRIFF \u2013 SOFTGRIP &#8211; Keine Blasen mehr an deinen H\u00e4nden! Angenehm weiche Schaumstoffgriffe f\u00fcr sicheren Halt &#8211; Strapazierf\u00e4hig &amp; Rutschfest. Extrabreiter &amp; optimierter Stangendurchmesser (3,5cm) sorgt f\u00fcr den perfekten Griff. + Gratis eBook &#8220;Klimmz\u00fcge: Die K\u00f6nigsdisziplin der K\u00f6rper\u00fcbungen&#8221; (wird automatisch per E-Mail zugesandt), denn Klimmz\u00fcge sind nicht nur Bizeps- &amp; \u00d6berk\u00f6rpertraining sondern ein ideales Training f\u00fcr den kompletten K\u00f6rper.<\/span><\/li>\n<li><span class=\"a-list-item\">\u2705 100% ZUFRIEDEN ODER GELD ZUR\u00dcCK &#8211; Deine Zufriedenheit ist garantiert! Wenn Du die MAGNOOS &#8220;Matador&#8221; Klimmzug Stange aus irgendeinem Grund nicht absolut lieben solltest, sende diese einfach innerhalb von 60 Tagen zur\u00fcck. Unser freundlicher Kundenservice erstattet dir den vollen Betrag &#8211; ohne Wenn &amp; Aber! Lege dir deine MAGNOOS T\u00fcrreck Stange JETZT in den Einkaufswagen.<\/span><\/li>\n<\/ul>\n","protected":false},"excerpt":{"rendered":"<p>\u2705 OHNE SCHRAUBEN + KEIN BOHREN = SOFORT EINSATZBEREIT &#8211; Kein Zusammenbau n\u00f6tig! Einfach aufklappen und in den T\u00fcrrahmen einh\u00e4ngen! Nach dem Training in Sekundenschnelle wieder abnehmbar, zusammenklappen und platzsparend verstauen. Das macht die &#8220;Matador&#8221; Klimmzugstange zum idealen Sportger\u00e4t f\u00fcr zuhause. Eignet sich auch perfekt zur Unterst\u00fctzung bei Liegest\u00fctz und Rumpfbeugen (Push- &amp; Sit-ups). \u2705 [&hellip;]<\/p>\n","protected":false},"featured_media":770,"comment_status":"open","ping_status":"closed","template":"","meta":[],"product_cat":[74,110,426,432,433,64],"product_tag":[79,255,263,670],"class_list":{"0":"post-766","1":"product","2":"type-product","3":"status-publish","4":"has-post-thumbnail","6":"product_cat-bester-freund","7":"product_cat-freund","8":"product_cat-nach-preis","9":"product_cat-ueber-35-euro","10":"product_cat-ueber-40-euro","11":"product_cat-vater","12":"product_tag-geschenk-fuer-freund","13":"product_tag-geschenk-fuer-sportler","14":"product_tag-geschenk-maenner","15":"product_tag-klimmzugstange","17":"first","18":"instock","19":"shipping-taxable","20":"product-type-external"},"_links":{"self":[{"href":"https:\/\/www.blogseite.com\/geschenke\/wp-json\/wp\/v2\/product\/766"}],"collection":[{"href":"https:\/\/www.blogseite.com\/geschenke\/wp-json\/wp\/v2\/product"}],"about":[{"href":"https:\/\/www.blogseite.com\/geschenke\/wp-json\/wp\/v2\/types\/product"}],"replies":[{"embeddable":true,"href":"https:\/\/www.blogseite.com\/geschenke\/wp-json\/wp\/v2\/comments?post=766"}],"wp:featuredmedia":[{"embeddable":true,"href":"https:\/\/www.blogseite.com\/geschenke\/wp-json\/wp\/v2\/media\/770"}],"wp:attachment":[{"href":"https:\/\/www.blogseite.com\/geschenke\/wp-json\/wp\/v2\/media?parent=766"}],"wp:term":[{"taxonomy":"product_cat","embeddable":true,"href":"https:\/\/www.blogseite.com\/geschenke\/wp-json\/wp\/v2\/product_cat?post=766"},{"taxonomy":"product_tag","embeddable":true,"href":"https:\/\/www.blogseite.com\/geschenke\/wp-json\/wp\/v2\/product_tag?post=766"}],"curies":[{"name":"wp","href":"https:\/\/api.w.org\/{rel}","templated":true}]}}