{"id":7497,"date":"2022-07-10T19:44:52","date_gmt":"2022-07-10T17:44:52","guid":{"rendered":"https:\/\/www.blogseite.com\/geschenke\/?post_type=product&#038;p=7497"},"modified":"2022-07-10T19:45:54","modified_gmt":"2022-07-10T17:45:54","slug":"ultimative-maenner-kochbuch-im-geschenk-set-mit-smoked-bourbon-whiskey","status":"publish","type":"product","link":"https:\/\/www.blogseite.com\/geschenke\/s\/ultimative-maenner-kochbuch-im-geschenk-set-mit-smoked-bourbon-whiskey\/","title":{"rendered":"Ultimative M\u00e4nner Kochbuch im Geschenk Set mit smoked Bourbon Whiskey"},"content":{"rendered":"<div id=\"featurebullets_feature_div\" class=\"celwidget\" data-feature-name=\"featurebullets\" data-csa-c-id=\"suymsh-sg0ma3-61ib49-xaoufq\" data-cel-widget=\"featurebullets_feature_div\">\n<div id=\"feature-bullets\" class=\"a-section a-spacing-medium a-spacing-top-small\">\n<ul class=\"a-unordered-list a-vertical a-spacing-mini\">\n<li><span class=\"a-list-item\">Das Schnitt f\u00fcr Schritt M\u00e4nnerkochbuch, Foto- Kochbuch mit 244 farbige Seiten Format 20,5 x 26,0 cm<\/span><\/li>\n<li><span class=\"a-list-item\">Inhalt: Suppen, Salate &amp; leichte Gerichte, Fisch &amp; Meeresfr\u00fcchte, Fleisch &amp; Gefl\u00fcgel, &#8230;<\/span><\/li>\n<li><span class=\"a-list-item\">Kochbuch f\u00fcr M\u00e4nner: Hardcover, Mattdruck, Spotlack, Format 20,5 x 26,0 cm<\/span><\/li>\n<li><span class=\"a-list-item\">Inklusive 1 Flasche smoked Bourbon Whiskey BBQ sauce mit ger\u00e4uchertem Pfeffer und besonders st\u00fcckig. Richtig gut und richtig lecker f\u00fcr Fleisch, Fisch, Gefl\u00fcgel und Gem\u00fcse. Exquisite Grillsauce zubereitet und hergestellt mit original authentischen Bourbon Whiskey. Eine einzigartige So\u00dfe und \u00fcberall sehr beliebt. Ideal als Dip, Sauce zum Fondue oder zum Hot-Stone-Gericht sowie als Grill-Marinade. Geeignet f\u00fcr Vegetarier, Veganer und Z\u00f6liakie Betroffene<\/span><\/li>\n<li><span class=\"a-list-item\">Hochwertiger gold\/brauner Geschenkkarton mit Deckel 32,0 x 29,5 x 7,5cm. Schleife drum und fertig!<\/span><\/li>\n<\/ul>\n<\/div>\n<\/div>\n<div id=\"provenanceCertifications_feature_div\" class=\"celwidget\" data-feature-name=\"provenanceCertifications\" data-csa-c-id=\"gpf0dh-7aet6r-k2whlx-ap6bkm\" data-cel-widget=\"provenanceCertifications_feature_div\">\n<div id=\"provenance-certifications\" class=\"a-section a-spacing-medium a-spacing-top-micro\"><\/div>\n<\/div>\n","protected":false},"excerpt":{"rendered":"<p>Das Schnitt f\u00fcr Schritt M\u00e4nnerkochbuch, Foto- Kochbuch mit 244 farbige Seiten Format 20,5 x 26,0 cm Inhalt: Suppen, Salate &amp; leichte Gerichte, Fisch &amp; Meeresfr\u00fcchte, Fleisch &amp; Gefl\u00fcgel, &#8230; Kochbuch f\u00fcr M\u00e4nner: Hardcover, Mattdruck, Spotlack, Format 20,5 x 26,0 cm Inklusive 1 Flasche smoked Bourbon Whiskey BBQ sauce mit ger\u00e4uchertem Pfeffer und besonders st\u00fcckig. Richtig [&hellip;]<\/p>\n","protected":false},"featured_media":7498,"comment_status":"open","ping_status":"closed","template":"","meta":[],"product_cat":[103,74,110,54,116,63,108,57,73,1118,280,426,431,293,301,292,300,302,70,299,295,294,291,124,298,64],"product_tag":[1514],"class_list":{"0":"post-7497","1":"product","2":"type-product","3":"status-publish","4":"has-post-thumbnail","6":"product_cat-studenten","7":"product_cat-bester-freund","8":"product_cat-freund","9":"product_cat-vatertag","10":"product_cat-frauen","11":"product_cat-mutter","12":"product_cat-maenner","13":"product_cat-oma","14":"product_cat-beste-freundin","15":"product_cat--freundin","16":"product_cat-geburtstagsgeschenke","17":"product_cat-nach-preis","18":"product_cat-unter-50-euro","19":"product_cat-geschenk-fuer-bruder","20":"product_cat-eltern","21":"product_cat-sohn","22":"product_cat--kollege","23":"product_cat--jungen","24":"product_cat-geschenke-fuer-jeden-anlass","25":"product_cat--chef","26":"product_cat--tochter","27":"product_cat--schwester","28":"product_cat-nerds","29":"product_cat-jungesellenabschied","30":"product_cat--ehefrau","31":"product_cat-vater","32":"product_tag-kochbuch","34":"first","35":"instock","36":"shipping-taxable","37":"product-type-external"},"_links":{"self":[{"href":"https:\/\/www.blogseite.com\/geschenke\/wp-json\/wp\/v2\/product\/7497"}],"collection":[{"href":"https:\/\/www.blogseite.com\/geschenke\/wp-json\/wp\/v2\/product"}],"about":[{"href":"https:\/\/www.blogseite.com\/geschenke\/wp-json\/wp\/v2\/types\/product"}],"replies":[{"embeddable":true,"href":"https:\/\/www.blogseite.com\/geschenke\/wp-json\/wp\/v2\/comments?post=7497"}],"wp:featuredmedia":[{"embeddable":true,"href":"https:\/\/www.blogseite.com\/geschenke\/wp-json\/wp\/v2\/media\/7498"}],"wp:attachment":[{"href":"https:\/\/www.blogseite.com\/geschenke\/wp-json\/wp\/v2\/media?parent=7497"}],"wp:term":[{"taxonomy":"product_cat","embeddable":true,"href":"https:\/\/www.blogseite.com\/geschenke\/wp-json\/wp\/v2\/product_cat?post=7497"},{"taxonomy":"product_tag","embeddable":true,"href":"https:\/\/www.blogseite.com\/geschenke\/wp-json\/wp\/v2\/product_tag?post=7497"}],"curies":[{"name":"wp","href":"https:\/\/api.w.org\/{rel}","templated":true}]}}