{"id":721,"date":"2020-12-01T15:09:50","date_gmt":"2020-12-01T14:09:50","guid":{"rendered":"https:\/\/geschenke.blogseite.com\/?post_type=product&#038;p=721"},"modified":"2022-04-06T10:05:08","modified_gmt":"2022-04-06T08:05:08","slug":"totenkopf-schnapsglaeser-set","status":"publish","type":"product","link":"https:\/\/www.blogseite.com\/geschenke\/s\/totenkopf-schnapsglaeser-set\/","title":{"rendered":"Totenkopf Schnapsgl\u00e4ser Set"},"content":{"rendered":"<ul class=\"a-unordered-list a-vertical a-spacing-mini\">\n<li><span class=\"a-list-item\">\u3010Kreatives Totenkopf Design\u3011Klare Texturen, lebendige Z\u00e4hne &#8211; Es ist ein Vergn\u00fcgen, aus solchen Sch\u00e4delgl\u00e4sern zu trinken. Dadurch schmecken die k\u00f6stlichen Weine und Getr\u00e4nke besser.<\/span><\/li>\n<li><span class=\"a-list-item\">\u3010Geeignet f\u00fcr mehrere Szenarien\u3011Treffen mit Freunden, Hausbar, verschiedene Themenpartys &#8211; dieses Produkt wird ein Hingucker sein.<\/span><\/li>\n<li><span class=\"a-list-item\">\u3010Gesundes Material\u3011 Hergestellt aus transparentem Borosilikatglas, frei von sch\u00e4dlichen Schwermetallen, damit Sie sicher Getr\u00e4nke genie\u00dfen k\u00f6nnen.<\/span><\/li>\n<li><span class=\"a-list-item\">\u3010Witziges Geschenk\u3011Sie wissen nicht, was Sie verschenken sollen ? Dann k\u00f6nnen Sie sich dieses Produkt ansehen. Zehntausende K\u00e4ufer kauften es als Geschenk an Verwandte und Freunde. Die Geschenkempf\u00e4nger waren gl\u00fccklich, und auch die Geschenkgeber waren gl\u00fccklich.<\/span><\/li>\n<li><span class=\"a-list-item\">\u3010Super-Set\u3011 1x Totenkopfweinflasche(350ml) und 6x Totenkopfweinglas(75ml)<\/span><\/li>\n<\/ul>\n","protected":false},"excerpt":{"rendered":"<p>\u3010Kreatives Totenkopf Design\u3011Klare Texturen, lebendige Z\u00e4hne &#8211; Es ist ein Vergn\u00fcgen, aus solchen Sch\u00e4delgl\u00e4sern zu trinken. Dadurch schmecken die k\u00f6stlichen Weine und Getr\u00e4nke besser. \u3010Geeignet f\u00fcr mehrere Szenarien\u3011Treffen mit Freunden, Hausbar, verschiedene Themenpartys &#8211; dieses Produkt wird ein Hingucker sein. \u3010Gesundes Material\u3011 Hergestellt aus transparentem Borosilikatglas, frei von sch\u00e4dlichen Schwermetallen, damit Sie sicher Getr\u00e4nke genie\u00dfen [&hellip;]<\/p>\n","protected":false},"featured_media":722,"comment_status":"open","ping_status":"closed","template":"","meta":[],"product_cat":[78,74,110,54,280,70,124],"product_tag":[82,79,83,571],"class_list":{"0":"post-721","1":"product","2":"type-product","3":"status-publish","4":"has-post-thumbnail","6":"product_cat-weihnachtsgeschenke","7":"product_cat-bester-freund","8":"product_cat-freund","9":"product_cat-vatertag","10":"product_cat-geburtstagsgeschenke","11":"product_cat-geschenke-fuer-jeden-anlass","12":"product_cat-jungesellenabschied","13":"product_tag-geburtstagsgeschenk","14":"product_tag-geschenk-fuer-freund","15":"product_tag-geschenk-fuer-vater","16":"product_tag-schnappsglser","18":"first","19":"instock","20":"shipping-taxable","21":"product-type-external"},"_links":{"self":[{"href":"https:\/\/www.blogseite.com\/geschenke\/wp-json\/wp\/v2\/product\/721"}],"collection":[{"href":"https:\/\/www.blogseite.com\/geschenke\/wp-json\/wp\/v2\/product"}],"about":[{"href":"https:\/\/www.blogseite.com\/geschenke\/wp-json\/wp\/v2\/types\/product"}],"replies":[{"embeddable":true,"href":"https:\/\/www.blogseite.com\/geschenke\/wp-json\/wp\/v2\/comments?post=721"}],"wp:featuredmedia":[{"embeddable":true,"href":"https:\/\/www.blogseite.com\/geschenke\/wp-json\/wp\/v2\/media\/722"}],"wp:attachment":[{"href":"https:\/\/www.blogseite.com\/geschenke\/wp-json\/wp\/v2\/media?parent=721"}],"wp:term":[{"taxonomy":"product_cat","embeddable":true,"href":"https:\/\/www.blogseite.com\/geschenke\/wp-json\/wp\/v2\/product_cat?post=721"},{"taxonomy":"product_tag","embeddable":true,"href":"https:\/\/www.blogseite.com\/geschenke\/wp-json\/wp\/v2\/product_tag?post=721"}],"curies":[{"name":"wp","href":"https:\/\/api.w.org\/{rel}","templated":true}]}}