{"id":718,"date":"2020-12-01T15:02:30","date_gmt":"2020-12-01T14:02:30","guid":{"rendered":"https:\/\/geschenke.blogseite.com\/?post_type=product&#038;p=718"},"modified":"2022-04-06T10:05:25","modified_gmt":"2022-04-06T08:05:25","slug":"gel-nagelgel-set-topdirect-8-farben-30ml-uv-nagellack-uv","status":"publish","type":"product","link":"https:\/\/www.blogseite.com\/geschenke\/s\/gel-nagelgel-set-topdirect-8-farben-30ml-uv-nagellack-uv\/","title":{"rendered":"Gel Nagelgel Set, TopDirect 8 Farben 30ml UV Nagellack UV"},"content":{"rendered":"<ul class=\"a-unordered-list a-vertical a-spacing-mini\">\n<li><span class=\"a-list-item\">Komplettes Nagelgel Set\u3011&#8212; 8 x 30ml Gel Nagellack, 1 x 12ml Top Coat, 1 x 12ml Base Coat, 1 x 30ml Slip L\u00f6sung, 1 x Nagelb\u00fcrste mit zwei Enden, 1 x Nagelfeile, 2 x Nagel Glitter und 100 x Nagelspitzen.<\/span><\/li>\n<li><span class=\"a-list-item\">\ud83d\udc85\u30108 Farben Nagellack Set\u3011&#8212; Dauer bis zu 3-4 Wochen. Bitte beachten Sie: Der erste Schritt ist wichtig, feilen Sie Ihre N\u00e4gel und entfernen Sie die Nagelhaut, trocknen und reinigen Sie Ihre N\u00e4gel, stellen Sie sicher, dass Ihre N\u00e4gel \u00f6lfrei sind, da sie sich sonst leicht abl\u00f6sen k\u00f6nnen. Vielen Dank!<\/span><\/li>\n<li><span class=\"a-list-item\">\ud83d\udc85\u3010Top &amp; Base Coat\u3011&#8212; Doppelter Schutz f\u00fcr Ihre N\u00e4gel. Zertifizierung: MSDS, SGS, CE. TIPPS: Jede Schicht sollte d\u00fcnner sein. Achten Sie darauf, dass der Pinsel nicht zu viel Gel enth\u00e4lt, bevor Sie mit dem Streichen beginnen.<\/span><\/li>\n<li><span class=\"a-list-item\">\ud83d\udc85\u3010Einfach zu bauen\u3011&#8212; Trocknen Sie sehr schnell, die Aush\u00e4rtezeit f\u00fcr die LED Lampe betr\u00e4gt nur 45-60s und UV Lampe 2 Minuten, auch ein Anf\u00e4nger wird leicht sein, um ihre sch\u00f6ne und dauerhafte Nagelverl\u00e4ngerung zu machen.<\/span><\/li>\n<li><span class=\"a-list-item\">\ud83d\udc85\u3010Kundendienst\u3011&#8212; Bei Fragen zu Verpackungen, Nagelverl\u00e4ngerungen, fehlenden Teilen oder Anwendungsproblemen wenden Sie sich bitte zuerst an uns. Wir werden das Problem innerhalb von 24 Stunden l\u00f6sen.<\/span><\/li>\n<\/ul>\n","protected":false},"excerpt":{"rendered":"<p>Komplettes Nagelgel Set\u3011&#8212; 8 x 30ml Gel Nagellack, 1 x 12ml Top Coat, 1 x 12ml Base Coat, 1 x 30ml Slip L\u00f6sung, 1 x Nagelb\u00fcrste mit zwei Enden, 1 x Nagelfeile, 2 x Nagel Glitter und 100 x Nagelspitzen. \ud83d\udc85\u30108 Farben Nagellack Set\u3011&#8212; Dauer bis zu 3-4 Wochen. Bitte beachten Sie: Der erste Schritt [&hellip;]<\/p>\n","protected":false},"featured_media":719,"comment_status":"open","ping_status":"closed","template":"","meta":[],"product_cat":[116,45,73,426,431],"product_tag":[114,92,675],"class_list":{"0":"post-718","1":"product","2":"type-product","3":"status-publish","4":"has-post-thumbnail","6":"product_cat-frauen","7":"product_cat-freundin","8":"product_cat-beste-freundin","9":"product_cat-nach-preis","10":"product_cat-unter-50-euro","11":"product_tag-geschenk-fuer-beste-freundin","12":"product_tag-geschenk-fuer-freundin","13":"product_tag-nagelset","15":"first","16":"instock","17":"shipping-taxable","18":"product-type-external"},"_links":{"self":[{"href":"https:\/\/www.blogseite.com\/geschenke\/wp-json\/wp\/v2\/product\/718"}],"collection":[{"href":"https:\/\/www.blogseite.com\/geschenke\/wp-json\/wp\/v2\/product"}],"about":[{"href":"https:\/\/www.blogseite.com\/geschenke\/wp-json\/wp\/v2\/types\/product"}],"replies":[{"embeddable":true,"href":"https:\/\/www.blogseite.com\/geschenke\/wp-json\/wp\/v2\/comments?post=718"}],"wp:featuredmedia":[{"embeddable":true,"href":"https:\/\/www.blogseite.com\/geschenke\/wp-json\/wp\/v2\/media\/719"}],"wp:attachment":[{"href":"https:\/\/www.blogseite.com\/geschenke\/wp-json\/wp\/v2\/media?parent=718"}],"wp:term":[{"taxonomy":"product_cat","embeddable":true,"href":"https:\/\/www.blogseite.com\/geschenke\/wp-json\/wp\/v2\/product_cat?post=718"},{"taxonomy":"product_tag","embeddable":true,"href":"https:\/\/www.blogseite.com\/geschenke\/wp-json\/wp\/v2\/product_tag?post=718"}],"curies":[{"name":"wp","href":"https:\/\/api.w.org\/{rel}","templated":true}]}}