{"id":686,"date":"2020-12-01T11:05:34","date_gmt":"2020-12-01T10:05:34","guid":{"rendered":"https:\/\/geschenke.blogseite.com\/?post_type=product&#038;p=686"},"modified":"2022-04-06T10:14:42","modified_gmt":"2022-04-06T08:14:42","slug":"amazonbasics-bettwaesche-set-mikrofaser","status":"publish","type":"product","link":"https:\/\/www.blogseite.com\/geschenke\/s\/amazonbasics-bettwaesche-set-mikrofaser\/","title":{"rendered":"AmazonBasics &#8211; Bettw\u00e4sche-Set, Mikrofaser"},"content":{"rendered":"<ul class=\"a-unordered-list a-vertical a-spacing-mini\">\n<li><span class=\"a-list-item\">Enth\u00e4lt ein AmazonBasics-Bettw\u00e4sche-Set aus Mikrofaser (135 x 200 cm) und ein Mikrofaser-Kissenbezug (80 x 80 cm)<\/span><\/li>\n<li><span class=\"a-list-item\">Hergestellt aus 100% leichter (85 g\/m\u00b2) Polyester-Mikrofaser f\u00fcr au\u00dfergew\u00f6hnliche Weichheit<\/span><\/li>\n<li><span class=\"a-list-item\">Weiches und atmungsaktives Material; verdeckte Knopfleiste zum Befestigen an der Bettdecke; Kissenbezug mit Lasche<\/span><\/li>\n<li><span class=\"a-list-item\">Kann mit den Bettlaken oder Spannbett\u00fcchern der AmazonBasics Mikrofaser-Kollektion kombiniert werden<\/span><\/li>\n<li><span class=\"a-list-item\">Pflegeleicht: Maschinenwaschbar bei 40\u00b0C, nicht bleichen, auf niedriger Stufe trocknen<\/span><\/li>\n<li><span class=\"a-list-item\">Gr\u00f6\u00dfe: Bettdeckenbezug &#8211; 135 x 200 cm, Kissenbezug &#8211; 80 x 80 cm<\/span><\/li>\n<li><span class=\"a-list-item\">Gro\u00dfe Auswahl an Farben, Gr\u00f6\u00dfen und Mustern verf\u00fcgbar<\/span><\/li>\n<\/ul>\n","protected":false},"excerpt":{"rendered":"<p>Enth\u00e4lt ein AmazonBasics-Bettw\u00e4sche-Set aus Mikrofaser (135 x 200 cm) und ein Mikrofaser-Kissenbezug (80 x 80 cm) Hergestellt aus 100% leichter (85 g\/m\u00b2) Polyester-Mikrofaser f\u00fcr au\u00dfergew\u00f6hnliche Weichheit Weiches und atmungsaktives Material; verdeckte Knopfleiste zum Befestigen an der Bettdecke; Kissenbezug mit Lasche Kann mit den Bettlaken oder Spannbett\u00fcchern der AmazonBasics Mikrofaser-Kollektion kombiniert werden Pflegeleicht: Maschinenwaschbar bei 40\u00b0C, [&hellip;]<\/p>\n","protected":false},"featured_media":687,"comment_status":"open","ping_status":"closed","template":"","meta":[],"product_cat":[78,280,426,429,430,431,70],"product_tag":[552,115],"class_list":{"0":"post-686","1":"product","2":"type-product","3":"status-publish","4":"has-post-thumbnail","6":"product_cat-weihnachtsgeschenke","7":"product_cat-geburtstagsgeschenke","8":"product_cat-nach-preis","9":"product_cat-unter-15-euro","10":"product_cat-unter-20-euro","11":"product_cat-unter-50-euro","12":"product_cat-geschenke-fuer-jeden-anlass","13":"product_tag-bettbezug","14":"product_tag-geschenk-fuer-geburtstag","16":"first","17":"instock","18":"shipping-taxable","19":"product-type-external"},"_links":{"self":[{"href":"https:\/\/www.blogseite.com\/geschenke\/wp-json\/wp\/v2\/product\/686"}],"collection":[{"href":"https:\/\/www.blogseite.com\/geschenke\/wp-json\/wp\/v2\/product"}],"about":[{"href":"https:\/\/www.blogseite.com\/geschenke\/wp-json\/wp\/v2\/types\/product"}],"replies":[{"embeddable":true,"href":"https:\/\/www.blogseite.com\/geschenke\/wp-json\/wp\/v2\/comments?post=686"}],"wp:featuredmedia":[{"embeddable":true,"href":"https:\/\/www.blogseite.com\/geschenke\/wp-json\/wp\/v2\/media\/687"}],"wp:attachment":[{"href":"https:\/\/www.blogseite.com\/geschenke\/wp-json\/wp\/v2\/media?parent=686"}],"wp:term":[{"taxonomy":"product_cat","embeddable":true,"href":"https:\/\/www.blogseite.com\/geschenke\/wp-json\/wp\/v2\/product_cat?post=686"},{"taxonomy":"product_tag","embeddable":true,"href":"https:\/\/www.blogseite.com\/geschenke\/wp-json\/wp\/v2\/product_tag?post=686"}],"curies":[{"name":"wp","href":"https:\/\/api.w.org\/{rel}","templated":true}]}}