{"id":681,"date":"2020-12-01T10:48:37","date_gmt":"2020-12-01T09:48:37","guid":{"rendered":"https:\/\/geschenke.blogseite.com\/?post_type=product&#038;p=681"},"modified":"2022-04-06T10:16:06","modified_gmt":"2022-04-06T08:16:06","slug":"musegear-schluesselfinder-mit-bluetooth-app-aus-deutschland","status":"publish","type":"product","link":"https:\/\/www.blogseite.com\/geschenke\/s\/musegear-schluesselfinder-mit-bluetooth-app-aus-deutschland\/","title":{"rendered":"Musegear Schl\u00fcsselfinder mit Bluetooth App aus Deutschland"},"content":{"rendered":"<div id=\"featurebullets_feature_div\" class=\"celwidget\" data-feature-name=\"featurebullets\" data-csa-c-id=\"rkd08t-uzfxkn-qwiqzr-m5bwjm\" data-cel-widget=\"featurebullets_feature_div\">\n<div id=\"feature-bullets\" class=\"a-section a-spacing-medium a-spacing-top-small\">\n<ul class=\"a-unordered-list a-vertical a-spacing-mini\">\n<li><span class=\"a-list-item\">\u2705 Wir haben hart gearbeitet, um unseren popul\u00e4ren Schl\u00fcsselfinder zu verbessern. Das Ergebnis: 3 mal lauteres Signal &#8211; deutlich h\u00f6rbar, auch in Nachbarr\u00e4umen. Verbesserte Reichweite &#8211; BLE 5 f\u00e4hig. Bis zu 12 Monate Batterielaufzeit. 24 Monate Garantie, deutscher Hersteller, schneller Support. Sie erhalten eine digitale Rechnung.<\/span><\/li>\n<li><span class=\"a-list-item\">\u2705 Einfache Bedienung: Befestigen Sie den keyfinder einfach an Ihrem Wertgegenstand und dr\u00fccken Sie anschlie\u00dfend in der App auf \u201eSuchen\u201c. Ihr verlorener Bluetooth finder gibt sofort ein akustisches Signal ab und Sie k\u00f6nnen ihn z.B. unter dem Sofa wiederfinden &#8211; superpraktisches Technik Gadget.<\/span><\/li>\n<li><span class=\"a-list-item\">\u2705 Smartphone finden: Die Android\/iOS-App ist auf Deutsch erh\u00e4ltlich und eine der am besten bewerteten App in diesem Bereich. Der Schl\u00fcssel finder ist Sender und Ortungsger\u00e4t in einem (Nutzt GPS des Smartphones). Kein Extra-Ger\u00e4t n\u00f6tig.<\/span><\/li>\n<li><span class=\"a-list-item\">\u2705 Zeit sparen und Nerven schonen: Sollten Sie mal nicht wissen, wo sich Ihr Handy befindet, k\u00f6nnen Sie die Ortung kinderleicht durchf\u00fchren. Dr\u00fccken Sie einfach vier Sekunden auf den Finder. Ihr Smartphone gibt, selbst wenn es lautlos ist, ein akustisches lautes Signal ab. Dank einer Funk-Reichweite von bis zu f\u00fcnfzig Metern finden Sie Gegenst\u00e4nde schnell und bequem selbst in anderen R\u00e4umen wieder (kein Pfeifen n\u00f6tig).<\/span><\/li>\n<li><span class=\"a-list-item\">\u2705 Das perfekte Geschenk: Jeder kennt einen Menschen, der immer alles verliert. Tun Sie ihm oder sich selbst etwas Gutes und setzen Sie diesem Umstand mit dem Kauf des finders ein Ende. Denn: Suchen war gestern. Egal ob Schl\u00fcssel, Autoschl\u00fcssel, Geldbeutel, Smartphone, Fernbedienung, Tablet oder Handtasche. Mit dem innovativen und h\u00f6chst effizienten finder (smart tag gadget) finden Sie in Sekundenschnelle alles wieder.<\/span><\/li>\n<\/ul>\n<\/div>\n<\/div>\n<div id=\"legalEUAtf_feature_div\" class=\"celwidget\" data-feature-name=\"legalEUAtf\" data-csa-c-id=\"m1rius-qxqu97-3ztd1d-mg5h1e\" data-cel-widget=\"legalEUAtf_feature_div\"><\/div>\n<div id=\"globalStoreInfoBullets_feature_div\" class=\"celwidget\" data-feature-name=\"globalStoreInfoBullets\" data-csa-c-id=\"h53kz8-lics5t-mhwy4f-ybi88h\" data-cel-widget=\"globalStoreInfoBullets_feature_div\"><\/div>\n<div id=\"addOnItem_feature_div\" class=\"celwidget\" data-feature-name=\"addOnItem\" data-csa-c-id=\"h6crmd-epnkol-yffo5z-jtdjoi\" data-cel-widget=\"addOnItem_feature_div\"><\/div>\n<div id=\"HLCXComparisonJumplink_feature_div\"><\/div>\n<div id=\"andonCord_feature_div\" class=\"celwidget\" data-feature-name=\"andonCord\" data-csa-c-id=\"1dj64y-egrpk4-79et79-ll386w\" data-cel-widget=\"andonCord_feature_div\"><\/div>\n<div id=\"edpIngress_feature_div\" class=\"celwidget\" data-feature-name=\"edpIngress\" data-csa-c-id=\"kp75sh-q84yzn-li3s5q-9dlht2\" data-cel-widget=\"edpIngress_feature_div\"><\/div>\n","protected":false},"excerpt":{"rendered":"<p>\u2705 Wir haben hart gearbeitet, um unseren popul\u00e4ren Schl\u00fcsselfinder zu verbessern. Das Ergebnis: 3 mal lauteres Signal &#8211; deutlich h\u00f6rbar, auch in Nachbarr\u00e4umen. Verbesserte Reichweite &#8211; BLE 5 f\u00e4hig. Bis zu 12 Monate Batterielaufzeit. 24 Monate Garantie, deutscher Hersteller, schneller Support. Sie erhalten eine digitale Rechnung. \u2705 Einfache Bedienung: Befestigen Sie den keyfinder einfach an [&hellip;]<\/p>\n","protected":false},"featured_media":682,"comment_status":"open","ping_status":"closed","template":"","meta":[],"product_cat":[78,103,426,431,70],"product_tag":[82,648],"class_list":{"0":"post-681","1":"product","2":"type-product","3":"status-publish","4":"has-post-thumbnail","6":"product_cat-weihnachtsgeschenke","7":"product_cat-studenten","8":"product_cat-nach-preis","9":"product_cat-unter-50-euro","10":"product_cat-geschenke-fuer-jeden-anlass","11":"product_tag-geburtstagsgeschenk","12":"product_tag-schlsselfinder","14":"first","15":"instock","16":"shipping-taxable","17":"product-type-external"},"_links":{"self":[{"href":"https:\/\/www.blogseite.com\/geschenke\/wp-json\/wp\/v2\/product\/681"}],"collection":[{"href":"https:\/\/www.blogseite.com\/geschenke\/wp-json\/wp\/v2\/product"}],"about":[{"href":"https:\/\/www.blogseite.com\/geschenke\/wp-json\/wp\/v2\/types\/product"}],"replies":[{"embeddable":true,"href":"https:\/\/www.blogseite.com\/geschenke\/wp-json\/wp\/v2\/comments?post=681"}],"wp:featuredmedia":[{"embeddable":true,"href":"https:\/\/www.blogseite.com\/geschenke\/wp-json\/wp\/v2\/media\/682"}],"wp:attachment":[{"href":"https:\/\/www.blogseite.com\/geschenke\/wp-json\/wp\/v2\/media?parent=681"}],"wp:term":[{"taxonomy":"product_cat","embeddable":true,"href":"https:\/\/www.blogseite.com\/geschenke\/wp-json\/wp\/v2\/product_cat?post=681"},{"taxonomy":"product_tag","embeddable":true,"href":"https:\/\/www.blogseite.com\/geschenke\/wp-json\/wp\/v2\/product_tag?post=681"}],"curies":[{"name":"wp","href":"https:\/\/api.w.org\/{rel}","templated":true}]}}