{"id":673,"date":"2020-11-30T20:10:52","date_gmt":"2020-11-30T19:10:52","guid":{"rendered":"https:\/\/geschenke.blogseite.com\/?post_type=product&#038;p=673"},"modified":"2022-04-06T10:17:59","modified_gmt":"2022-04-06T08:17:59","slug":"dji-om-4-stabilisator-3-achsen-gimbal-fuer-smartphones-magnetisches-design","status":"publish","type":"product","link":"https:\/\/www.blogseite.com\/geschenke\/s\/dji-om-4-stabilisator-3-achsen-gimbal-fuer-smartphones-magnetisches-design\/","title":{"rendered":"DJI OM 4 &#8211; Stabilisator, 3-Achsen-Gimbal f\u00fcr Smartphones, Magnetisches Design"},"content":{"rendered":"<ul class=\"a-unordered-list a-vertical a-spacing-mini\">\n<li><span class=\"a-list-item\">DESIGN MIT MAGNETISCHER SCHNELLFREIGABE: Mit dem Magnetclip und der Magnetringhalterung kannst du m\u00fchelos Videos und Fotos aufnehmen, wann immer dich etwas inspiriert \u2013 auch von unterwegs. Verbinde dein Smartphone noch heute mit der DJI OM 4<\/span><\/li>\n<li><span class=\"a-list-item\">3-ACHSEN-STABILISIERUNG: Nie wieder verwackelte Videos hochladen! Der leistungsstarke Motor von DJI OM 4 sorgt f\u00fcr die n\u00f6tige Stabilisierung deines Smartphones und liefert gestochen scharfe Aufnahmen, die unglaublich fl\u00fcssig sind<\/span><\/li>\n<li><span class=\"a-list-item\">INTELLIGENTER SHOOTING-MODUS: DynamicZoom, CloneMe Pano, Gestensteuerung, Spin-Modus, Zeitlupe, 240\u00b0 Pano, 3\u00d73 Pano<\/span><\/li>\n<li><span class=\"a-list-item\">ZEIT F\u00dcR ZEITRAFFER: Beschleunige die Bewegung weicher wei\u00dfer Wolken, die am Himmel treiben, oder lass\u2018 eine unvergessliche Reise in Sekundenschnelle abspielen. Beeindrucke deine Freunde mit ausgefallenen und kompakten Videos<\/span><\/li>\n<li><span class=\"a-list-item\">VERBESSERTER ACTIVETRACK 3.0: Mit ActiveTrack 3.0 kannst du Motive auch unterwegs verfolgen. Die Version verf\u00fcgt \u00fcber verbesserte Eigenschaften der Erkennung von Kindern und Haustieren. Das Bild kann zudem allein mit dem Joystick fokussiert werden<\/span><\/li>\n<li><span class=\"a-list-item\">IM LIEFERUMFANG ENTHALTEN: DJI OM 4, Magnetischer Ringhalter, magnetischer Handy-Clip, Stativ, Etui, Handgelenkriemen<\/span><\/li>\n<\/ul>\n","protected":false},"excerpt":{"rendered":"<p>DESIGN MIT MAGNETISCHER SCHNELLFREIGABE: Mit dem Magnetclip und der Magnetringhalterung kannst du m\u00fchelos Videos und Fotos aufnehmen, wann immer dich etwas inspiriert \u2013 auch von unterwegs. Verbinde dein Smartphone noch heute mit der DJI OM 4 3-ACHSEN-STABILISIERUNG: Nie wieder verwackelte Videos hochladen! Der leistungsstarke Motor von DJI OM 4 sorgt f\u00fcr die n\u00f6tige Stabilisierung deines [&hellip;]<\/p>\n","protected":false},"featured_media":674,"comment_status":"open","ping_status":"closed","template":"","meta":[],"product_cat":[78,74,110,116,45,73,280,426,434,432,433,70],"product_tag":[79,92,109],"class_list":{"0":"post-673","1":"product","2":"type-product","3":"status-publish","4":"has-post-thumbnail","6":"product_cat-weihnachtsgeschenke","7":"product_cat-bester-freund","8":"product_cat-freund","9":"product_cat-frauen","10":"product_cat-freundin","11":"product_cat-beste-freundin","12":"product_cat-geburtstagsgeschenke","13":"product_cat-nach-preis","14":"product_cat-ueber-100-euro","15":"product_cat-ueber-35-euro","16":"product_cat-ueber-40-euro","17":"product_cat-geschenke-fuer-jeden-anlass","18":"product_tag-geschenk-fuer-freund","19":"product_tag-geschenk-fuer-freundin","20":"product_tag-geschenk-fuer-maenner","22":"first","23":"instock","24":"shipping-taxable","25":"product-type-external"},"_links":{"self":[{"href":"https:\/\/www.blogseite.com\/geschenke\/wp-json\/wp\/v2\/product\/673"}],"collection":[{"href":"https:\/\/www.blogseite.com\/geschenke\/wp-json\/wp\/v2\/product"}],"about":[{"href":"https:\/\/www.blogseite.com\/geschenke\/wp-json\/wp\/v2\/types\/product"}],"replies":[{"embeddable":true,"href":"https:\/\/www.blogseite.com\/geschenke\/wp-json\/wp\/v2\/comments?post=673"}],"wp:featuredmedia":[{"embeddable":true,"href":"https:\/\/www.blogseite.com\/geschenke\/wp-json\/wp\/v2\/media\/674"}],"wp:attachment":[{"href":"https:\/\/www.blogseite.com\/geschenke\/wp-json\/wp\/v2\/media?parent=673"}],"wp:term":[{"taxonomy":"product_cat","embeddable":true,"href":"https:\/\/www.blogseite.com\/geschenke\/wp-json\/wp\/v2\/product_cat?post=673"},{"taxonomy":"product_tag","embeddable":true,"href":"https:\/\/www.blogseite.com\/geschenke\/wp-json\/wp\/v2\/product_tag?post=673"}],"curies":[{"name":"wp","href":"https:\/\/api.w.org\/{rel}","templated":true}]}}