{"id":670,"date":"2020-11-30T20:04:56","date_gmt":"2020-11-30T19:04:56","guid":{"rendered":"https:\/\/geschenke.blogseite.com\/?post_type=product&#038;p=670"},"modified":"2022-04-06T10:18:19","modified_gmt":"2022-04-06T08:18:19","slug":"blackview-a80-pro-2020","status":"publish","type":"product","link":"https:\/\/www.blogseite.com\/geschenke\/s\/blackview-a80-pro-2020\/","title":{"rendered":"Blackview A80 Pro (2020)"},"content":{"rendered":"<div id=\"featurebullets_feature_div\" class=\"celwidget\" data-feature-name=\"featurebullets\" data-csa-c-id=\"dyu1nw-rsxokm-g46wbq-fh3s9h\" data-cel-widget=\"featurebullets_feature_div\">\n<div id=\"feature-bullets\" class=\"a-section a-spacing-medium a-spacing-top-small\">\n<ul class=\"a-unordered-list a-vertical a-spacing-mini\">\n<li><span class=\"a-list-item\">\ud83d\udcf713MP-Vierfach-Kamera + 8MP Frontkamera &#8211; Der A80 Pro kann vier separate Kameras auf einem Smartphone installieren. Brillante Aufnahmen dank Vierfach-Hauptkamera mit 16 MP-Weitwinkelkamera, 2 MP-Ultra-Weitwinkelobjektiv, und 0.3 MP-Kamera f\u00fcr Bokeh Effekt. 8 MP Selfie-Frontkamera mit Beauty-Modus, um ein gutes Selfie aufzunehmen.<\/span><\/li>\n<li><span class=\"a-list-item\">\ud83d\udc8e6,49&#8221; Waterdrop-notch &amp; Design mit Style &#8211; Blackview A80 Pro smartphone verwendet 6,49&#8221; 19:9 Dewdrop Display, der ein weites Sichtfeld leistet und bequem in der Hand zu halten ist. Das nur 8,8 mm schlanke Blackview A80 Pro liegt einfach gut in der Hand und begeistert mit seiner schimmernden R\u00fcckseite. Entdecken Sie ein atemberaubendes, auff\u00e4lliges und modernes Smartphone unter 150 \u20ac &#8211; A80 Pro 4G Handy ist definitiv die beste Wahl.<\/span><\/li>\n<li><span class=\"a-list-item\">\ud83d\ude80Helio P25 Octa-Core &amp; Viel Power &#8211; Der leistungsstarke Octa-Core-Prozessor kann in Verbindung mit 4 GB RAM Ihre grafikintensiven Games und Livestreams fl\u00fcssig verarbeiten. Dar\u00fcber hinaus reichen 64 GB Arbeitsspeicher aus, um die Anforderungen zu erf\u00fcllen. Ihr Smartphone simlockfreie kann mehr Bilder, Videos und Apps speichern. Der 128GB Speicher ist mit einer microSD erweiterbar &#8211; grenzenlose M\u00f6glichkeiten erleben.<\/span><\/li>\n<li><span class=\"a-list-item\">\u231b Langlebiger Akku mit 4.680mAh &#8211; Mit einem leistungsstarken 4680 mAh Akku kann Blackview A80 Pro Simlockfreie Handy problemlos bis zu 19 Stunden Gespr\u00e4chszeit oder 7 Tage Standby Zeit aushalten, dauert es einen Tag f\u00fcr den anspruchsvollsten Einsatz. 5V\/2A Schnellladung, Typ-C-Anschluss, OTG-Unterst\u00fctzung (OTG-Kabel NICHT enthalten)<\/span><\/li>\n<li><span class=\"a-list-item\">\ud83d\udd25Kundendienst &amp; Garantie: Kundenservice ist f\u00fcr ein Handy von entscheidender Bedeutung, Wir bieten 2 Jahr kostenlose Reparatur f\u00fcr alle neuen Smartphones, wenn es ein Qualit\u00e4tsproblem gibt (schlie\u00dfen Sie keine vom Menschen verursachten Sch\u00e4den ein). Wenn Sie nach einem einstiegs-Smartphone f\u00fcr Ihren Vater, Ihre Mutter, Ihre Kinder, Ihre \u00e4lteren Menschen oder Ihre Freunde suchen, Backview A80 Pro ist definitiv die beste Wahl und das beste Preis-Leistungs-Verh\u00e4ltnis!<\/span><\/li>\n<\/ul>\n<\/div>\n<\/div>\n<div id=\"legalEUAtf_feature_div\" class=\"celwidget\" data-feature-name=\"legalEUAtf\" data-csa-c-id=\"rxkst7-16fcba-gy82wq-1nvczf\" data-cel-widget=\"legalEUAtf_feature_div\"><\/div>\n<div id=\"globalStoreInfoBullets_feature_div\" class=\"celwidget\" data-feature-name=\"globalStoreInfoBullets\" data-csa-c-id=\"r6sfcn-8kggut-dhl1sy-1j0g2h\" data-cel-widget=\"globalStoreInfoBullets_feature_div\"><\/div>\n<div id=\"addOnItem_feature_div\" class=\"celwidget\" data-feature-name=\"addOnItem\" data-csa-c-id=\"3m2aiu-7mdl6q-5byol3-bfdxl0\" data-cel-widget=\"addOnItem_feature_div\"><\/div>\n<div id=\"HLCXComparisonJumplink_feature_div\"><\/div>\n","protected":false},"excerpt":{"rendered":"<p>\ud83d\udcf713MP-Vierfach-Kamera + 8MP Frontkamera &#8211; Der A80 Pro kann vier separate Kameras auf einem Smartphone installieren. Brillante Aufnahmen dank Vierfach-Hauptkamera mit 16 MP-Weitwinkelkamera, 2 MP-Ultra-Weitwinkelobjektiv, und 0.3 MP-Kamera f\u00fcr Bokeh Effekt. 8 MP Selfie-Frontkamera mit Beauty-Modus, um ein gutes Selfie aufzunehmen. \ud83d\udc8e6,49&#8221; Waterdrop-notch &amp; Design mit Style &#8211; Blackview A80 Pro smartphone verwendet 6,49&#8221; 19:9 [&hellip;]<\/p>\n","protected":false},"featured_media":671,"comment_status":"open","ping_status":"closed","template":"","meta":[],"product_cat":[78,103,74,73,280,426,434,432,433,70,64],"product_tag":[79,92,96,283,284,687],"class_list":{"0":"post-670","1":"product","2":"type-product","3":"status-publish","4":"has-post-thumbnail","6":"product_cat-weihnachtsgeschenke","7":"product_cat-studenten","8":"product_cat-bester-freund","9":"product_cat-beste-freundin","10":"product_cat-geburtstagsgeschenke","11":"product_cat-nach-preis","12":"product_cat-ueber-100-euro","13":"product_cat-ueber-35-euro","14":"product_cat-ueber-40-euro","15":"product_cat-geschenke-fuer-jeden-anlass","16":"product_cat-vater","17":"product_tag-geschenk-fuer-freund","18":"product_tag-geschenk-fuer-freundin","19":"product_tag-geschenk-fuer-mann","20":"product_tag-geschenk-oma","21":"product_tag-geschenk-opa","22":"product_tag-handy","24":"first","25":"instock","26":"shipping-taxable","27":"product-type-external"},"_links":{"self":[{"href":"https:\/\/www.blogseite.com\/geschenke\/wp-json\/wp\/v2\/product\/670"}],"collection":[{"href":"https:\/\/www.blogseite.com\/geschenke\/wp-json\/wp\/v2\/product"}],"about":[{"href":"https:\/\/www.blogseite.com\/geschenke\/wp-json\/wp\/v2\/types\/product"}],"replies":[{"embeddable":true,"href":"https:\/\/www.blogseite.com\/geschenke\/wp-json\/wp\/v2\/comments?post=670"}],"wp:featuredmedia":[{"embeddable":true,"href":"https:\/\/www.blogseite.com\/geschenke\/wp-json\/wp\/v2\/media\/671"}],"wp:attachment":[{"href":"https:\/\/www.blogseite.com\/geschenke\/wp-json\/wp\/v2\/media?parent=670"}],"wp:term":[{"taxonomy":"product_cat","embeddable":true,"href":"https:\/\/www.blogseite.com\/geschenke\/wp-json\/wp\/v2\/product_cat?post=670"},{"taxonomy":"product_tag","embeddable":true,"href":"https:\/\/www.blogseite.com\/geschenke\/wp-json\/wp\/v2\/product_tag?post=670"}],"curies":[{"name":"wp","href":"https:\/\/api.w.org\/{rel}","templated":true}]}}