{"id":667,"date":"2020-11-30T19:57:29","date_gmt":"2020-11-30T18:57:29","guid":{"rendered":"https:\/\/geschenke.blogseite.com\/?post_type=product&#038;p=667"},"modified":"2022-04-06T10:19:49","modified_gmt":"2022-04-06T08:19:49","slug":"12-zoll-bildschirm-vergroesserungsglas-faltbarer-bildschirm-aus-massivem-holzmaserung","status":"publish","type":"product","link":"https:\/\/www.blogseite.com\/geschenke\/s\/12-zoll-bildschirm-vergroesserungsglas-faltbarer-bildschirm-aus-massivem-holzmaserung\/","title":{"rendered":"12-Zoll-Bildschirm Vergr\u00f6\u00dferungsglas, Faltbarer Bildschirm aus massivem Holzmaserung"},"content":{"rendered":"<ul class=\"a-unordered-list a-vertical a-spacing-mini\">\n<li><span class=\"a-list-item\">\u3010PERFEKT ZUM Ansehen von Filmen und Lesen\u3011Die Bildschirmanzeige des Telefons wie ein Projektor, der den Bildschirm Ihres Telefons um das 1- bis 2-fache vergr\u00f6\u00dfert. Dadurch werden Unbehagen und visuelle Erm\u00fcdung durch langes Fokussieren auf kleine Bildschirme gelindert.<\/span><\/li>\n<li><span class=\"a-list-item\">\u3010 UNIVERSALKOMPATIBILIT\u00c4T\u3011 Die Lupenoptik f\u00fcr den Telefonbildschirm \u00fcbernimmt die optische HD-Zoom-Technologie, es ist kein Akku erforderlich. Ideal f\u00fcr jedes Smartphone<\/span><\/li>\n<li><span class=\"a-list-item\">\u3010HOHE QUALIT\u00c4T\u3011 Holz 3D-Bildschirm \uff0c Die f\u00fcr dieses Produkt verwendeten Materialien sind umwelt- und geruchsneutral.<\/span><\/li>\n<li><span class=\"a-list-item\">\u3010GROSSES GESCHENK \u3011im -Einfaches und stilvolles Design machen dieses Produkt zu Ihrer besten Wahl von Weihnachtsgeschenken f\u00fcr Ihre Freunde oder Lieben. Ein intelligentes Geschenk f\u00fcr Familie, alter Mann, Freundinnen<\/span><\/li>\n<li><span class=\"a-list-item\">\u3010Achtung\u3011 Die Aufl\u00f6sung wird durch die Lupe reduziert. \uff0c Empfohlen f\u00fcr die Verwendung in Umgebungen mit wenig Licht. Verwenden Sie keine harten Wischkratzer auf dem Objektiv. Wenn Sie das Objektiv nicht verwenden, verwenden Sie ein weiches Tuch, um das Objektiv zu sch\u00fctzen<\/span><\/li>\n<\/ul>\n","protected":false},"excerpt":{"rendered":"<p>\u3010PERFEKT ZUM Ansehen von Filmen und Lesen\u3011Die Bildschirmanzeige des Telefons wie ein Projektor, der den Bildschirm Ihres Telefons um das 1- bis 2-fache vergr\u00f6\u00dfert. Dadurch werden Unbehagen und visuelle Erm\u00fcdung durch langes Fokussieren auf kleine Bildschirme gelindert. \u3010 UNIVERSALKOMPATIBILIT\u00c4T\u3011 Die Lupenoptik f\u00fcr den Telefonbildschirm \u00fcbernimmt die optische HD-Zoom-Technologie, es ist kein Akku erforderlich. Ideal f\u00fcr [&hellip;]<\/p>\n","protected":false},"featured_media":668,"comment_status":"open","ping_status":"closed","template":"","meta":[],"product_cat":[78,58,57,280,426,431],"product_tag":[99,97],"class_list":{"0":"post-667","1":"product","2":"type-product","3":"status-publish","4":"has-post-thumbnail","6":"product_cat-weihnachtsgeschenke","7":"product_cat-opa","8":"product_cat-oma","9":"product_cat-geburtstagsgeschenke","10":"product_cat-nach-preis","11":"product_cat-unter-50-euro","12":"product_tag-geschenk-fuer-oma","13":"product_tag-geschenk-fuer-opa","15":"first","16":"instock","17":"shipping-taxable","18":"product-type-external"},"_links":{"self":[{"href":"https:\/\/www.blogseite.com\/geschenke\/wp-json\/wp\/v2\/product\/667"}],"collection":[{"href":"https:\/\/www.blogseite.com\/geschenke\/wp-json\/wp\/v2\/product"}],"about":[{"href":"https:\/\/www.blogseite.com\/geschenke\/wp-json\/wp\/v2\/types\/product"}],"replies":[{"embeddable":true,"href":"https:\/\/www.blogseite.com\/geschenke\/wp-json\/wp\/v2\/comments?post=667"}],"wp:featuredmedia":[{"embeddable":true,"href":"https:\/\/www.blogseite.com\/geschenke\/wp-json\/wp\/v2\/media\/668"}],"wp:attachment":[{"href":"https:\/\/www.blogseite.com\/geschenke\/wp-json\/wp\/v2\/media?parent=667"}],"wp:term":[{"taxonomy":"product_cat","embeddable":true,"href":"https:\/\/www.blogseite.com\/geschenke\/wp-json\/wp\/v2\/product_cat?post=667"},{"taxonomy":"product_tag","embeddable":true,"href":"https:\/\/www.blogseite.com\/geschenke\/wp-json\/wp\/v2\/product_tag?post=667"}],"curies":[{"name":"wp","href":"https:\/\/api.w.org\/{rel}","templated":true}]}}