{"id":653,"date":"2020-11-29T11:11:09","date_gmt":"2020-11-29T10:11:09","guid":{"rendered":"https:\/\/geschenke.blogseite.com\/?post_type=product&#038;p=653"},"modified":"2022-04-06T10:21:41","modified_gmt":"2022-04-06T08:21:41","slug":"dior-sauvage-eau-de-parfum-fuer-herren-100-ml","status":"publish","type":"product","link":"https:\/\/www.blogseite.com\/geschenke\/s\/dior-sauvage-eau-de-parfum-fuer-herren-100-ml\/","title":{"rendered":"Dior Sauvage Eau de Parfum f\u00fcr Herren, 100 ml"},"content":{"rendered":"<h3>Top Duft f\u00fcr M\u00e4nner und deinen Freund!<\/h3>\n","protected":false},"excerpt":{"rendered":"<p>Top Duft f\u00fcr M\u00e4nner und deinen Freund!<\/p>\n","protected":false},"featured_media":654,"comment_status":"open","ping_status":"closed","template":"","meta":[],"product_cat":[78,103,74,110,108,280,426,432,433,70],"product_tag":[82,79,109,383],"class_list":{"0":"post-653","1":"product","2":"type-product","3":"status-publish","4":"has-post-thumbnail","6":"product_cat-weihnachtsgeschenke","7":"product_cat-studenten","8":"product_cat-bester-freund","9":"product_cat-freund","10":"product_cat-maenner","11":"product_cat-geburtstagsgeschenke","12":"product_cat-nach-preis","13":"product_cat-ueber-35-euro","14":"product_cat-ueber-40-euro","15":"product_cat-geschenke-fuer-jeden-anlass","16":"product_tag-geburtstagsgeschenk","17":"product_tag-geschenk-fuer-freund","18":"product_tag-geschenk-fuer-maenner","19":"product_tag-maenner-parfum","21":"first","22":"instock","23":"shipping-taxable","24":"product-type-external"},"_links":{"self":[{"href":"https:\/\/www.blogseite.com\/geschenke\/wp-json\/wp\/v2\/product\/653"}],"collection":[{"href":"https:\/\/www.blogseite.com\/geschenke\/wp-json\/wp\/v2\/product"}],"about":[{"href":"https:\/\/www.blogseite.com\/geschenke\/wp-json\/wp\/v2\/types\/product"}],"replies":[{"embeddable":true,"href":"https:\/\/www.blogseite.com\/geschenke\/wp-json\/wp\/v2\/comments?post=653"}],"wp:featuredmedia":[{"embeddable":true,"href":"https:\/\/www.blogseite.com\/geschenke\/wp-json\/wp\/v2\/media\/654"}],"wp:attachment":[{"href":"https:\/\/www.blogseite.com\/geschenke\/wp-json\/wp\/v2\/media?parent=653"}],"wp:term":[{"taxonomy":"product_cat","embeddable":true,"href":"https:\/\/www.blogseite.com\/geschenke\/wp-json\/wp\/v2\/product_cat?post=653"},{"taxonomy":"product_tag","embeddable":true,"href":"https:\/\/www.blogseite.com\/geschenke\/wp-json\/wp\/v2\/product_tag?post=653"}],"curies":[{"name":"wp","href":"https:\/\/api.w.org\/{rel}","templated":true}]}}