{"id":5846,"date":"2022-06-15T10:25:46","date_gmt":"2022-06-15T08:25:46","guid":{"rendered":"https:\/\/www.blogseite.com\/geschenke\/?post_type=product&#038;p=5846"},"modified":"2022-06-15T10:27:43","modified_gmt":"2022-06-15T08:27:43","slug":"rennkompressor-standpumpe-fahrradpumpe-%f0%9f%98%83","status":"publish","type":"product","link":"https:\/\/www.blogseite.com\/geschenke\/s\/rennkompressor-standpumpe-fahrradpumpe-%f0%9f%98%83\/","title":{"rendered":"RENNKOMPRESSOR Standpumpe, Fahrradpumpe \ud83d\ude03"},"content":{"rendered":"<ul class=\"a-unordered-list a-vertical a-spacing-mini\">\n<li><span class=\"a-list-item\">Der beliebte RENNKOMPRESSOR ist ein absoluter All-Rounder: Dank ihrer Anpassungsf\u00e4higkeit an jedes Fahrradventil ist diese Luftpumpe das optimale Zubeh\u00f6r beim Aufpumpen verschiedenster Fahrradreifen.<\/span><\/li>\n<li><span class=\"a-list-item\">Hochwertige Materialien: Das massive Metallrohr, der Gusseisenfu\u00df, das Pr\u00e4zisionsmanometer sowie der schwarze Holzgriff der Fahrradluftpumpe zeugen von bester Qualit\u00e4t.<\/span><\/li>\n<li><span class=\"a-list-item\">Optimal f\u00fcr unterwegs: Die Luftpumpe f\u00fcr Fahrr\u00e4der, welche bis zu 16 bar\/230 PSI pumpt, kommt mit einklappbaren F\u00fc\u00dfen, welche den Transport erleichtern.<\/span><\/li>\n<li><span class=\"a-list-item\">Made in Germany: Der RENNKOMPRESSOR sowie nahezu alle Produkte von SKS GERMANY werden in Deutschland hergestellt und bieten einen \u00fcberzeugenden Qualit\u00e4tsnachweis.<\/span><\/li>\n<li><span class=\"a-list-item\">Lieferumfang: SKS GERMANY RENNKOMPRESSOR Standpumpe, Fahrradpumpe (Luftpumpe mit MULTI VALVE-Schlauchanschluss, Fahrradzubeh\u00f6r mit Pr\u00e4zisionsmanometer, Druck max.: 16 bar, 230 PSI), Orange<\/span><\/li>\n<\/ul>\n","protected":false},"excerpt":{"rendered":"<p><span class=\"a-list-item\">Der beliebte RENNKOMPRESSOR ist ein absoluter All-Rounder: Dank ihrer Anpassungsf\u00e4higkeit an jedes Fahrradventil ist diese Luftpumpe das optimale Zubeh\u00f6r beim Aufpumpen verschiedenster Fahrradreifen. <\/span><span class=\"a-list-item\">Hochwertige Materialien: Das massive Metallrohr, der Gusseisenfu\u00df, das Pr\u00e4zisionsmanometer sowie der schwarze Holzgriff der Fahrradluftpumpe zeugen von bester Qualit\u00e4t.<\/span><\/p>\n","protected":false},"featured_media":5847,"comment_status":"open","ping_status":"closed","template":"","meta":[],"product_cat":[746,103,74,110,54,116,63,108,426,431,293,301,292,300,302,70,299,295,294,291,298,64],"product_tag":[579],"class_list":{"0":"post-5846","1":"product","2":"type-product","3":"status-publish","4":"has-post-thumbnail","6":"product_cat--fit-fuer-den-fruehling","7":"product_cat-studenten","8":"product_cat-bester-freund","9":"product_cat-freund","10":"product_cat-vatertag","11":"product_cat-frauen","12":"product_cat-mutter","13":"product_cat-maenner","14":"product_cat-nach-preis","15":"product_cat-unter-50-euro","16":"product_cat-geschenk-fuer-bruder","17":"product_cat-eltern","18":"product_cat-sohn","19":"product_cat--kollege","20":"product_cat--jungen","21":"product_cat-geschenke-fuer-jeden-anlass","22":"product_cat--chef","23":"product_cat--tochter","24":"product_cat--schwester","25":"product_cat-nerds","26":"product_cat--ehefrau","27":"product_cat-vater","28":"product_tag-luftpumpe","30":"first","31":"instock","32":"shipping-taxable","33":"product-type-external"},"_links":{"self":[{"href":"https:\/\/www.blogseite.com\/geschenke\/wp-json\/wp\/v2\/product\/5846"}],"collection":[{"href":"https:\/\/www.blogseite.com\/geschenke\/wp-json\/wp\/v2\/product"}],"about":[{"href":"https:\/\/www.blogseite.com\/geschenke\/wp-json\/wp\/v2\/types\/product"}],"replies":[{"embeddable":true,"href":"https:\/\/www.blogseite.com\/geschenke\/wp-json\/wp\/v2\/comments?post=5846"}],"wp:featuredmedia":[{"embeddable":true,"href":"https:\/\/www.blogseite.com\/geschenke\/wp-json\/wp\/v2\/media\/5847"}],"wp:attachment":[{"href":"https:\/\/www.blogseite.com\/geschenke\/wp-json\/wp\/v2\/media?parent=5846"}],"wp:term":[{"taxonomy":"product_cat","embeddable":true,"href":"https:\/\/www.blogseite.com\/geschenke\/wp-json\/wp\/v2\/product_cat?post=5846"},{"taxonomy":"product_tag","embeddable":true,"href":"https:\/\/www.blogseite.com\/geschenke\/wp-json\/wp\/v2\/product_tag?post=5846"}],"curies":[{"name":"wp","href":"https:\/\/api.w.org\/{rel}","templated":true}]}}