{"id":5819,"date":"2022-06-14T19:27:46","date_gmt":"2022-06-14T17:27:46","guid":{"rendered":"https:\/\/www.blogseite.com\/geschenke\/?post_type=product&#038;p=5819"},"modified":"2022-06-14T19:33:48","modified_gmt":"2022-06-14T17:33:48","slug":"nivea-men-cool-kick-fresh-deo-spray-150-ml","status":"publish","type":"product","link":"https:\/\/www.blogseite.com\/geschenke\/s\/nivea-men-cool-kick-fresh-deo-spray-150-ml\/","title":{"rendered":"NIVEA MEN Cool Kick Fresh Deo Spray (150 ml)"},"content":{"rendered":"<ul class=\"a-unordered-list a-vertical a-spacing-mini\">\n<li><span class=\"a-list-item\">Cool Kick Fresh \u2013 Das NIVEA MEN Deo Spray sch\u00fctzt 48 Stunden zuverl\u00e4ssig vor Achseln\u00e4sse und unangenehmem K\u00f6rpergeruch \u2013 ganz ohne Alkohol*.<\/span><\/li>\n<li><span class=\"a-list-item\">Mit Kaktuswasser \u2013 Die leichte Formel mit Kaktuswasser sorgt f\u00fcr einen einzigartigen, sofortigen Frische-Kick \u2013 wie eine frische Dusche an einem hei\u00dfen Tag.<\/span><\/li>\n<li><span class=\"a-list-item\">3-Fach Schutz \u2013 Dank effektivem 3-Fach Schutz kombiniert das NIVEA MEN Deo langanhaltende Frische, 48h Deo-Schutz und intensive Pflege.<\/span><\/li>\n<li><span class=\"a-list-item\">Einfache Anwendung \u2013 Das M\u00e4nner Deo aus 15 cm Entfernung unter die Achsel spr\u00fchen und trocknen lassen. Die Hautvertr\u00e4glichkeit ist dermatologisch best\u00e4tigt.<\/span><\/li>\n<li><span class=\"a-list-item\">Lieferumfang &amp; Details \u2013 NIVEA MEN Cool Kick Fresh Anti-Transpirant Spray (150 ml), mit sofortigem Frische-Kick und zuverl\u00e4ssigem 3-Fach Schutz, Artikelnummer 83215<\/span><\/li>\n<\/ul>\n","protected":false},"excerpt":{"rendered":"<p><span class=\"a-list-item\">Cool Kick Fresh \u2013 Das NIVEA MEN Deo Spray sch\u00fctzt 48 Stunden zuverl\u00e4ssig vor Achseln\u00e4sse und unangenehmem K\u00f6rpergeruch \u2013 ganz ohne Alkohol*. <\/span><span class=\"a-list-item\">Mit Kaktuswasser \u2013 Die leichte Formel mit Kaktuswasser sorgt f\u00fcr einen einzigartigen, sofortigen Frische-Kick \u2013 wie eine frische Dusche an einem hei\u00dfen Tag. <\/span><span class=\"a-list-item\">3-Fach Schutz \u2013 Dank effektivem 3-Fach Schutz kombiniert das NIVEA MEN Deo langanhaltende Frische, 48h Deo-Schutz und intensive Pflege.<\/span><\/p>\n","protected":false},"featured_media":5820,"comment_status":"open","ping_status":"closed","template":"","meta":[],"product_cat":[74,108,426,431],"product_tag":[79,109,468],"class_list":{"0":"post-5819","1":"product","2":"type-product","3":"status-publish","4":"has-post-thumbnail","6":"product_cat-bester-freund","7":"product_cat-maenner","8":"product_cat-nach-preis","9":"product_cat-unter-50-euro","10":"product_tag-geschenk-fuer-freund","11":"product_tag-geschenk-fuer-maenner","12":"product_tag-maenner-deo","14":"first","15":"instock","16":"shipping-taxable","17":"product-type-external"},"_links":{"self":[{"href":"https:\/\/www.blogseite.com\/geschenke\/wp-json\/wp\/v2\/product\/5819"}],"collection":[{"href":"https:\/\/www.blogseite.com\/geschenke\/wp-json\/wp\/v2\/product"}],"about":[{"href":"https:\/\/www.blogseite.com\/geschenke\/wp-json\/wp\/v2\/types\/product"}],"replies":[{"embeddable":true,"href":"https:\/\/www.blogseite.com\/geschenke\/wp-json\/wp\/v2\/comments?post=5819"}],"wp:featuredmedia":[{"embeddable":true,"href":"https:\/\/www.blogseite.com\/geschenke\/wp-json\/wp\/v2\/media\/5820"}],"wp:attachment":[{"href":"https:\/\/www.blogseite.com\/geschenke\/wp-json\/wp\/v2\/media?parent=5819"}],"wp:term":[{"taxonomy":"product_cat","embeddable":true,"href":"https:\/\/www.blogseite.com\/geschenke\/wp-json\/wp\/v2\/product_cat?post=5819"},{"taxonomy":"product_tag","embeddable":true,"href":"https:\/\/www.blogseite.com\/geschenke\/wp-json\/wp\/v2\/product_tag?post=5819"}],"curies":[{"name":"wp","href":"https:\/\/api.w.org\/{rel}","templated":true}]}}