{"id":5812,"date":"2022-06-14T19:14:08","date_gmt":"2022-06-14T17:14:08","guid":{"rendered":"https:\/\/www.blogseite.com\/geschenke\/?post_type=product&#038;p=5812"},"modified":"2022-06-14T19:17:44","modified_gmt":"2022-06-14T17:17:44","slug":"bruno-banani-made-for-men-deodorant-spray","status":"publish","type":"product","link":"https:\/\/www.blogseite.com\/geschenke\/s\/bruno-banani-made-for-men-deodorant-spray\/","title":{"rendered":"Bruno Banani Made for Men Deodorant Spray"},"content":{"rendered":"<ul class=\"a-unordered-list a-vertical a-spacing-mini\">\n<li><span class=\"a-list-item\">Berauschend-intensiv, m\u00e4nnlich, f\u00fcr echte Kerle &#8211; ein Duft der Frauen dahinschmelzen l\u00e4sst<\/span><\/li>\n<li><span class=\"a-list-item\">Aromatisch<\/span><\/li>\n<li><span class=\"a-list-item\">Bergamotte, gr\u00fcner Apfel, Tonkabohne<\/span><\/li>\n<li><span class=\"a-list-item\">Packung die Gr\u00f6\u00dfe: 15.6 L x 5.0 H x 4.6 W (cm)<\/span><\/li>\n<\/ul>\n","protected":false},"excerpt":{"rendered":"<p><span class=\"a-list-item\">Berauschend-intensiv, m\u00e4nnlich, f\u00fcr echte Kerle &#8211; ein Duft der Frauen dahinschmelzen l\u00e4sst. <\/span><span class=\"a-list-item\">Aromatisch. <\/span><span class=\"a-list-item\">Bergamotte, gr\u00fcner Apfel, Tonkabohne. <\/span><span class=\"a-list-item\">Packung die Gr\u00f6\u00dfe: 15.6 L x 5.0 H x 4.6 W (cm)<\/span><\/p>\n","protected":false},"featured_media":5813,"comment_status":"open","ping_status":"closed","template":"","meta":[],"product_cat":[74,108,426,431],"product_tag":[79,109,468],"class_list":{"0":"post-5812","1":"product","2":"type-product","3":"status-publish","4":"has-post-thumbnail","6":"product_cat-bester-freund","7":"product_cat-maenner","8":"product_cat-nach-preis","9":"product_cat-unter-50-euro","10":"product_tag-geschenk-fuer-freund","11":"product_tag-geschenk-fuer-maenner","12":"product_tag-maenner-deo","14":"first","15":"instock","16":"shipping-taxable","17":"product-type-external"},"_links":{"self":[{"href":"https:\/\/www.blogseite.com\/geschenke\/wp-json\/wp\/v2\/product\/5812"}],"collection":[{"href":"https:\/\/www.blogseite.com\/geschenke\/wp-json\/wp\/v2\/product"}],"about":[{"href":"https:\/\/www.blogseite.com\/geschenke\/wp-json\/wp\/v2\/types\/product"}],"replies":[{"embeddable":true,"href":"https:\/\/www.blogseite.com\/geschenke\/wp-json\/wp\/v2\/comments?post=5812"}],"wp:featuredmedia":[{"embeddable":true,"href":"https:\/\/www.blogseite.com\/geschenke\/wp-json\/wp\/v2\/media\/5813"}],"wp:attachment":[{"href":"https:\/\/www.blogseite.com\/geschenke\/wp-json\/wp\/v2\/media?parent=5812"}],"wp:term":[{"taxonomy":"product_cat","embeddable":true,"href":"https:\/\/www.blogseite.com\/geschenke\/wp-json\/wp\/v2\/product_cat?post=5812"},{"taxonomy":"product_tag","embeddable":true,"href":"https:\/\/www.blogseite.com\/geschenke\/wp-json\/wp\/v2\/product_tag?post=5812"}],"curies":[{"name":"wp","href":"https:\/\/api.w.org\/{rel}","templated":true}]}}